{"id":11675,"date":"2015-12-28T09:54:55","date_gmt":"2015-12-28T14:54:55","guid":{"rendered":"http:\/\/refugeeresearch.net\/rrndev\/?page_id=11675"},"modified":"2020-07-08T17:21:47","modified_gmt":"2020-07-08T21:21:47","slug":"home","status":"publish","type":"page","link":"https:\/\/refugeeresearch.net\/es\/","title":{"rendered":"Home"},"content":{"rendered":"<p><\/p>\n<p>&nbsp;<\/p>\n<h3>Sobre la red<\/h3>\n<p>La Red de Investigaci\u00f3n sobre Refugiados (RRN) ha sido creada para movilizar y mantener una red canadiense e internacional de investigadores y centros de investigaci\u00f3n comprometidos con el estudio de los refugiados y las tem\u00e1ticas sobre migraci\u00f3n forzada y tambi\u00e9n para vincular la participaci\u00f3n tanto de los encargados de formular pol\u00edticas como de los practicantes en la b\u00fasqueda de soluciones a la dif\u00edcil situaci\u00f3n de los refugiados y las personas desplazadas.<\/p>\n<hr \/>\n<p><\/p>\n<p>&nbsp;<\/p>","protected":false},"excerpt":{"rendered":"<p>&nbsp; Sobre la red La Red de Investigaci\u00f3n sobre Refugiados (RRN) ha sido creada para movilizar y mantener una red canadiense e internacional de investigadores y centros de investigaci\u00f3n comprometidos con el estudio de los refugiados y las tem\u00e1ticas sobre migraci\u00f3n forzada y tambi\u00e9n para vincular la participaci\u00f3n tanto de los encargados de formular pol\u00edticas &hellip; <a href=\"https:\/\/refugeeresearch.net\/es\/\" class=\"more-link\">Seguir leyendo <span class=\"screen-reader-text\">Home<\/span> <span class=\"meta-nav\">&rarr;<\/span><\/a><\/p>\n","protected":false},"author":46,"featured_media":0,"parent":0,"menu_order":0,"comment_status":"closed","ping_status":"closed","template":"fullpage.php","meta":{"_exactmetrics_skip_tracking":false,"_exactmetrics_sitenote_active":false,"_exactmetrics_sitenote_note":"","_exactmetrics_sitenote_category":0,"ngg_post_thumbnail":0,"footnotes":""},"class_list":["post-11675","page","type-page","status-publish","hentry"],"yoast_head":"<!-- This site is optimized with the Yoast SEO plugin v24.7 - https:\/\/yoast.com\/wordpress\/plugins\/seo\/ -->\n<title>Home - (English) Refugee Research Network<\/title>\n<meta name=\"robots\" content=\"index, follow, max-snippet:-1, max-image-preview:large, max-video-preview:-1\" \/>\n<link rel=\"canonical\" href=\"https:\/\/refugeeresearch.net\/\" \/>\n<meta property=\"og:locale\" content=\"es_ES\" \/>\n<meta property=\"og:type\" content=\"article\" \/>\n<meta property=\"og:title\" content=\"Home - (English) Refugee Research Network\" \/>\n<meta property=\"og:description\" content=\"&nbsp; Sobre la red La Red de Investigaci\u00f3n sobre Refugiados (RRN) ha sido creada para movilizar y mantener una red canadiense e internacional de investigadores y centros de investigaci\u00f3n comprometidos con el estudio de los refugiados y las tem\u00e1ticas sobre migraci\u00f3n forzada y tambi\u00e9n para vincular la participaci\u00f3n tanto de los encargados de formular pol\u00edticas &hellip; Seguir leyendo Home &rarr;\" \/>\n<meta property=\"og:url\" content=\"https:\/\/refugeeresearch.net\/\" \/>\n<meta property=\"og:site_name\" content=\"(English) Refugee Research Network\" \/>\n<meta property=\"article:publisher\" content=\"https:\/\/www.facebook.com\/groups\/30614536012\" \/>\n<meta property=\"article:modified_time\" content=\"2020-07-08T21:21:47+00:00\" \/>\n<meta name=\"twitter:card\" content=\"summary_large_image\" \/>\n<meta name=\"twitter:site\" content=\"@refugeeresearch\" \/>\n<meta name=\"twitter:label1\" content=\"Tiempo de lectura\" \/>\n\t<meta name=\"twitter:data1\" content=\"2 minutos\" \/>\n<script type=\"application\/ld+json\" class=\"yoast-schema-graph\">{\"@context\":\"https:\/\/schema.org\",\"@graph\":[{\"@type\":\"WebPage\",\"@id\":\"https:\/\/refugeeresearch.net\/\",\"url\":\"https:\/\/refugeeresearch.net\/\",\"name\":\"Home - (English) Refugee Research Network\",\"isPartOf\":{\"@id\":\"https:\/\/refugeeresearch.net\/#website\"},\"datePublished\":\"2015-12-28T14:54:55+00:00\",\"dateModified\":\"2020-07-08T21:21:47+00:00\",\"breadcrumb\":{\"@id\":\"https:\/\/refugeeresearch.net\/#breadcrumb\"},\"inLanguage\":\"es\",\"potentialAction\":[{\"@type\":\"ReadAction\",\"target\":[\"https:\/\/refugeeresearch.net\/\"]}]},{\"@type\":\"BreadcrumbList\",\"@id\":\"https:\/\/refugeeresearch.net\/#breadcrumb\",\"itemListElement\":[{\"@type\":\"ListItem\",\"position\":1,\"name\":\"Home\",\"item\":\"https:\/\/refugeeresearch.net\/\"},{\"@type\":\"ListItem\",\"position\":2,\"name\":\"Home\"}]},{\"@type\":\"WebSite\",\"@id\":\"https:\/\/refugeeresearch.net\/#website\",\"url\":\"https:\/\/refugeeresearch.net\/\",\"name\":\"(English) Refugee Research Network\",\"description\":\"\",\"potentialAction\":[{\"@type\":\"SearchAction\",\"target\":{\"@type\":\"EntryPoint\",\"urlTemplate\":\"https:\/\/refugeeresearch.net\/?s={search_term_string}\"},\"query-input\":{\"@type\":\"PropertyValueSpecification\",\"valueRequired\":true,\"valueName\":\"search_term_string\"}}],\"inLanguage\":\"es\"}]}<\/script>\n<!-- \/ Yoast SEO plugin. -->","yoast_head_json":{"title":"Home - (English) Refugee Research Network","robots":{"index":"index","follow":"follow","max-snippet":"max-snippet:-1","max-image-preview":"max-image-preview:large","max-video-preview":"max-video-preview:-1"},"canonical":"https:\/\/refugeeresearch.net\/","og_locale":"es_ES","og_type":"article","og_title":"Home - (English) Refugee Research Network","og_description":"&nbsp; Sobre la red La Red de Investigaci\u00f3n sobre Refugiados (RRN) ha sido creada para movilizar y mantener una red canadiense e internacional de investigadores y centros de investigaci\u00f3n comprometidos con el estudio de los refugiados y las tem\u00e1ticas sobre migraci\u00f3n forzada y tambi\u00e9n para vincular la participaci\u00f3n tanto de los encargados de formular pol\u00edticas &hellip; Seguir leyendo Home &rarr;","og_url":"https:\/\/refugeeresearch.net\/","og_site_name":"(English) Refugee Research Network","article_publisher":"https:\/\/www.facebook.com\/groups\/30614536012","article_modified_time":"2020-07-08T21:21:47+00:00","twitter_card":"summary_large_image","twitter_site":"@refugeeresearch","twitter_misc":{"Tiempo de lectura":"2 minutos"},"schema":{"@context":"https:\/\/schema.org","@graph":[{"@type":"WebPage","@id":"https:\/\/refugeeresearch.net\/","url":"https:\/\/refugeeresearch.net\/","name":"Home - (English) Refugee Research Network","isPartOf":{"@id":"https:\/\/refugeeresearch.net\/#website"},"datePublished":"2015-12-28T14:54:55+00:00","dateModified":"2020-07-08T21:21:47+00:00","breadcrumb":{"@id":"https:\/\/refugeeresearch.net\/#breadcrumb"},"inLanguage":"es","potentialAction":[{"@type":"ReadAction","target":["https:\/\/refugeeresearch.net\/"]}]},{"@type":"BreadcrumbList","@id":"https:\/\/refugeeresearch.net\/#breadcrumb","itemListElement":[{"@type":"ListItem","position":1,"name":"Home","item":"https:\/\/refugeeresearch.net\/"},{"@type":"ListItem","position":2,"name":"Home"}]},{"@type":"WebSite","@id":"https:\/\/refugeeresearch.net\/#website","url":"https:\/\/refugeeresearch.net\/","name":"(English) Refugee Research Network","description":"","potentialAction":[{"@type":"SearchAction","target":{"@type":"EntryPoint","urlTemplate":"https:\/\/refugeeresearch.net\/?s={search_term_string}"},"query-input":{"@type":"PropertyValueSpecification","valueRequired":true,"valueName":"search_term_string"}}],"inLanguage":"es"}]}},"_links":{"self":[{"href":"https:\/\/refugeeresearch.net\/es\/wp-json\/wp\/v2\/pages\/11675","targetHints":{"allow":["GET"]}}],"collection":[{"href":"https:\/\/refugeeresearch.net\/es\/wp-json\/wp\/v2\/pages"}],"about":[{"href":"https:\/\/refugeeresearch.net\/es\/wp-json\/wp\/v2\/types\/page"}],"author":[{"embeddable":true,"href":"https:\/\/refugeeresearch.net\/es\/wp-json\/wp\/v2\/users\/46"}],"replies":[{"embeddable":true,"href":"https:\/\/refugeeresearch.net\/es\/wp-json\/wp\/v2\/comments?post=11675"}],"version-history":[{"count":0,"href":"https:\/\/refugeeresearch.net\/es\/wp-json\/wp\/v2\/pages\/11675\/revisions"}],"wp:attachment":[{"href":"https:\/\/refugeeresearch.net\/es\/wp-json\/wp\/v2\/media?parent=11675"}],"curies":[{"name":"wp","href":"https:\/\/api.w.org\/{rel}","templated":true}]}}