{"id":132,"date":"2015-01-01T13:44:58","date_gmt":"2015-01-01T18:44:58","guid":{"rendered":"http:\/\/rrnwp.apps01.yorku.ca\/?page_id=132"},"modified":"2015-01-01T13:46:20","modified_gmt":"2015-01-01T18:46:20","slug":"contact-us","status":"publish","type":"page","link":"https:\/\/refugeeresearch.net\/es\/contact-us\/","title":{"rendered":"Cont\u00e1ctenos"},"content":{"rendered":"<p><\/p>\n<p><strong>Cont\u00e1ctenos<\/strong><\/p>\n<p>Para obtener m\u00e1s informaci\u00f3n, contacte a:<\/p>\n<p>Susan McGrath<\/p>\n<p>Refugee Research Network &#8211; Red de Investigaci\u00f3n sobre Refugiados &#8211; Investigador Principal<\/p>\n<p>8th Floor, Kaneff Tower\u00a0 calle Keele 4700 Toronto, ON M3J 1P3<\/p>\n<p>Tel.: +1 416-736-2100 ext. 66662<\/p>\n<p>smcgrath@yorku.ca<\/p>\n<p>Michele Millard<\/p>\n<p>Refugee Research Network Project Coordinator &#8211; Red de Investigaci\u00f3n sobre Refugiados Coordinador del Proyecto 8th Floor, Kaneff Tower\u00a0 calle Keele 4700 Toronto, ON M3J 1P3<\/p>\n<p>Tel.: +1 416-736-2100 ext. 30391<\/p>\n<p>mmillard@yorku.ca<\/p>\n<p>&nbsp;<\/p>\n<p>\u00bfTiene alguna pregunta o est\u00e1 experimentando problemas t\u00e9cnicos en el sitio?<\/p>\n<p>&nbsp;<\/p>\n<p>Contacte a Evan Leibovitch Open Source Architect RRN <a href=\"mailto:evanl@yorku.ca\">evanl@yorku.ca<\/a><\/p>\n<p><\/p>","protected":false},"excerpt":{"rendered":"<p>Cont\u00e1ctenos Para obtener m\u00e1s informaci\u00f3n, contacte a: Susan McGrath Refugee Research Network &#8211; Red de Investigaci\u00f3n sobre Refugiados &#8211; Investigador Principal 8th Floor, Kaneff Tower\u00a0 calle Keele 4700 Toronto, ON M3J 1P3 Tel.: +1 416-736-2100 ext. 66662 smcgrath@yorku.ca Michele Millard Refugee Research Network Project Coordinator &#8211; Red de Investigaci\u00f3n sobre Refugiados Coordinador del Proyecto 8th &hellip; <a href=\"https:\/\/refugeeresearch.net\/es\/contact-us\/\" class=\"more-link\">Seguir leyendo <span class=\"screen-reader-text\">Cont\u00e1ctenos<\/span> <span class=\"meta-nav\">&rarr;<\/span><\/a><\/p>\n","protected":false},"author":46,"featured_media":0,"parent":0,"menu_order":0,"comment_status":"closed","ping_status":"open","template":"","meta":{"_exactmetrics_skip_tracking":false,"_exactmetrics_sitenote_active":false,"_exactmetrics_sitenote_note":"","_exactmetrics_sitenote_category":0,"ngg_post_thumbnail":0,"footnotes":""},"class_list":["post-132","page","type-page","status-publish","hentry"],"yoast_head":"<!-- This site is optimized with the Yoast SEO plugin v24.7 - https:\/\/yoast.com\/wordpress\/plugins\/seo\/ -->\n<title>Contact UsCont\u00e1ctenos\u0627\u062a\u0635\u0644 \u0628\u0646\u0627Wasiliana Nasi - (English) Refugee Research Network<\/title>\n<meta name=\"robots\" content=\"index, follow, max-snippet:-1, max-image-preview:large, max-video-preview:-1\" \/>\n<link rel=\"canonical\" href=\"https:\/\/refugeeresearch.net\/contact-us\/\" \/>\n<meta property=\"og:locale\" content=\"es_ES\" \/>\n<meta property=\"og:type\" content=\"article\" \/>\n<meta property=\"og:title\" content=\"Contact UsCont\u00e1ctenos\u0627\u062a\u0635\u0644 \u0628\u0646\u0627Wasiliana Nasi - (English) Refugee Research Network\" \/>\n<meta property=\"og:description\" content=\"Cont\u00e1ctenos Para obtener m\u00e1s informaci\u00f3n, contacte a: Susan McGrath Refugee Research Network &#8211; Red de Investigaci\u00f3n sobre Refugiados &#8211; Investigador Principal 8th Floor, Kaneff Tower\u00a0 calle Keele 4700 Toronto, ON M3J 1P3 Tel.: +1 416-736-2100 ext. 66662 smcgrath@yorku.ca Michele Millard Refugee Research Network Project Coordinator &#8211; Red de Investigaci\u00f3n sobre Refugiados Coordinador del Proyecto 8th &hellip; Seguir leyendo Cont\u00e1ctenos &rarr;\" \/>\n<meta property=\"og:url\" content=\"https:\/\/refugeeresearch.net\/contact-us\/\" \/>\n<meta property=\"og:site_name\" content=\"(English) Refugee Research Network\" \/>\n<meta property=\"article:publisher\" content=\"https:\/\/www.facebook.com\/groups\/30614536012\" \/>\n<meta property=\"article:modified_time\" content=\"2015-01-01T18:46:20+00:00\" \/>\n<meta name=\"twitter:card\" content=\"summary_large_image\" \/>\n<meta name=\"twitter:site\" content=\"@refugeeresearch\" \/>\n<meta name=\"twitter:label1\" content=\"Tiempo de lectura\" \/>\n\t<meta name=\"twitter:data1\" content=\"1 minuto\" \/>\n<script type=\"application\/ld+json\" class=\"yoast-schema-graph\">{\"@context\":\"https:\/\/schema.org\",\"@graph\":[{\"@type\":\"WebPage\",\"@id\":\"https:\/\/refugeeresearch.net\/contact-us\/\",\"url\":\"https:\/\/refugeeresearch.net\/contact-us\/\",\"name\":\"Contact UsCont\u00e1ctenos\u0627\u062a\u0635\u0644 \u0628\u0646\u0627Wasiliana Nasi - (English) Refugee Research Network\",\"isPartOf\":{\"@id\":\"https:\/\/refugeeresearch.net\/#website\"},\"datePublished\":\"2015-01-01T18:44:58+00:00\",\"dateModified\":\"2015-01-01T18:46:20+00:00\",\"breadcrumb\":{\"@id\":\"https:\/\/refugeeresearch.net\/contact-us\/#breadcrumb\"},\"inLanguage\":\"es\",\"potentialAction\":[{\"@type\":\"ReadAction\",\"target\":[\"https:\/\/refugeeresearch.net\/contact-us\/\"]}]},{\"@type\":\"BreadcrumbList\",\"@id\":\"https:\/\/refugeeresearch.net\/contact-us\/#breadcrumb\",\"itemListElement\":[{\"@type\":\"ListItem\",\"position\":1,\"name\":\"Home\",\"item\":\"https:\/\/refugeeresearch.net\/\"},{\"@type\":\"ListItem\",\"position\":2,\"name\":\"Contact Us\"}]},{\"@type\":\"WebSite\",\"@id\":\"https:\/\/refugeeresearch.net\/#website\",\"url\":\"https:\/\/refugeeresearch.net\/\",\"name\":\"(English) Refugee Research Network\",\"description\":\"\",\"potentialAction\":[{\"@type\":\"SearchAction\",\"target\":{\"@type\":\"EntryPoint\",\"urlTemplate\":\"https:\/\/refugeeresearch.net\/?s={search_term_string}\"},\"query-input\":{\"@type\":\"PropertyValueSpecification\",\"valueRequired\":true,\"valueName\":\"search_term_string\"}}],\"inLanguage\":\"es\"}]}<\/script>\n<!-- \/ Yoast SEO plugin. -->","yoast_head_json":{"title":"Contact UsCont\u00e1ctenos\u0627\u062a\u0635\u0644 \u0628\u0646\u0627Wasiliana Nasi - (English) Refugee Research Network","robots":{"index":"index","follow":"follow","max-snippet":"max-snippet:-1","max-image-preview":"max-image-preview:large","max-video-preview":"max-video-preview:-1"},"canonical":"https:\/\/refugeeresearch.net\/contact-us\/","og_locale":"es_ES","og_type":"article","og_title":"Contact UsCont\u00e1ctenos\u0627\u062a\u0635\u0644 \u0628\u0646\u0627Wasiliana Nasi - (English) Refugee Research Network","og_description":"Cont\u00e1ctenos Para obtener m\u00e1s informaci\u00f3n, contacte a: Susan McGrath Refugee Research Network &#8211; Red de Investigaci\u00f3n sobre Refugiados &#8211; Investigador Principal 8th Floor, Kaneff Tower\u00a0 calle Keele 4700 Toronto, ON M3J 1P3 Tel.: +1 416-736-2100 ext. 66662 smcgrath@yorku.ca Michele Millard Refugee Research Network Project Coordinator &#8211; Red de Investigaci\u00f3n sobre Refugiados Coordinador del Proyecto 8th &hellip; Seguir leyendo Cont\u00e1ctenos &rarr;","og_url":"https:\/\/refugeeresearch.net\/contact-us\/","og_site_name":"(English) Refugee Research Network","article_publisher":"https:\/\/www.facebook.com\/groups\/30614536012","article_modified_time":"2015-01-01T18:46:20+00:00","twitter_card":"summary_large_image","twitter_site":"@refugeeresearch","twitter_misc":{"Tiempo de lectura":"1 minuto"},"schema":{"@context":"https:\/\/schema.org","@graph":[{"@type":"WebPage","@id":"https:\/\/refugeeresearch.net\/contact-us\/","url":"https:\/\/refugeeresearch.net\/contact-us\/","name":"Contact UsCont\u00e1ctenos\u0627\u062a\u0635\u0644 \u0628\u0646\u0627Wasiliana Nasi - (English) Refugee Research Network","isPartOf":{"@id":"https:\/\/refugeeresearch.net\/#website"},"datePublished":"2015-01-01T18:44:58+00:00","dateModified":"2015-01-01T18:46:20+00:00","breadcrumb":{"@id":"https:\/\/refugeeresearch.net\/contact-us\/#breadcrumb"},"inLanguage":"es","potentialAction":[{"@type":"ReadAction","target":["https:\/\/refugeeresearch.net\/contact-us\/"]}]},{"@type":"BreadcrumbList","@id":"https:\/\/refugeeresearch.net\/contact-us\/#breadcrumb","itemListElement":[{"@type":"ListItem","position":1,"name":"Home","item":"https:\/\/refugeeresearch.net\/"},{"@type":"ListItem","position":2,"name":"Contact Us"}]},{"@type":"WebSite","@id":"https:\/\/refugeeresearch.net\/#website","url":"https:\/\/refugeeresearch.net\/","name":"(English) Refugee Research Network","description":"","potentialAction":[{"@type":"SearchAction","target":{"@type":"EntryPoint","urlTemplate":"https:\/\/refugeeresearch.net\/?s={search_term_string}"},"query-input":{"@type":"PropertyValueSpecification","valueRequired":true,"valueName":"search_term_string"}}],"inLanguage":"es"}]}},"_links":{"self":[{"href":"https:\/\/refugeeresearch.net\/es\/wp-json\/wp\/v2\/pages\/132","targetHints":{"allow":["GET"]}}],"collection":[{"href":"https:\/\/refugeeresearch.net\/es\/wp-json\/wp\/v2\/pages"}],"about":[{"href":"https:\/\/refugeeresearch.net\/es\/wp-json\/wp\/v2\/types\/page"}],"author":[{"embeddable":true,"href":"https:\/\/refugeeresearch.net\/es\/wp-json\/wp\/v2\/users\/46"}],"replies":[{"embeddable":true,"href":"https:\/\/refugeeresearch.net\/es\/wp-json\/wp\/v2\/comments?post=132"}],"version-history":[{"count":0,"href":"https:\/\/refugeeresearch.net\/es\/wp-json\/wp\/v2\/pages\/132\/revisions"}],"wp:attachment":[{"href":"https:\/\/refugeeresearch.net\/es\/wp-json\/wp\/v2\/media?parent=132"}],"curies":[{"name":"wp","href":"https:\/\/api.w.org\/{rel}","templated":true}]}}