{"id":137,"date":"2015-01-02T02:14:32","date_gmt":"2015-01-02T07:14:32","guid":{"rendered":"http:\/\/rrnwp.apps01.yorku.ca\/?page_id=137"},"modified":"2016-01-25T14:21:31","modified_gmt":"2016-01-25T19:21:31","slug":"detention-asylum-cluster","status":"publish","type":"page","link":"https:\/\/refugeeresearch.net\/es\/detention-asylum-cluster\/","title":{"rendered":"Cluster o Grupo sobre Detenci\u00f3n y Asilo"},"content":{"rendered":"<p><\/p>\n<h2>Descripci\u00f3n<\/h2>\n<p class=\"western\">El cluster o grupo re\u00fane a acad\u00e9micos, profesionales practicantes y gente trabajando en pol\u00edticas sobre detenci\u00f3n en lo que se refiere a los solicitantes de asilo y refugiados. Nuestros principales objetivos son consolidar y difundir los estudios sobre detenci\u00f3n y sus resultados y profundizar nuestra comprensi\u00f3n en aspectos sobre detenci\u00f3n y asilo tanto a nivel acad\u00e9mico como a nivel pr\u00e1ctico en la esfera mundial. Nuestra sede en Canad\u00e1 indica un \u00e9nfasis o \u00e1ngulo canadiense en algunas de las investigaciones presentadas.<\/p>\n<p class=\"western\"><a href=\"http:\/\/refugeeresearch.net\/ms\/detention\/\"><strong>Website<\/strong><\/a><\/p>\n<p class=\"western\">\n<h2><b>Gente<\/b><\/h2>\n<h3>Principales miembros facultativos<\/h3>\n<ul>\n<li>Jennifer Hyndman<br \/>\nDirector, Centre for Refugee Studies, York University<br \/>\nProfessor, Departments of Social Science and Geography, York University<br \/>\n<span style=\"color: #0000ff;\"><span style=\"text-decoration: underline;\"><a href=\"mailto:jhyndman@yorku.ca\">jhyndman@yorku.ca<\/a><\/span><\/span><\/li>\n<li>Janet Cleveland<br \/>\nPsychologist and researcher, Transcultural Research and Intervention Team, Division of Social and Cultural Psychiatry, McGill University<br \/>\n<span style=\"color: #0000ff;\"><span style=\"text-decoration: underline;\"><a href=\"mailto:janet.cleveland@mail.mcgill.ca\">janet.cleveland@mail.mcgill.ca<\/a><\/span><\/span><\/li>\n<li>Alison Mountz<br \/>\nAssociate Professor, Geography<br \/>\nCanada Research Chair in Global Migration, Wilfrid Laurier University<br \/>\n<span style=\"color: #0000ff;\"><span style=\"text-decoration: underline;\"><a href=\"mailto:amountz@wlu.ca\">amountz@wlu.ca<\/a><\/span><\/span><\/li>\n<li>Delphine Nakache<br \/>\nProfessor, School of International Development and Global Studies (SIGDS), University of Ottawa<br \/>\n<span style=\"color: #0000ff;\"><span style=\"text-decoration: underline;\"><a href=\"mailto:Delphine.Nakache@uottawa.ca\">Delphine.Nakache@uottawa.ca<\/a><\/span><\/span><\/li>\n<li>Galya Ruffer<br \/>\nDirector, International Studies<br \/>\nFounding Director, Center for Forced Migration Studies, Buffett Center for International and Comparative Studies, Northwestern University<br \/>\n<span style=\"color: #0000ff;\"><span style=\"text-decoration: underline;\"><a href=\"mailto:g-ruffer@northwestern.edu\">g-ruffer@northwestern.edu<\/a><\/span><\/span><\/li>\n<li>Stephanie J. Silverman<br \/>\nPost-doctoral Fellow, Nathanson Centre on Transnational Human Rights, Crime and Security, Osgoode Hall Law School, York University<br \/>\n<span style=\"color: #0000ff;\"><span style=\"text-decoration: underline;\"><a href=\"mailto:sj.silverman@gmail.com\">sj.silverman@gmail.com<\/a><\/span><\/span><\/li>\n<\/ul>\n<h3>Principales miembros estudiantiles<\/h3>\n<ul>\n<li>Chelsea Bin Han<br \/>\n<span lang=\"en-US\">MSc candidate, Refugee and Forced Migration Studies, University of Oxford<br \/>\n<\/span><span style=\"text-decoration: underline;\"><a href=\"mailto:chelseabinhan@gmail.com\">chelseabinhan@gmail.com<\/a><\/span><\/li>\n<li>Luke de Noronha<br \/>\n<span lang=\"en-US\">MSc candidate, Migration Studies, University of Oxford<br \/>\n<\/span><span style=\"text-decoration: underline;\"><a href=\"mailto:ldenoronha@gmail.com\"><span lang=\"en-US\">ldenoronha@gmail.com<\/span><\/a><\/span><\/li>\n<li>Petra Molnar Diop<br \/>\nJD candidate, University of Toronto<br \/>\n<span style=\"color: #0000ff;\"><span style=\"text-decoration: underline;\"><a href=\"mailto:petramdiop@gmail.com\">petramdiop@gmail.com<\/a><\/span><\/span><\/li>\n<\/ul>\n<p>&nbsp;<\/p>\n<h2><b>Proyectos de Investigaci\u00f3n<\/b><\/h2>\n<p><a href=\"http:\/\/refugeeresearch.net\/ms\/detention\/\"><strong>Project 1: Detention and Asylum Research Cluster Website<\/strong><\/a><\/p>\n<h3><strong>Investigaci\u00f3n de Estudiantes de PHD<\/strong><\/h3>\n<p class=\"western\">(<span style=\"color: #ff6600;\">under development<\/span>)<\/p>\n<h3>Investigaci\u00f3n Relacionada<\/h3>\n<p class=\"western\">(<span style=\"color: #ff6600;\">under development<\/span>)<\/p>\n<p class=\"western\">\n<h2>Recursos de investigaci\u00f3n y publicaciones<\/h2>\n<\/p>\n<p class=\"western\"><a href=\"http:\/\/refugeeresearch.net\/sites\/default\/files\/Silverman-Detention-in-Canada%202013.pdf\">Silverman, S.J. <i>Detention in Canada<\/i>. Report, Autumn 2013<\/a>.<\/p>\n<p class=\"western\"><a href=\"http:\/\/refugeeresearch.net\/sites\/default\/files\/Silverman-Key-Academic-Research-on-Detention-and-Asylum%202013.pdf\">Key Academic Research on Detention and Asylum, Autumn 2013<\/a>.<\/p>\n<p class=\"western\">\n<h2>In Progress\/Coming Soon<\/h2>\n<\/p>\n<p class=\"western\">(<span style=\"color: #ff6600;\">under development<\/span>)<\/p>\n<p class=\"western\">\n<h2>Participe<\/h2>\n<\/p>\n<p class=\"western\">Please <a href=\"http:\/\/refugeeresearch.net\/ms\/detention\/\">visit our website<\/a> for full details about the work of this Research Cluster\u00a0or email Stephanie J. Silverman: <span style=\"color: #0000ff;\"><span style=\"text-decoration: underline;\"><a href=\"mailto:sj.silverman@gmail.com\">sj.silverman@gmail.com<\/a><\/span><\/span><\/p>\n<\/p>\n<p><\/p>","protected":false},"excerpt":{"rendered":"<p>Descripci\u00f3n El cluster o grupo re\u00fane a acad\u00e9micos, profesionales practicantes y gente trabajando en pol\u00edticas sobre detenci\u00f3n en lo que se refiere a los solicitantes de asilo y refugiados. Nuestros principales objetivos son consolidar y difundir los estudios sobre detenci\u00f3n y sus resultados y profundizar nuestra comprensi\u00f3n en aspectos sobre detenci\u00f3n y asilo tanto a &hellip; <a href=\"https:\/\/refugeeresearch.net\/es\/detention-asylum-cluster\/\" class=\"more-link\">Seguir leyendo <span class=\"screen-reader-text\">Cluster o Grupo sobre Detenci\u00f3n y Asilo<\/span> <span class=\"meta-nav\">&rarr;<\/span><\/a><\/p>\n","protected":false},"author":46,"featured_media":0,"parent":0,"menu_order":0,"comment_status":"closed","ping_status":"open","template":"","meta":{"_exactmetrics_skip_tracking":false,"_exactmetrics_sitenote_active":false,"_exactmetrics_sitenote_note":"","_exactmetrics_sitenote_category":0,"ngg_post_thumbnail":0,"footnotes":""},"class_list":["post-137","page","type-page","status-publish","hentry"],"yoast_head":"<!-- This site is optimized with the Yoast SEO plugin v24.7 - https:\/\/yoast.com\/wordpress\/plugins\/seo\/ -->\n<title>Cluster o Grupo sobre Detenci\u00f3n y Asilo - (English) Refugee Research Network<\/title>\n<meta name=\"robots\" content=\"index, follow, max-snippet:-1, max-image-preview:large, max-video-preview:-1\" \/>\n<link rel=\"canonical\" href=\"https:\/\/refugeeresearch.net\/detention-asylum-cluster\/\" \/>\n<meta property=\"og:locale\" content=\"es_ES\" \/>\n<meta property=\"og:type\" content=\"article\" \/>\n<meta property=\"og:title\" content=\"[:en]Detention and Asylum Cluster[:es]Cluster o Grupo sobre Detenci\u00f3n y Asilo[:ar]\u062a\u062c\u0645\u0639 \u0627\u0644\u0628\u0627\u062d\u062b\u064a\u0646 \u0627\u0644\u0645\u0647\u062a\u0645\u064a\u0646 \u0641\u064a \u0644\u0627\u062d\u062a\u062c\u0627\u0632 \u0648\u0627\u0644\u0644\u062c\u0648\u0621 [:] - (English) Refugee Research Network\" \/>\n<meta property=\"og:description\" content=\"Descripci\u00f3n El cluster o grupo re\u00fane a acad\u00e9micos, profesionales practicantes y gente trabajando en pol\u00edticas sobre detenci\u00f3n en lo que se refiere a los solicitantes de asilo y refugiados. Nuestros principales objetivos son consolidar y difundir los estudios sobre detenci\u00f3n y sus resultados y profundizar nuestra comprensi\u00f3n en aspectos sobre detenci\u00f3n y asilo tanto a &hellip; Seguir leyendo Cluster o Grupo sobre Detenci\u00f3n y Asilo &rarr;\" \/>\n<meta property=\"og:url\" content=\"https:\/\/refugeeresearch.net\/detention-asylum-cluster\/\" \/>\n<meta property=\"og:site_name\" content=\"(English) Refugee Research Network\" \/>\n<meta property=\"article:publisher\" content=\"https:\/\/www.facebook.com\/groups\/30614536012\" \/>\n<meta property=\"article:modified_time\" content=\"2016-01-25T19:21:31+00:00\" \/>\n<meta name=\"twitter:card\" content=\"summary_large_image\" \/>\n<meta name=\"twitter:site\" content=\"@refugeeresearch\" \/>\n<meta name=\"twitter:label1\" content=\"Tiempo de lectura\" \/>\n\t<meta name=\"twitter:data1\" content=\"4 minutos\" \/>\n<script type=\"application\/ld+json\" class=\"yoast-schema-graph\">{\"@context\":\"https:\/\/schema.org\",\"@graph\":[{\"@type\":\"WebPage\",\"@id\":\"https:\/\/refugeeresearch.net\/detention-asylum-cluster\/\",\"url\":\"https:\/\/refugeeresearch.net\/detention-asylum-cluster\/\",\"name\":\"[:en]Detention and Asylum Cluster[:es]Cluster o Grupo sobre Detenci\u00f3n y Asilo[:ar]\u062a\u062c\u0645\u0639 \u0627\u0644\u0628\u0627\u062d\u062b\u064a\u0646 \u0627\u0644\u0645\u0647\u062a\u0645\u064a\u0646 \u0641\u064a \u0644\u0627\u062d\u062a\u062c\u0627\u0632 \u0648\u0627\u0644\u0644\u062c\u0648\u0621 [:] - (English) Refugee Research Network\",\"isPartOf\":{\"@id\":\"https:\/\/refugeeresearch.net\/#website\"},\"datePublished\":\"2015-01-02T07:14:32+00:00\",\"dateModified\":\"2016-01-25T19:21:31+00:00\",\"breadcrumb\":{\"@id\":\"https:\/\/refugeeresearch.net\/detention-asylum-cluster\/#breadcrumb\"},\"inLanguage\":\"es\",\"potentialAction\":[{\"@type\":\"ReadAction\",\"target\":[\"https:\/\/refugeeresearch.net\/detention-asylum-cluster\/\"]}]},{\"@type\":\"BreadcrumbList\",\"@id\":\"https:\/\/refugeeresearch.net\/detention-asylum-cluster\/#breadcrumb\",\"itemListElement\":[{\"@type\":\"ListItem\",\"position\":1,\"name\":\"Home\",\"item\":\"https:\/\/refugeeresearch.net\/\"},{\"@type\":\"ListItem\",\"position\":2,\"name\":\"Detention and Asylum Cluster\"}]},{\"@type\":\"WebSite\",\"@id\":\"https:\/\/refugeeresearch.net\/#website\",\"url\":\"https:\/\/refugeeresearch.net\/\",\"name\":\"(English) Refugee Research Network\",\"description\":\"\",\"potentialAction\":[{\"@type\":\"SearchAction\",\"target\":{\"@type\":\"EntryPoint\",\"urlTemplate\":\"https:\/\/refugeeresearch.net\/?s={search_term_string}\"},\"query-input\":{\"@type\":\"PropertyValueSpecification\",\"valueRequired\":true,\"valueName\":\"search_term_string\"}}],\"inLanguage\":\"es\"}]}<\/script>\n<!-- \/ Yoast SEO plugin. -->","yoast_head_json":{"title":"[:en]Detention and Asylum Cluster[:es]Cluster o Grupo sobre Detenci\u00f3n y Asilo[:ar]\u062a\u062c\u0645\u0639 \u0627\u0644\u0628\u0627\u062d\u062b\u064a\u0646 \u0627\u0644\u0645\u0647\u062a\u0645\u064a\u0646 \u0641\u064a \u0644\u0627\u062d\u062a\u062c\u0627\u0632 \u0648\u0627\u0644\u0644\u062c\u0648\u0621 [:] - (English) Refugee Research Network","robots":{"index":"index","follow":"follow","max-snippet":"max-snippet:-1","max-image-preview":"max-image-preview:large","max-video-preview":"max-video-preview:-1"},"canonical":"https:\/\/refugeeresearch.net\/detention-asylum-cluster\/","og_locale":"es_ES","og_type":"article","og_title":"[:en]Detention and Asylum Cluster[:es]Cluster o Grupo sobre Detenci\u00f3n y Asilo[:ar]\u062a\u062c\u0645\u0639 \u0627\u0644\u0628\u0627\u062d\u062b\u064a\u0646 \u0627\u0644\u0645\u0647\u062a\u0645\u064a\u0646 \u0641\u064a \u0644\u0627\u062d\u062a\u062c\u0627\u0632 \u0648\u0627\u0644\u0644\u062c\u0648\u0621 [:] - (English) Refugee Research Network","og_description":"Descripci\u00f3n El cluster o grupo re\u00fane a acad\u00e9micos, profesionales practicantes y gente trabajando en pol\u00edticas sobre detenci\u00f3n en lo que se refiere a los solicitantes de asilo y refugiados. Nuestros principales objetivos son consolidar y difundir los estudios sobre detenci\u00f3n y sus resultados y profundizar nuestra comprensi\u00f3n en aspectos sobre detenci\u00f3n y asilo tanto a &hellip; Seguir leyendo Cluster o Grupo sobre Detenci\u00f3n y Asilo &rarr;","og_url":"https:\/\/refugeeresearch.net\/detention-asylum-cluster\/","og_site_name":"(English) Refugee Research Network","article_publisher":"https:\/\/www.facebook.com\/groups\/30614536012","article_modified_time":"2016-01-25T19:21:31+00:00","twitter_card":"summary_large_image","twitter_site":"@refugeeresearch","twitter_misc":{"Tiempo de lectura":"4 minutos"},"schema":{"@context":"https:\/\/schema.org","@graph":[{"@type":"WebPage","@id":"https:\/\/refugeeresearch.net\/detention-asylum-cluster\/","url":"https:\/\/refugeeresearch.net\/detention-asylum-cluster\/","name":"[:en]Detention and Asylum Cluster[:es]Cluster o Grupo sobre Detenci\u00f3n y Asilo[:ar]\u062a\u062c\u0645\u0639 \u0627\u0644\u0628\u0627\u062d\u062b\u064a\u0646 \u0627\u0644\u0645\u0647\u062a\u0645\u064a\u0646 \u0641\u064a \u0644\u0627\u062d\u062a\u062c\u0627\u0632 \u0648\u0627\u0644\u0644\u062c\u0648\u0621 [:] - (English) Refugee Research Network","isPartOf":{"@id":"https:\/\/refugeeresearch.net\/#website"},"datePublished":"2015-01-02T07:14:32+00:00","dateModified":"2016-01-25T19:21:31+00:00","breadcrumb":{"@id":"https:\/\/refugeeresearch.net\/detention-asylum-cluster\/#breadcrumb"},"inLanguage":"es","potentialAction":[{"@type":"ReadAction","target":["https:\/\/refugeeresearch.net\/detention-asylum-cluster\/"]}]},{"@type":"BreadcrumbList","@id":"https:\/\/refugeeresearch.net\/detention-asylum-cluster\/#breadcrumb","itemListElement":[{"@type":"ListItem","position":1,"name":"Home","item":"https:\/\/refugeeresearch.net\/"},{"@type":"ListItem","position":2,"name":"Detention and Asylum Cluster"}]},{"@type":"WebSite","@id":"https:\/\/refugeeresearch.net\/#website","url":"https:\/\/refugeeresearch.net\/","name":"(English) Refugee Research Network","description":"","potentialAction":[{"@type":"SearchAction","target":{"@type":"EntryPoint","urlTemplate":"https:\/\/refugeeresearch.net\/?s={search_term_string}"},"query-input":{"@type":"PropertyValueSpecification","valueRequired":true,"valueName":"search_term_string"}}],"inLanguage":"es"}]}},"_links":{"self":[{"href":"https:\/\/refugeeresearch.net\/es\/wp-json\/wp\/v2\/pages\/137","targetHints":{"allow":["GET"]}}],"collection":[{"href":"https:\/\/refugeeresearch.net\/es\/wp-json\/wp\/v2\/pages"}],"about":[{"href":"https:\/\/refugeeresearch.net\/es\/wp-json\/wp\/v2\/types\/page"}],"author":[{"embeddable":true,"href":"https:\/\/refugeeresearch.net\/es\/wp-json\/wp\/v2\/users\/46"}],"replies":[{"embeddable":true,"href":"https:\/\/refugeeresearch.net\/es\/wp-json\/wp\/v2\/comments?post=137"}],"version-history":[{"count":0,"href":"https:\/\/refugeeresearch.net\/es\/wp-json\/wp\/v2\/pages\/137\/revisions"}],"wp:attachment":[{"href":"https:\/\/refugeeresearch.net\/es\/wp-json\/wp\/v2\/media?parent=137"}],"curies":[{"name":"wp","href":"https:\/\/api.w.org\/{rel}","templated":true}]}}