{"id":178,"date":"2015-01-08T01:41:19","date_gmt":"2015-01-08T06:41:19","guid":{"rendered":"http:\/\/rrnwp.apps01.yorku.ca\/?page_id=178"},"modified":"2017-02-01T15:28:29","modified_gmt":"2017-02-01T20:28:29","slug":"international-research-centres","status":"publish","type":"page","link":"https:\/\/refugeeresearch.net\/es\/about-the-rrn\/international-research-centres\/","title":{"rendered":"Centros Internacionales de Investigaci\u00f3n"},"content":{"rendered":"<p>El <strong>Instituto para el Estudio de la Migraci\u00f3n Internacional<\/strong> (Georgetown University, Washington, DC) afiliado con el Centro de Derecho de Georgetown, provee\u00a0analices de migraci\u00f3n internacional, y redes con otras universidades Americanas e Internacionales para fomentar intercambios de investigaci\u00f3n y proyectos cooperativos. Como la nueva sede del Secretariado de la Asociaci\u00f3n Internacional para el Estudio de la Migraci\u00f3n Forzada, la capacidad de IEMI de crear una red internacional con expertos comprometidos con asuntos de refugiados y migraci\u00f3n realzar\u00e1 considerablemente el Grupo Global de Conocimiento. IEMI ser\u00e1 anfitriona de investigadores universitarios, facilitar\u00e1 el intercambio de docentes, reuniones de las agrupaciones socias en Washington, y diseminar\u00e1 informaci\u00f3n a trav\u00e9s del sito web y la revista acad\u00e9mica de migraci\u00f3n internacional. (<strong>Susan Martin<\/strong>, Directora &#038; Catedr\u00e1tica Donald G. Herzberg en Migraci\u00f3n Internacional)<\/p>\n<p>El <strong>Programa de Estudios sobre Migraci\u00f3n Forzada <\/strong>(Universidad del Witwatersrand, Johannesburgo) es un centro de competencias especiales en investigaci\u00f3n y en ense\u00f1anza, basado y orientado al estudio de Africa, que ayuda a forjar conversaciones globales sobre migraci\u00f3n, desarrollo y transformaci\u00f3n social. El centro esta dedicado a formar una red de expertos sobre migraci\u00f3n y desplazamiento en todo el continente Africano. (<strong>Loren Landau<\/strong>, Directora)<\/p>\n<p>El <strong>Centro de Estudio de Refugiados<\/strong> (Universidad de Oxford) tiene una reputaci\u00f3n internacional como un centro interdisciplinario destacado en la investigaci\u00f3n y ense\u00f1anza sobre las causas y consecuencias de la migraci\u00f3n forzada. CER combina investigaci\u00f3n acad\u00e9mica, cooperaci\u00f3n internacional y \u00a0desarrollo de capacidades con el compromiso de mejorar las vidas y situaciones de refugiados. Adem\u00e1s, la iniciativa Migraci\u00f3n Forzada en l\u00ednea ser\u00e1 un recurso inestimable para todos aquellos involucrados con la Red Global. (<strong>Roger Zetter<\/strong>, Director y Profesor de Estudios de Refugiados)<\/p>\n<p>El <strong>Grupo de Investigaci\u00f3n Mahanirban Calcuta<\/strong> es reconocido por su investigaci\u00f3n, di\u00e1logos y trabajo de abogac\u00eda en el campo de expertos y activistas de autonom\u00eda, derechos humanos, la dignidad de la mujer, desplazamiento forzado e inmigraci\u00f3n, paz, resoluci\u00f3n de conflictos, ciudadan\u00eda, fronteras y conflictos en las fronteras, y otros temas pertinentes a la democracia. El Grupo de Investigaci\u00f3n Calcuta ha desarrollado una s\u00f3lida red de expertos, activistas e instituciones que contribuir\u00e1n con el Grupo Global de Conocimiento. (<strong>Ranabir Samaddar<\/strong>, Director &#038; Docente).<\/p>\n<p>El <strong>Programa de Estudios sobre Refugiados y Migraci\u00f3n Forzada<\/strong> (La Universidad Americana en Cairo) tiene una extensiva biblioteca electr\u00f3nica sobre refugiados y temas relacionados con refugiados. La gran variedad de proyectos, cursos de educaci\u00f3n, directorios de servicios para refugiados y numerosas publicaciones contribuir\u00e1n al desarrollo del Grupo Global de Conocimiento. (<strong>Ray Jureidini<\/strong>, Director Adjunto &#038; Docente)<\/p>\n<p>El <strong>Instituto para la Gobernabiidad y Ley \u00c9tnica<\/strong> (Universidad Griffith, Brisbane) es una iniciativa conjunta de la Universidad de las Naciones Unidas y la Universidad Griffith en asociaci\u00f3n con la Universidad Nacional de Australia. IGLE conduce varios \u00a0proyectos sobre temas relacionados con refugiados, migraciones y migraci\u00f3n forzada, incluyendo un proyecto en Nepal, Tailandia y Sri Lanka; un proyecto sobre \u00e9ticas de intervenci\u00f3n; un proyecto sobre la noci\u00f3n de soberan\u00eda (vinculado con la Universidad de Princeton y las Naciones Unidas); y un proyecto de la Red de Investigaci\u00f3n Gubernamental, el cual puede ser vinculado directamente con el Grupo Global de Conocimiento (<strong>Charles Sampford<\/strong>, Director y Docente)<\/p>\n<p>El\u00a0<strong>Grupo de investigaci\u00f3n de Teor\u00eda Jur\u00eddica General y Teor\u00eda Pol\u00edtica <\/strong>(Universidad Pontificia Javeriana, Bogot\u00e1) fue formado en 2001 por la Universidad Pontificia Javeriana en Bogot\u00e1 y miembros de otras facultades de derecho reconocidas por el Sistema Nacional de Ciencia, Tecnolog\u00eda e Innovaci\u00f3n de Colombia (SCIENTI) para tratar los complejos problemas de la realidad Colombiana; tales como la perspectiva de la teor\u00eda legal, estudios postcoloniales y el enfoque global. Dos de los focos principales del grupo son; i) los estudios culturales de derecho, incluyendo proyectos acerca de la interpretaci\u00f3n legal, la practica judicial, el conflicto armado en Colombia, la excepcionalidad, la historia de las prisiones, y la historia de la legalidad en Colombia y Am\u00e9rica Latina y ii) globalizaci\u00f3n y derecho, incluyendo participaci\u00f3n en proyectos de sistemas legales contempor\u00e1neos, leyes contempor\u00e1neas sobre derechos humanos, pol\u00edticas e migraciones. (<strong>Roberto Vidal-L\u00f3pez<\/strong>, Director y Docente)<\/p>\n<p>La<strong> Divisi\u00f3n de Investigaci\u00f3n de la Poblaci\u00f3n en el Instituto de Ciencias Sociales e Investigaci\u00f3n<\/strong> (Universidad de Teher\u00e1n) emprende investigaci\u00f3n demogr\u00e1fica relacionada a la poblaci\u00f3n y el desarrollo sostenible en Ir\u00e1n, incluyendo temas de genero, pobreza y asuntos de refugiados los cuales est\u00e1n relacionados con la poblaci\u00f3n y el desarrollo. La investigaci\u00f3n tiene como objetivo crear una capacidad nacional para tratar temas de desarrollo, recursos humanos y promover redes entre instituciones de investigaci\u00f3n locales, regionales y globales a trav\u00e9s del intercambio de resultados basados en experiencias e investigaci\u00f3n. La divisi\u00f3n ha desarrollado una fuerte conexi\u00f3n con organizaciones por fuera de Ir\u00e1n tales como el Fondo de Poblaci\u00f3n de las Naciones Unidas (UNFPA), la Unidad de Investigaci\u00f3n y Evaluaci\u00f3n de Afganist\u00e1n (AREU) en Afganist\u00e1n, y el Programa de Demograf\u00eda de la Universidad Nacional de Australia. (<strong>Mohammad Jalal Abbasi-Shavazi<\/strong>, Presidente y Docente Asociado)<\/p>","protected":false},"excerpt":{"rendered":"<p>El Instituto para el Estudio de la Migraci\u00f3n Internacional (Georgetown University, Washington, DC) afiliado con el Centro de Derecho de Georgetown, provee\u00a0analices de migraci\u00f3n internacional, y redes con otras universidades Americanas e Internacionales para fomentar intercambios de investigaci\u00f3n y proyectos cooperativos. Como la nueva sede del Secretariado de la Asociaci\u00f3n Internacional para el Estudio de &hellip; <a href=\"https:\/\/refugeeresearch.net\/es\/about-the-rrn\/international-research-centres\/\" class=\"more-link\">Seguir leyendo <span class=\"screen-reader-text\">Centros Internacionales de Investigaci\u00f3n<\/span> <span class=\"meta-nav\">&rarr;<\/span><\/a><\/p>\n","protected":false},"author":46,"featured_media":0,"parent":431,"menu_order":0,"comment_status":"closed","ping_status":"open","template":"","meta":{"_exactmetrics_skip_tracking":false,"_exactmetrics_sitenote_active":false,"_exactmetrics_sitenote_note":"","_exactmetrics_sitenote_category":0,"ngg_post_thumbnail":0,"footnotes":""},"class_list":["post-178","page","type-page","status-publish","hentry"],"yoast_head":"<!-- This site is optimized with the Yoast SEO plugin v24.7 - https:\/\/yoast.com\/wordpress\/plugins\/seo\/ -->\n<title>Centros Internacionales de Investigaci\u00f3n - (English) Refugee Research Network<\/title>\n<meta name=\"robots\" content=\"index, follow, max-snippet:-1, max-image-preview:large, max-video-preview:-1\" \/>\n<link rel=\"canonical\" href=\"https:\/\/refugeeresearch.net\/about-the-rrn\/international-research-centres\/\" \/>\n<meta property=\"og:locale\" content=\"es_ES\" \/>\n<meta property=\"og:type\" content=\"article\" \/>\n<meta property=\"og:title\" content=\"[:en]International Research Centres[:es]Centros Internacionales de Investigaci\u00f3n[:ar]\u0645\u0631\u0627\u0643\u0632 \u0627\u0644\u0623\u0628\u062d\u0627\u062b \u0627\u0644\u062f\u0648\u0644\u064a\u0629 (\u0627\u0644\u0639\u0627\u0644\u0645\u064a\u0629)[:so]xarumaha cilmi-baarista caalamiga ah[:sw]Utafiti wa vituo vya kimataifa[:] - (English) Refugee Research Network\" \/>\n<meta property=\"og:description\" content=\"El Instituto para el Estudio de la Migraci\u00f3n Internacional (Georgetown University, Washington, DC) afiliado con el Centro de Derecho de Georgetown, provee\u00a0analices de migraci\u00f3n internacional, y redes con otras universidades Americanas e Internacionales para fomentar intercambios de investigaci\u00f3n y proyectos cooperativos. Como la nueva sede del Secretariado de la Asociaci\u00f3n Internacional para el Estudio de &hellip; Seguir leyendo Centros Internacionales de Investigaci\u00f3n &rarr;\" \/>\n<meta property=\"og:url\" content=\"https:\/\/refugeeresearch.net\/about-the-rrn\/international-research-centres\/\" \/>\n<meta property=\"og:site_name\" content=\"(English) Refugee Research Network\" \/>\n<meta property=\"article:publisher\" content=\"https:\/\/www.facebook.com\/groups\/30614536012\" \/>\n<meta property=\"article:modified_time\" content=\"2017-02-01T20:28:29+00:00\" \/>\n<meta name=\"twitter:card\" content=\"summary_large_image\" \/>\n<meta name=\"twitter:site\" content=\"@refugeeresearch\" \/>\n<meta name=\"twitter:label1\" content=\"Tiempo de lectura\" \/>\n\t<meta name=\"twitter:data1\" content=\"14 minutos\" \/>\n<script type=\"application\/ld+json\" class=\"yoast-schema-graph\">{\"@context\":\"https:\/\/schema.org\",\"@graph\":[{\"@type\":\"WebPage\",\"@id\":\"https:\/\/refugeeresearch.net\/about-the-rrn\/international-research-centres\/\",\"url\":\"https:\/\/refugeeresearch.net\/about-the-rrn\/international-research-centres\/\",\"name\":\"[:en]International Research Centres[:es]Centros Internacionales de Investigaci\u00f3n[:ar]\u0645\u0631\u0627\u0643\u0632 \u0627\u0644\u0623\u0628\u062d\u0627\u062b \u0627\u0644\u062f\u0648\u0644\u064a\u0629 (\u0627\u0644\u0639\u0627\u0644\u0645\u064a\u0629)[:so]xarumaha cilmi-baarista caalamiga ah[:sw]Utafiti wa vituo vya kimataifa[:] - (English) Refugee Research Network\",\"isPartOf\":{\"@id\":\"https:\/\/refugeeresearch.net\/#website\"},\"datePublished\":\"2015-01-08T06:41:19+00:00\",\"dateModified\":\"2017-02-01T20:28:29+00:00\",\"breadcrumb\":{\"@id\":\"https:\/\/refugeeresearch.net\/about-the-rrn\/international-research-centres\/#breadcrumb\"},\"inLanguage\":\"es\",\"potentialAction\":[{\"@type\":\"ReadAction\",\"target\":[\"https:\/\/refugeeresearch.net\/about-the-rrn\/international-research-centres\/\"]}]},{\"@type\":\"BreadcrumbList\",\"@id\":\"https:\/\/refugeeresearch.net\/about-the-rrn\/international-research-centres\/#breadcrumb\",\"itemListElement\":[{\"@type\":\"ListItem\",\"position\":1,\"name\":\"Home\",\"item\":\"https:\/\/refugeeresearch.net\/\"},{\"@type\":\"ListItem\",\"position\":2,\"name\":\"Mobilizing Refugee Research\",\"item\":\"https:\/\/refugeeresearch.net\/about-the-rrn\/\"},{\"@type\":\"ListItem\",\"position\":3,\"name\":\"International Research Centres\"}]},{\"@type\":\"WebSite\",\"@id\":\"https:\/\/refugeeresearch.net\/#website\",\"url\":\"https:\/\/refugeeresearch.net\/\",\"name\":\"(English) Refugee Research Network\",\"description\":\"\",\"potentialAction\":[{\"@type\":\"SearchAction\",\"target\":{\"@type\":\"EntryPoint\",\"urlTemplate\":\"https:\/\/refugeeresearch.net\/?s={search_term_string}\"},\"query-input\":{\"@type\":\"PropertyValueSpecification\",\"valueRequired\":true,\"valueName\":\"search_term_string\"}}],\"inLanguage\":\"es\"}]}<\/script>\n<!-- \/ Yoast SEO plugin. -->","yoast_head_json":{"title":"[:en]International Research Centres[:es]Centros Internacionales de Investigaci\u00f3n[:ar]\u0645\u0631\u0627\u0643\u0632 \u0627\u0644\u0623\u0628\u062d\u0627\u062b \u0627\u0644\u062f\u0648\u0644\u064a\u0629 (\u0627\u0644\u0639\u0627\u0644\u0645\u064a\u0629)[:so]xarumaha cilmi-baarista caalamiga ah[:sw]Utafiti wa vituo vya kimataifa[:] - (English) Refugee Research Network","robots":{"index":"index","follow":"follow","max-snippet":"max-snippet:-1","max-image-preview":"max-image-preview:large","max-video-preview":"max-video-preview:-1"},"canonical":"https:\/\/refugeeresearch.net\/about-the-rrn\/international-research-centres\/","og_locale":"es_ES","og_type":"article","og_title":"[:en]International Research Centres[:es]Centros Internacionales de Investigaci\u00f3n[:ar]\u0645\u0631\u0627\u0643\u0632 \u0627\u0644\u0623\u0628\u062d\u0627\u062b \u0627\u0644\u062f\u0648\u0644\u064a\u0629 (\u0627\u0644\u0639\u0627\u0644\u0645\u064a\u0629)[:so]xarumaha cilmi-baarista caalamiga ah[:sw]Utafiti wa vituo vya kimataifa[:] - (English) Refugee Research Network","og_description":"El Instituto para el Estudio de la Migraci\u00f3n Internacional (Georgetown University, Washington, DC) afiliado con el Centro de Derecho de Georgetown, provee\u00a0analices de migraci\u00f3n internacional, y redes con otras universidades Americanas e Internacionales para fomentar intercambios de investigaci\u00f3n y proyectos cooperativos. Como la nueva sede del Secretariado de la Asociaci\u00f3n Internacional para el Estudio de &hellip; Seguir leyendo Centros Internacionales de Investigaci\u00f3n &rarr;","og_url":"https:\/\/refugeeresearch.net\/about-the-rrn\/international-research-centres\/","og_site_name":"(English) Refugee Research Network","article_publisher":"https:\/\/www.facebook.com\/groups\/30614536012","article_modified_time":"2017-02-01T20:28:29+00:00","twitter_card":"summary_large_image","twitter_site":"@refugeeresearch","twitter_misc":{"Tiempo de lectura":"14 minutos"},"schema":{"@context":"https:\/\/schema.org","@graph":[{"@type":"WebPage","@id":"https:\/\/refugeeresearch.net\/about-the-rrn\/international-research-centres\/","url":"https:\/\/refugeeresearch.net\/about-the-rrn\/international-research-centres\/","name":"[:en]International Research Centres[:es]Centros Internacionales de Investigaci\u00f3n[:ar]\u0645\u0631\u0627\u0643\u0632 \u0627\u0644\u0623\u0628\u062d\u0627\u062b \u0627\u0644\u062f\u0648\u0644\u064a\u0629 (\u0627\u0644\u0639\u0627\u0644\u0645\u064a\u0629)[:so]xarumaha cilmi-baarista caalamiga ah[:sw]Utafiti wa vituo vya kimataifa[:] - (English) Refugee Research Network","isPartOf":{"@id":"https:\/\/refugeeresearch.net\/#website"},"datePublished":"2015-01-08T06:41:19+00:00","dateModified":"2017-02-01T20:28:29+00:00","breadcrumb":{"@id":"https:\/\/refugeeresearch.net\/about-the-rrn\/international-research-centres\/#breadcrumb"},"inLanguage":"es","potentialAction":[{"@type":"ReadAction","target":["https:\/\/refugeeresearch.net\/about-the-rrn\/international-research-centres\/"]}]},{"@type":"BreadcrumbList","@id":"https:\/\/refugeeresearch.net\/about-the-rrn\/international-research-centres\/#breadcrumb","itemListElement":[{"@type":"ListItem","position":1,"name":"Home","item":"https:\/\/refugeeresearch.net\/"},{"@type":"ListItem","position":2,"name":"Mobilizing Refugee Research","item":"https:\/\/refugeeresearch.net\/about-the-rrn\/"},{"@type":"ListItem","position":3,"name":"International Research Centres"}]},{"@type":"WebSite","@id":"https:\/\/refugeeresearch.net\/#website","url":"https:\/\/refugeeresearch.net\/","name":"(English) Refugee Research Network","description":"","potentialAction":[{"@type":"SearchAction","target":{"@type":"EntryPoint","urlTemplate":"https:\/\/refugeeresearch.net\/?s={search_term_string}"},"query-input":{"@type":"PropertyValueSpecification","valueRequired":true,"valueName":"search_term_string"}}],"inLanguage":"es"}]}},"_links":{"self":[{"href":"https:\/\/refugeeresearch.net\/es\/wp-json\/wp\/v2\/pages\/178","targetHints":{"allow":["GET"]}}],"collection":[{"href":"https:\/\/refugeeresearch.net\/es\/wp-json\/wp\/v2\/pages"}],"about":[{"href":"https:\/\/refugeeresearch.net\/es\/wp-json\/wp\/v2\/types\/page"}],"author":[{"embeddable":true,"href":"https:\/\/refugeeresearch.net\/es\/wp-json\/wp\/v2\/users\/46"}],"replies":[{"embeddable":true,"href":"https:\/\/refugeeresearch.net\/es\/wp-json\/wp\/v2\/comments?post=178"}],"version-history":[{"count":0,"href":"https:\/\/refugeeresearch.net\/es\/wp-json\/wp\/v2\/pages\/178\/revisions"}],"up":[{"embeddable":true,"href":"https:\/\/refugeeresearch.net\/es\/wp-json\/wp\/v2\/pages\/431"}],"wp:attachment":[{"href":"https:\/\/refugeeresearch.net\/es\/wp-json\/wp\/v2\/media?parent=178"}],"curies":[{"name":"wp","href":"https:\/\/api.w.org\/{rel}","templated":true}]}}