{"id":182,"date":"2015-01-08T01:47:41","date_gmt":"2015-01-08T06:47:41","guid":{"rendered":"http:\/\/rrnwp.apps01.yorku.ca\/?page_id=182"},"modified":"2015-11-20T07:21:54","modified_gmt":"2015-11-20T12:21:54","slug":"institutional-partners","status":"publish","type":"page","link":"https:\/\/refugeeresearch.net\/es\/about-the-rrn\/institutional-partners\/","title":{"rendered":"Asociados Institucionales"},"content":{"rendered":"<p>El Consejo Canadiense para los Refugiados (<a href=\"http:\/\/www.ccrweb.ca\/eng\/engfront\/frontpage.htm\"><strong>Canadian Council for Refugees<\/strong><\/a>) (Janet Dench, Director Ejecutivo) es una organizaci\u00f3n sin fines de lucro de aproximadamente 170 organizaciones miembros en todo Canad\u00e1 que participan en el acuerdo, el patrocinio y la protecci\u00f3n de los refugiados y los inmigrantes. Se trata de proporcionar liderazgo a la red internacional emergente sobre Derechos de los Refugiados, que se form\u00f3 de una conferencia internacional que reuni\u00f3 a cerca de 500 participantes (la mayor\u00eda organizaciones no gubernamentales) de m\u00e1s de 30 pa\u00edses. CCR contribuir\u00e1 al proyecto Grupo Global del Conocimiento (Global Knowledge Cluster)\u00a0mediante la ampliaci\u00f3n y fortalecimiento de los v\u00ednculos entre las organizaciones participantes. Tambi\u00e9n tiene la capacidad de ayudar al proyecto Cluster aumentar su impacto entre los responsables pol\u00edticos.<\/p>\n<p>El Departamento de Asuntos Exteriores y Comercio Internacional (Department of Foreign Affairs and International Trade DFAIT) se ocupa de la pol\u00edtica exterior de Canad\u00e1, los acuerdos de comercio basado en normas y la expansi\u00f3n del acceso a los mercados a nivel bilateral, regional y global. DFAIT trabaja con una serie de asociados dentro y fuera del gobierno en las \u00e1reas de oportunidad econ\u00f3mica y de seguridad en Canad\u00e1 y por los canadienses.<\/p>\n<p>La oficina de Ciudadan\u00eda e Inmigraci\u00f3n de Canad\u00e1 (Citizenship and Immigration Canada CIC) es un organismo del gobierno federal que preside los asuntos de inmigraci\u00f3n y asilo en Canad\u00e1. CIC proporciona servicios de inmigraci\u00f3n y apoya el reasentamiento para los reci\u00e9n llegados y de los refugiados en la sociedad canadiense en cooperaci\u00f3n con otras organizaciones gubernamentales, organizaciones internacionales como la OIM y el ACNUR y las organizaciones no gubernamentales que se ocupan de los refugiados y los inmigrantes.<\/p>\n<p>Proyecto Metropolis es un foro internacional para la investigaci\u00f3n comparativa y el desarrollo de pol\u00edticas p\u00fablicas sobre migraci\u00f3n de la poblaci\u00f3n, la diversidad cultural y los desaf\u00edos de la integraci\u00f3n de los inmigrantes en las ciudades en Canad\u00e1 y alrededor del mundo. Su objetivo es mejorar la capacidad de investigaci\u00f3n acad\u00e9mica en materia de migraci\u00f3n. La divisi\u00f3n internacional del proyecto comprende asociaciones con legisladores e investigadores de m\u00e1s de 20 pa\u00edses. Metropolis ayudar\u00e1 en la identificaci\u00f3n de posibles fuentes de financiaci\u00f3n, la participaci\u00f3n y organizaci\u00f3n de reuniones, en la contribuci\u00f3n a la erudici\u00f3n en materia de refugiados, as\u00ed como en la difusi\u00f3n de informaci\u00f3n. (Howard Duncan, Director Ejecutivo).\u00a0<strong>Centros de investigaci\u00f3n de Metropolis<\/strong>\u00a0canadienses: Hay cinco centros regionales de Metr\u00f3polis en todo Canad\u00e1 con la cuel el CRRN tiene una asociaci\u00f3n a trav\u00e9s del Proyecto Metr\u00f3polis.<\/p>\n<p>\u00a0<\/p>\n<ul>\n<li><a href=\"http:\/\/atlantic.metropolis.net\/index_e.html\">Metropolis Atlantic Centre of Excellence<\/a><\/li>\n<li><a href=\"http:\/\/im.metropolis.net\/frameset_e.html\">Montr\u00e9al Centre for Inter-university Research on Immigration, Integration and Urban Dynamics (IM)<\/a>,<\/li>\n<li><a href=\"http:\/\/ceris.metropolis.net\/frameset_e.html\">Joint Centre of Excellence for Research on Immigration and Settlement (CERIS)<\/a>\u2013 Valerie Preston, Co-Director (York University),<\/li>\n<li><a href=\"http:\/\/pmc.metropolis.net\/frameset_e.html\">Prairie Centre of Excellence for Research on Immigration and Integration (PCERII)<\/a><\/li>\n<li><a href=\"http:\/\/mbc.metropolis.net\/index.html\">Research on Immigration and Integration in the Metropolis (RIIM)<\/a>\u2013 Dan Hiebert, Co-Director (University of British Columbia)<\/li>\n<\/ul>\n<p>\u00a0<\/p>","protected":false},"excerpt":{"rendered":"<p>El Consejo Canadiense para los Refugiados (Canadian Council for Refugees) (Janet Dench, Director Ejecutivo) es una organizaci\u00f3n sin fines de lucro de aproximadamente 170 organizaciones miembros en todo Canad\u00e1 que participan en el acuerdo, el patrocinio y la protecci\u00f3n de los refugiados y los inmigrantes. Se trata de proporcionar liderazgo a la red internacional emergente &hellip; <a href=\"https:\/\/refugeeresearch.net\/es\/about-the-rrn\/institutional-partners\/\" class=\"more-link\">Seguir leyendo <span class=\"screen-reader-text\">Asociados Institucionales<\/span> <span class=\"meta-nav\">&rarr;<\/span><\/a><\/p>\n","protected":false},"author":46,"featured_media":0,"parent":431,"menu_order":0,"comment_status":"closed","ping_status":"open","template":"page-sc.php","meta":{"_exactmetrics_skip_tracking":false,"_exactmetrics_sitenote_active":false,"_exactmetrics_sitenote_note":"","_exactmetrics_sitenote_category":0,"ngg_post_thumbnail":0,"footnotes":""},"class_list":["post-182","page","type-page","status-publish","hentry"],"yoast_head":"<!-- This site is optimized with the Yoast SEO plugin v24.7 - https:\/\/yoast.com\/wordpress\/plugins\/seo\/ -->\n<title>Asociados Institucionales  - (English) Refugee Research Network<\/title>\n<meta name=\"robots\" content=\"index, follow, max-snippet:-1, max-image-preview:large, max-video-preview:-1\" \/>\n<link rel=\"canonical\" href=\"https:\/\/refugeeresearch.net\/about-the-rrn\/institutional-partners\/\" \/>\n<meta property=\"og:locale\" content=\"es_ES\" \/>\n<meta property=\"og:type\" content=\"article\" \/>\n<meta property=\"og:title\" content=\"[:en]Institutional Partners[:es]Asociados Institucionales [:ar]\u0627\u0644\u0645\u0624\u0633\u0633\u0627\u062a \u0627\u0644\u0634\u0631\u064a\u0643\u0629[:sw]Washirika kitaasisi[:] - (English) Refugee Research Network\" \/>\n<meta property=\"og:description\" content=\"El Consejo Canadiense para los Refugiados (Canadian Council for Refugees) (Janet Dench, Director Ejecutivo) es una organizaci\u00f3n sin fines de lucro de aproximadamente 170 organizaciones miembros en todo Canad\u00e1 que participan en el acuerdo, el patrocinio y la protecci\u00f3n de los refugiados y los inmigrantes. Se trata de proporcionar liderazgo a la red internacional emergente &hellip; Seguir leyendo Asociados Institucionales &rarr;\" \/>\n<meta property=\"og:url\" content=\"https:\/\/refugeeresearch.net\/about-the-rrn\/institutional-partners\/\" \/>\n<meta property=\"og:site_name\" content=\"(English) Refugee Research Network\" \/>\n<meta property=\"article:publisher\" content=\"https:\/\/www.facebook.com\/groups\/30614536012\" \/>\n<meta property=\"article:modified_time\" content=\"2015-11-20T12:21:54+00:00\" \/>\n<meta name=\"twitter:card\" content=\"summary_large_image\" \/>\n<meta name=\"twitter:site\" content=\"@refugeeresearch\" \/>\n<meta name=\"twitter:label1\" content=\"Tiempo de lectura\" \/>\n\t<meta name=\"twitter:data1\" content=\"6 minutos\" \/>\n<script type=\"application\/ld+json\" class=\"yoast-schema-graph\">{\"@context\":\"https:\/\/schema.org\",\"@graph\":[{\"@type\":\"WebPage\",\"@id\":\"https:\/\/refugeeresearch.net\/about-the-rrn\/institutional-partners\/\",\"url\":\"https:\/\/refugeeresearch.net\/about-the-rrn\/institutional-partners\/\",\"name\":\"[:en]Institutional Partners[:es]Asociados Institucionales [:ar]\u0627\u0644\u0645\u0624\u0633\u0633\u0627\u062a \u0627\u0644\u0634\u0631\u064a\u0643\u0629[:sw]Washirika kitaasisi[:] - (English) Refugee Research Network\",\"isPartOf\":{\"@id\":\"https:\/\/refugeeresearch.net\/#website\"},\"datePublished\":\"2015-01-08T06:47:41+00:00\",\"dateModified\":\"2015-11-20T12:21:54+00:00\",\"breadcrumb\":{\"@id\":\"https:\/\/refugeeresearch.net\/about-the-rrn\/institutional-partners\/#breadcrumb\"},\"inLanguage\":\"es\",\"potentialAction\":[{\"@type\":\"ReadAction\",\"target\":[\"https:\/\/refugeeresearch.net\/about-the-rrn\/institutional-partners\/\"]}]},{\"@type\":\"BreadcrumbList\",\"@id\":\"https:\/\/refugeeresearch.net\/about-the-rrn\/institutional-partners\/#breadcrumb\",\"itemListElement\":[{\"@type\":\"ListItem\",\"position\":1,\"name\":\"Home\",\"item\":\"https:\/\/refugeeresearch.net\/\"},{\"@type\":\"ListItem\",\"position\":2,\"name\":\"Mobilizing Refugee Research\",\"item\":\"https:\/\/refugeeresearch.net\/about-the-rrn\/\"},{\"@type\":\"ListItem\",\"position\":3,\"name\":\"Institutional Partners\"}]},{\"@type\":\"WebSite\",\"@id\":\"https:\/\/refugeeresearch.net\/#website\",\"url\":\"https:\/\/refugeeresearch.net\/\",\"name\":\"(English) Refugee Research Network\",\"description\":\"\",\"potentialAction\":[{\"@type\":\"SearchAction\",\"target\":{\"@type\":\"EntryPoint\",\"urlTemplate\":\"https:\/\/refugeeresearch.net\/?s={search_term_string}\"},\"query-input\":{\"@type\":\"PropertyValueSpecification\",\"valueRequired\":true,\"valueName\":\"search_term_string\"}}],\"inLanguage\":\"es\"}]}<\/script>\n<!-- \/ Yoast SEO plugin. -->","yoast_head_json":{"title":"[:en]Institutional Partners[:es]Asociados Institucionales [:ar]\u0627\u0644\u0645\u0624\u0633\u0633\u0627\u062a \u0627\u0644\u0634\u0631\u064a\u0643\u0629[:sw]Washirika kitaasisi[:] - (English) Refugee Research Network","robots":{"index":"index","follow":"follow","max-snippet":"max-snippet:-1","max-image-preview":"max-image-preview:large","max-video-preview":"max-video-preview:-1"},"canonical":"https:\/\/refugeeresearch.net\/about-the-rrn\/institutional-partners\/","og_locale":"es_ES","og_type":"article","og_title":"[:en]Institutional Partners[:es]Asociados Institucionales [:ar]\u0627\u0644\u0645\u0624\u0633\u0633\u0627\u062a \u0627\u0644\u0634\u0631\u064a\u0643\u0629[:sw]Washirika kitaasisi[:] - (English) Refugee Research Network","og_description":"El Consejo Canadiense para los Refugiados (Canadian Council for Refugees) (Janet Dench, Director Ejecutivo) es una organizaci\u00f3n sin fines de lucro de aproximadamente 170 organizaciones miembros en todo Canad\u00e1 que participan en el acuerdo, el patrocinio y la protecci\u00f3n de los refugiados y los inmigrantes. Se trata de proporcionar liderazgo a la red internacional emergente &hellip; Seguir leyendo Asociados Institucionales &rarr;","og_url":"https:\/\/refugeeresearch.net\/about-the-rrn\/institutional-partners\/","og_site_name":"(English) Refugee Research Network","article_publisher":"https:\/\/www.facebook.com\/groups\/30614536012","article_modified_time":"2015-11-20T12:21:54+00:00","twitter_card":"summary_large_image","twitter_site":"@refugeeresearch","twitter_misc":{"Tiempo de lectura":"6 minutos"},"schema":{"@context":"https:\/\/schema.org","@graph":[{"@type":"WebPage","@id":"https:\/\/refugeeresearch.net\/about-the-rrn\/institutional-partners\/","url":"https:\/\/refugeeresearch.net\/about-the-rrn\/institutional-partners\/","name":"[:en]Institutional Partners[:es]Asociados Institucionales [:ar]\u0627\u0644\u0645\u0624\u0633\u0633\u0627\u062a \u0627\u0644\u0634\u0631\u064a\u0643\u0629[:sw]Washirika kitaasisi[:] - (English) Refugee Research Network","isPartOf":{"@id":"https:\/\/refugeeresearch.net\/#website"},"datePublished":"2015-01-08T06:47:41+00:00","dateModified":"2015-11-20T12:21:54+00:00","breadcrumb":{"@id":"https:\/\/refugeeresearch.net\/about-the-rrn\/institutional-partners\/#breadcrumb"},"inLanguage":"es","potentialAction":[{"@type":"ReadAction","target":["https:\/\/refugeeresearch.net\/about-the-rrn\/institutional-partners\/"]}]},{"@type":"BreadcrumbList","@id":"https:\/\/refugeeresearch.net\/about-the-rrn\/institutional-partners\/#breadcrumb","itemListElement":[{"@type":"ListItem","position":1,"name":"Home","item":"https:\/\/refugeeresearch.net\/"},{"@type":"ListItem","position":2,"name":"Mobilizing Refugee Research","item":"https:\/\/refugeeresearch.net\/about-the-rrn\/"},{"@type":"ListItem","position":3,"name":"Institutional Partners"}]},{"@type":"WebSite","@id":"https:\/\/refugeeresearch.net\/#website","url":"https:\/\/refugeeresearch.net\/","name":"(English) Refugee Research Network","description":"","potentialAction":[{"@type":"SearchAction","target":{"@type":"EntryPoint","urlTemplate":"https:\/\/refugeeresearch.net\/?s={search_term_string}"},"query-input":{"@type":"PropertyValueSpecification","valueRequired":true,"valueName":"search_term_string"}}],"inLanguage":"es"}]}},"_links":{"self":[{"href":"https:\/\/refugeeresearch.net\/es\/wp-json\/wp\/v2\/pages\/182","targetHints":{"allow":["GET"]}}],"collection":[{"href":"https:\/\/refugeeresearch.net\/es\/wp-json\/wp\/v2\/pages"}],"about":[{"href":"https:\/\/refugeeresearch.net\/es\/wp-json\/wp\/v2\/types\/page"}],"author":[{"embeddable":true,"href":"https:\/\/refugeeresearch.net\/es\/wp-json\/wp\/v2\/users\/46"}],"replies":[{"embeddable":true,"href":"https:\/\/refugeeresearch.net\/es\/wp-json\/wp\/v2\/comments?post=182"}],"version-history":[{"count":0,"href":"https:\/\/refugeeresearch.net\/es\/wp-json\/wp\/v2\/pages\/182\/revisions"}],"up":[{"embeddable":true,"href":"https:\/\/refugeeresearch.net\/es\/wp-json\/wp\/v2\/pages\/431"}],"wp:attachment":[{"href":"https:\/\/refugeeresearch.net\/es\/wp-json\/wp\/v2\/media?parent=182"}],"curies":[{"name":"wp","href":"https:\/\/api.w.org\/{rel}","templated":true}]}}