{"id":186,"date":"2015-01-08T01:56:09","date_gmt":"2015-01-08T06:56:09","guid":{"rendered":"http:\/\/rrnwp.apps01.yorku.ca\/?page_id=186"},"modified":"2015-11-20T07:22:37","modified_gmt":"2015-11-20T12:22:37","slug":"voluntary-sector-organization-and-agency-partnerships","status":"publish","type":"page","link":"https:\/\/refugeeresearch.net\/es\/about-the-rrn\/voluntary-sector-organization-and-agency-partnerships\/","title":{"rendered":"Organizaci\u00f3n Internacional del Sector de Trabajo Voluntario y Agencias Socias"},"content":{"rendered":"<p>La<b> Asociaci\u00f3n Internacional para el Estudio de Migraci\u00f3n Forzada<\/b> es una comunidad, independiente y aut\u00f3noma, de eruditos y profesionales quienes se interesan en el entendimiento de la migraci\u00f3n forzada y trabajan para mejorar la formulaci\u00f3n de pol\u00edticas y programas de administraci\u00f3n relacionadas con refugiados y personas desplazadas. La afiliaci\u00f3n forma una comunidad abierta, internacional y colegial, la cual es receptiva a conocer y aprender de otros, y no es simplemente una organizaci\u00f3n acad\u00e9mica, si no que incluye profesionales y legisladores. (Susan Martin, Presidenta)<\/p>\n<p>El<b> Alto Comisionado de las Naciones Unidas para los Refugiados (ACNUR)<\/b> aboga por los derechos humanos fundamentales y busca resolver los problemas que afectan a los refugiados. ACNUR monitorea la conformidad de gobiernos con la ley internacional de refugiados; provee varias ayudas para proteger a los refugiados en necesidad; asiste en la repatriaci\u00f3n de refugiados; y ayuda a los refugiados a reestablecerse en sus pa\u00edses de asilo. ACNUR tiene extensas asociaciones con otras organizaciones internacionales y no gubernamentales a trav\u00e9s del planeta. (Jeff Crisp, Director, Desarrollo de Pol\u00edticas y Servicio de Evaluaci\u00f3n)<\/p>\n<p>El <b>Programa Mundial de Alimentos (PMA)<\/b> asiste a las v\u00edctimas de desastres nacionales y gente desplazada. Su objetivo es el desarrollo econ\u00f3mico y social de pa\u00edses que est\u00e1n sufriendo por falta de comida debido a la pobreza o desastres naturales. PMA suministra aprovisionamiento y asistencia humanitaria. El programa tambi\u00e9n crea asociaciones con una amplia variedad de instituciones que incluye otras organizaciones de la ONU, gobiernos, ONGs e institutos de investigaci\u00f3n a nivel mundial. PMA tambi\u00e9n conduce su propia investigaci\u00f3n en asuntos de alimentos. (Nalia Sabra, Directora. Divisi\u00f3n Administrativa del Programa &#038; Asesora de Alto Rango sobre Refugiados y el Programa de Desarrollo Infantil)<\/p>\n<p>El <b>Fondo de las Naciones Unidas para la Infancia (UNICEF)<\/b> esta dedicado a proveer asistencia de socorro a ni\u00f1os afectados por desastres, y proteger sus derechos en toda circunstancia. UNICEF trabaja en colaboraci\u00f3n con socios locales e internacionales, incluyendo gobiernos, agencias de la ONU y de la sociedad civil. Estas asociaciones permiten la extensa entrega de asistencia humanitaria y favorecen amplias variedades de programas necesarios para tratar la gran gama de problemas que afectan los derechos de los ni\u00f1os. Esto es muy importante en situaciones de emergencia, en momentos en que usualmente los derechos de los ni\u00f1os se encuentran amenazados. (Angela Raven-Roberts, Consejera Regional de Emergencias, UNICEF CEE\/CIS &#8211; \u00a0Europa Central y del Este \/ Comunidad de Estados Independientes, Ginebra)<\/p>","protected":false},"excerpt":{"rendered":"<p>La Asociaci\u00f3n Internacional para el Estudio de Migraci\u00f3n Forzada es una comunidad, independiente y aut\u00f3noma, de eruditos y profesionales quienes se interesan en el entendimiento de la migraci\u00f3n forzada y trabajan para mejorar la formulaci\u00f3n de pol\u00edticas y programas de administraci\u00f3n relacionadas con refugiados y personas desplazadas. La afiliaci\u00f3n forma una comunidad abierta, internacional y &hellip; <a href=\"https:\/\/refugeeresearch.net\/es\/about-the-rrn\/voluntary-sector-organization-and-agency-partnerships\/\" class=\"more-link\">Seguir leyendo <span class=\"screen-reader-text\">Organizaci\u00f3n Internacional del Sector de Trabajo Voluntario y Agencias Socias<\/span> <span class=\"meta-nav\">&rarr;<\/span><\/a><\/p>\n","protected":false},"author":46,"featured_media":0,"parent":431,"menu_order":0,"comment_status":"closed","ping_status":"open","template":"page-sc.php","meta":{"_exactmetrics_skip_tracking":false,"_exactmetrics_sitenote_active":false,"_exactmetrics_sitenote_note":"","_exactmetrics_sitenote_category":0,"ngg_post_thumbnail":0,"footnotes":""},"class_list":["post-186","page","type-page","status-publish","hentry"],"yoast_head":"<!-- This site is optimized with the Yoast SEO plugin v24.7 - https:\/\/yoast.com\/wordpress\/plugins\/seo\/ -->\n<title>Organizaci\u00f3n Internacional del Sector de Trabajo Voluntario y Agencias Socias  - (English) Refugee Research Network<\/title>\n<meta name=\"robots\" content=\"index, follow, max-snippet:-1, max-image-preview:large, max-video-preview:-1\" \/>\n<link rel=\"canonical\" href=\"https:\/\/refugeeresearch.net\/about-the-rrn\/voluntary-sector-organization-and-agency-partnerships\/\" \/>\n<meta property=\"og:locale\" content=\"es_ES\" \/>\n<meta property=\"og:type\" content=\"article\" \/>\n<meta property=\"og:title\" content=\"[:en]Voluntary Sector Organization and Agency Partnerships[:es]Organizaci\u00f3n Internacional del Sector de Trabajo Voluntario y Agencias Socias [:ar] \u0642\u0637\u0627\u0639 \u0627\u0644\u0645\u062a\u0637\u0648\u0639\u064a\u0646 \u0627\u0644\u062f\u0648\u0644\u064a\u064a\u0646 \u0648\u0627\u0644\u0634\u0631\u0627\u0643\u0629 \u0645\u0639 \u0627\u0644\u0645\u0646\u0638\u0645\u0627\u062a \u0627\u0644\u062f\u0648\u0644\u064a\u0629[:sw]Sekta ya Hiari ya Kimataifa Shirika na Shirika la Ushirikiano[:so]Ururaha iska iyo hay\u2019adaha iskaashiga[:] - (English) Refugee Research Network\" \/>\n<meta property=\"og:description\" content=\"La Asociaci\u00f3n Internacional para el Estudio de Migraci\u00f3n Forzada es una comunidad, independiente y aut\u00f3noma, de eruditos y profesionales quienes se interesan en el entendimiento de la migraci\u00f3n forzada y trabajan para mejorar la formulaci\u00f3n de pol\u00edticas y programas de administraci\u00f3n relacionadas con refugiados y personas desplazadas. La afiliaci\u00f3n forma una comunidad abierta, internacional y &hellip; Seguir leyendo Organizaci\u00f3n Internacional del Sector de Trabajo Voluntario y Agencias Socias &rarr;\" \/>\n<meta property=\"og:url\" content=\"https:\/\/refugeeresearch.net\/about-the-rrn\/voluntary-sector-organization-and-agency-partnerships\/\" \/>\n<meta property=\"og:site_name\" content=\"(English) Refugee Research Network\" \/>\n<meta property=\"article:publisher\" content=\"https:\/\/www.facebook.com\/groups\/30614536012\" \/>\n<meta property=\"article:modified_time\" content=\"2015-11-20T12:22:37+00:00\" \/>\n<meta name=\"twitter:card\" content=\"summary_large_image\" \/>\n<meta name=\"twitter:site\" content=\"@refugeeresearch\" \/>\n<meta name=\"twitter:label1\" content=\"Tiempo de lectura\" \/>\n\t<meta name=\"twitter:data1\" content=\"8 minutos\" \/>\n<script type=\"application\/ld+json\" class=\"yoast-schema-graph\">{\"@context\":\"https:\/\/schema.org\",\"@graph\":[{\"@type\":\"WebPage\",\"@id\":\"https:\/\/refugeeresearch.net\/about-the-rrn\/voluntary-sector-organization-and-agency-partnerships\/\",\"url\":\"https:\/\/refugeeresearch.net\/about-the-rrn\/voluntary-sector-organization-and-agency-partnerships\/\",\"name\":\"[:en]Voluntary Sector Organization and Agency Partnerships[:es]Organizaci\u00f3n Internacional del Sector de Trabajo Voluntario y Agencias Socias [:ar] \u0642\u0637\u0627\u0639 \u0627\u0644\u0645\u062a\u0637\u0648\u0639\u064a\u0646 \u0627\u0644\u062f\u0648\u0644\u064a\u064a\u0646 \u0648\u0627\u0644\u0634\u0631\u0627\u0643\u0629 \u0645\u0639 \u0627\u0644\u0645\u0646\u0638\u0645\u0627\u062a \u0627\u0644\u062f\u0648\u0644\u064a\u0629[:sw]Sekta ya Hiari ya Kimataifa Shirika na Shirika la Ushirikiano[:so]Ururaha iska iyo hay\u2019adaha iskaashiga[:] - (English) Refugee Research Network\",\"isPartOf\":{\"@id\":\"https:\/\/refugeeresearch.net\/#website\"},\"datePublished\":\"2015-01-08T06:56:09+00:00\",\"dateModified\":\"2015-11-20T12:22:37+00:00\",\"breadcrumb\":{\"@id\":\"https:\/\/refugeeresearch.net\/about-the-rrn\/voluntary-sector-organization-and-agency-partnerships\/#breadcrumb\"},\"inLanguage\":\"es\",\"potentialAction\":[{\"@type\":\"ReadAction\",\"target\":[\"https:\/\/refugeeresearch.net\/about-the-rrn\/voluntary-sector-organization-and-agency-partnerships\/\"]}]},{\"@type\":\"BreadcrumbList\",\"@id\":\"https:\/\/refugeeresearch.net\/about-the-rrn\/voluntary-sector-organization-and-agency-partnerships\/#breadcrumb\",\"itemListElement\":[{\"@type\":\"ListItem\",\"position\":1,\"name\":\"Home\",\"item\":\"https:\/\/refugeeresearch.net\/\"},{\"@type\":\"ListItem\",\"position\":2,\"name\":\"Mobilizing Refugee Research\",\"item\":\"https:\/\/refugeeresearch.net\/about-the-rrn\/\"},{\"@type\":\"ListItem\",\"position\":3,\"name\":\"Voluntary Sector Organization and Agency Partnerships\"}]},{\"@type\":\"WebSite\",\"@id\":\"https:\/\/refugeeresearch.net\/#website\",\"url\":\"https:\/\/refugeeresearch.net\/\",\"name\":\"(English) Refugee Research Network\",\"description\":\"\",\"potentialAction\":[{\"@type\":\"SearchAction\",\"target\":{\"@type\":\"EntryPoint\",\"urlTemplate\":\"https:\/\/refugeeresearch.net\/?s={search_term_string}\"},\"query-input\":{\"@type\":\"PropertyValueSpecification\",\"valueRequired\":true,\"valueName\":\"search_term_string\"}}],\"inLanguage\":\"es\"}]}<\/script>\n<!-- \/ Yoast SEO plugin. -->","yoast_head_json":{"title":"[:en]Voluntary Sector Organization and Agency Partnerships[:es]Organizaci\u00f3n Internacional del Sector de Trabajo Voluntario y Agencias Socias [:ar] \u0642\u0637\u0627\u0639 \u0627\u0644\u0645\u062a\u0637\u0648\u0639\u064a\u0646 \u0627\u0644\u062f\u0648\u0644\u064a\u064a\u0646 \u0648\u0627\u0644\u0634\u0631\u0627\u0643\u0629 \u0645\u0639 \u0627\u0644\u0645\u0646\u0638\u0645\u0627\u062a \u0627\u0644\u062f\u0648\u0644\u064a\u0629[:sw]Sekta ya Hiari ya Kimataifa Shirika na Shirika la Ushirikiano[:so]Ururaha iska iyo hay\u2019adaha iskaashiga[:] - (English) Refugee Research Network","robots":{"index":"index","follow":"follow","max-snippet":"max-snippet:-1","max-image-preview":"max-image-preview:large","max-video-preview":"max-video-preview:-1"},"canonical":"https:\/\/refugeeresearch.net\/about-the-rrn\/voluntary-sector-organization-and-agency-partnerships\/","og_locale":"es_ES","og_type":"article","og_title":"[:en]Voluntary Sector Organization and Agency Partnerships[:es]Organizaci\u00f3n Internacional del Sector de Trabajo Voluntario y Agencias Socias [:ar] \u0642\u0637\u0627\u0639 \u0627\u0644\u0645\u062a\u0637\u0648\u0639\u064a\u0646 \u0627\u0644\u062f\u0648\u0644\u064a\u064a\u0646 \u0648\u0627\u0644\u0634\u0631\u0627\u0643\u0629 \u0645\u0639 \u0627\u0644\u0645\u0646\u0638\u0645\u0627\u062a \u0627\u0644\u062f\u0648\u0644\u064a\u0629[:sw]Sekta ya Hiari ya Kimataifa Shirika na Shirika la Ushirikiano[:so]Ururaha iska iyo hay\u2019adaha iskaashiga[:] - (English) Refugee Research Network","og_description":"La Asociaci\u00f3n Internacional para el Estudio de Migraci\u00f3n Forzada es una comunidad, independiente y aut\u00f3noma, de eruditos y profesionales quienes se interesan en el entendimiento de la migraci\u00f3n forzada y trabajan para mejorar la formulaci\u00f3n de pol\u00edticas y programas de administraci\u00f3n relacionadas con refugiados y personas desplazadas. La afiliaci\u00f3n forma una comunidad abierta, internacional y &hellip; Seguir leyendo Organizaci\u00f3n Internacional del Sector de Trabajo Voluntario y Agencias Socias &rarr;","og_url":"https:\/\/refugeeresearch.net\/about-the-rrn\/voluntary-sector-organization-and-agency-partnerships\/","og_site_name":"(English) Refugee Research Network","article_publisher":"https:\/\/www.facebook.com\/groups\/30614536012","article_modified_time":"2015-11-20T12:22:37+00:00","twitter_card":"summary_large_image","twitter_site":"@refugeeresearch","twitter_misc":{"Tiempo de lectura":"8 minutos"},"schema":{"@context":"https:\/\/schema.org","@graph":[{"@type":"WebPage","@id":"https:\/\/refugeeresearch.net\/about-the-rrn\/voluntary-sector-organization-and-agency-partnerships\/","url":"https:\/\/refugeeresearch.net\/about-the-rrn\/voluntary-sector-organization-and-agency-partnerships\/","name":"[:en]Voluntary Sector Organization and Agency Partnerships[:es]Organizaci\u00f3n Internacional del Sector de Trabajo Voluntario y Agencias Socias [:ar] \u0642\u0637\u0627\u0639 \u0627\u0644\u0645\u062a\u0637\u0648\u0639\u064a\u0646 \u0627\u0644\u062f\u0648\u0644\u064a\u064a\u0646 \u0648\u0627\u0644\u0634\u0631\u0627\u0643\u0629 \u0645\u0639 \u0627\u0644\u0645\u0646\u0638\u0645\u0627\u062a \u0627\u0644\u062f\u0648\u0644\u064a\u0629[:sw]Sekta ya Hiari ya Kimataifa Shirika na Shirika la Ushirikiano[:so]Ururaha iska iyo hay\u2019adaha iskaashiga[:] - (English) Refugee Research Network","isPartOf":{"@id":"https:\/\/refugeeresearch.net\/#website"},"datePublished":"2015-01-08T06:56:09+00:00","dateModified":"2015-11-20T12:22:37+00:00","breadcrumb":{"@id":"https:\/\/refugeeresearch.net\/about-the-rrn\/voluntary-sector-organization-and-agency-partnerships\/#breadcrumb"},"inLanguage":"es","potentialAction":[{"@type":"ReadAction","target":["https:\/\/refugeeresearch.net\/about-the-rrn\/voluntary-sector-organization-and-agency-partnerships\/"]}]},{"@type":"BreadcrumbList","@id":"https:\/\/refugeeresearch.net\/about-the-rrn\/voluntary-sector-organization-and-agency-partnerships\/#breadcrumb","itemListElement":[{"@type":"ListItem","position":1,"name":"Home","item":"https:\/\/refugeeresearch.net\/"},{"@type":"ListItem","position":2,"name":"Mobilizing Refugee Research","item":"https:\/\/refugeeresearch.net\/about-the-rrn\/"},{"@type":"ListItem","position":3,"name":"Voluntary Sector Organization and Agency Partnerships"}]},{"@type":"WebSite","@id":"https:\/\/refugeeresearch.net\/#website","url":"https:\/\/refugeeresearch.net\/","name":"(English) Refugee Research Network","description":"","potentialAction":[{"@type":"SearchAction","target":{"@type":"EntryPoint","urlTemplate":"https:\/\/refugeeresearch.net\/?s={search_term_string}"},"query-input":{"@type":"PropertyValueSpecification","valueRequired":true,"valueName":"search_term_string"}}],"inLanguage":"es"}]}},"_links":{"self":[{"href":"https:\/\/refugeeresearch.net\/es\/wp-json\/wp\/v2\/pages\/186","targetHints":{"allow":["GET"]}}],"collection":[{"href":"https:\/\/refugeeresearch.net\/es\/wp-json\/wp\/v2\/pages"}],"about":[{"href":"https:\/\/refugeeresearch.net\/es\/wp-json\/wp\/v2\/types\/page"}],"author":[{"embeddable":true,"href":"https:\/\/refugeeresearch.net\/es\/wp-json\/wp\/v2\/users\/46"}],"replies":[{"embeddable":true,"href":"https:\/\/refugeeresearch.net\/es\/wp-json\/wp\/v2\/comments?post=186"}],"version-history":[{"count":0,"href":"https:\/\/refugeeresearch.net\/es\/wp-json\/wp\/v2\/pages\/186\/revisions"}],"up":[{"embeddable":true,"href":"https:\/\/refugeeresearch.net\/es\/wp-json\/wp\/v2\/pages\/431"}],"wp:attachment":[{"href":"https:\/\/refugeeresearch.net\/es\/wp-json\/wp\/v2\/media?parent=186"}],"curies":[{"name":"wp","href":"https:\/\/api.w.org\/{rel}","templated":true}]}}