{"id":189,"date":"2015-01-08T02:00:40","date_gmt":"2015-01-08T07:00:40","guid":{"rendered":"http:\/\/rrnwp.apps01.yorku.ca\/?page_id=189"},"modified":"2016-11-02T17:36:57","modified_gmt":"2016-11-02T21:36:57","slug":"rrn-newsletter","status":"publish","type":"page","link":"https:\/\/refugeeresearch.net\/es\/about-the-rrn\/rrn-newsletter\/","title":{"rendered":"Bolet\u00edn Electr\u00f3nico del RRN"},"content":{"rendered":"<p><span id=\"result_box\" class=\"\" lang=\"es\">Aqu\u00ed encontrar\u00e1 informaci\u00f3n sobre las actividades en curso y recientemente completadas de la red, y actualizaciones sobre nuevos desarrollos. El bolet\u00edn de la Red de Investigaci\u00f3n de Refugiados es una publicaci\u00f3n anual accesible en formato electr\u00f3nico. <span class=\"\">El bolet\u00edn de la red de investigaci\u00f3n de refugiados es una publicaci\u00f3n anual accesible en formato electr\u00f3nico.<\/span><\/span><\/p>\n<p><a href=\"http:\/\/refugeeresearch.net\/rrndev\/wp-content\/uploads\/2015\/01\/RRN-Newsletter-Spring-2010.pdf\">RRN Newsletter Spring 2010<\/a><\/p>\n<p><a href=\"http:\/\/refugeeresearch.net\/rrndev\/wp-content\/uploads\/2015\/01\/RRN-Newsletter-Spring-2011.pdf\">RRN Newsletter Spring 2011<\/a><\/p>\n<p><a href=\"http:\/\/refugeeresearch.net\/rrndev\/wp-content\/uploads\/2015\/01\/RRN-Newsletter-Spring-2012.pdf\">RRN Newsletter Spring 2012<\/a><\/p>\n<p><a href=\"http:\/\/rrn.gtahosting.ca\/wp-content\/uploads\/2015\/01\/RRN-Newsletter-FALL-2013.pdf\">RRN Newsletter Fall 2013<\/a><\/p>","protected":false},"excerpt":{"rendered":"<p>Aqu\u00ed encontrar\u00e1 informaci\u00f3n sobre las actividades en curso y recientemente completadas de la red, y actualizaciones sobre nuevos desarrollos. El bolet\u00edn de la Red de Investigaci\u00f3n de Refugiados es una publicaci\u00f3n anual accesible en formato electr\u00f3nico. El bolet\u00edn de la red de investigaci\u00f3n de refugiados es una publicaci\u00f3n anual accesible en formato electr\u00f3nico. RRN Newsletter &hellip; <a href=\"https:\/\/refugeeresearch.net\/es\/about-the-rrn\/rrn-newsletter\/\" class=\"more-link\">Seguir leyendo <span class=\"screen-reader-text\">Bolet\u00edn Electr\u00f3nico del RRN<\/span> <span class=\"meta-nav\">&rarr;<\/span><\/a><\/p>\n","protected":false},"author":46,"featured_media":0,"parent":431,"menu_order":0,"comment_status":"closed","ping_status":"open","template":"","meta":{"_exactmetrics_skip_tracking":false,"_exactmetrics_sitenote_active":false,"_exactmetrics_sitenote_note":"","_exactmetrics_sitenote_category":0,"ngg_post_thumbnail":0,"footnotes":""},"class_list":["post-189","page","type-page","status-publish","hentry"],"yoast_head":"<!-- This site is optimized with the Yoast SEO plugin v24.7 - https:\/\/yoast.com\/wordpress\/plugins\/seo\/ -->\n<title>Bolet\u00edn Electr\u00f3nico del RRN - (English) Refugee Research Network<\/title>\n<meta name=\"robots\" content=\"index, follow, max-snippet:-1, max-image-preview:large, max-video-preview:-1\" \/>\n<link rel=\"canonical\" href=\"https:\/\/refugeeresearch.net\/about-the-rrn\/rrn-newsletter\/\" \/>\n<meta property=\"og:locale\" content=\"es_ES\" \/>\n<meta property=\"og:type\" content=\"article\" \/>\n<meta property=\"og:title\" content=\"[:en]RRN newsletters[:es]Bolet\u00edn Electr\u00f3nico del RRN[:ar]\u0627\u0644\u0646\u0634\u0631\u0629 \u0627\u0644\u0625\u0644\u0643\u062a\u0631\u0648\u0646\u064a\u0629 \u0644\u0634\u0628\u0643\u0629 \u0623\u0628\u062d\u0627\u062b \u0627\u0644\u0644\u0627\u062c\u0626\u0646[:so]warsidaha RRN[:sw]Jarida ya RRN[:] - (English) Refugee Research Network\" \/>\n<meta property=\"og:description\" content=\"Aqu\u00ed encontrar\u00e1 informaci\u00f3n sobre las actividades en curso y recientemente completadas de la red, y actualizaciones sobre nuevos desarrollos. El bolet\u00edn de la Red de Investigaci\u00f3n de Refugiados es una publicaci\u00f3n anual accesible en formato electr\u00f3nico. El bolet\u00edn de la red de investigaci\u00f3n de refugiados es una publicaci\u00f3n anual accesible en formato electr\u00f3nico. RRN Newsletter &hellip; Seguir leyendo Bolet\u00edn Electr\u00f3nico del RRN &rarr;\" \/>\n<meta property=\"og:url\" content=\"https:\/\/refugeeresearch.net\/about-the-rrn\/rrn-newsletter\/\" \/>\n<meta property=\"og:site_name\" content=\"(English) Refugee Research Network\" \/>\n<meta property=\"article:publisher\" content=\"https:\/\/www.facebook.com\/groups\/30614536012\" \/>\n<meta property=\"article:modified_time\" content=\"2016-11-02T21:36:57+00:00\" \/>\n<meta name=\"twitter:card\" content=\"summary_large_image\" \/>\n<meta name=\"twitter:site\" content=\"@refugeeresearch\" \/>\n<meta name=\"twitter:label1\" content=\"Tiempo de lectura\" \/>\n\t<meta name=\"twitter:data1\" content=\"1 minuto\" \/>\n<script type=\"application\/ld+json\" class=\"yoast-schema-graph\">{\"@context\":\"https:\/\/schema.org\",\"@graph\":[{\"@type\":\"WebPage\",\"@id\":\"https:\/\/refugeeresearch.net\/about-the-rrn\/rrn-newsletter\/\",\"url\":\"https:\/\/refugeeresearch.net\/about-the-rrn\/rrn-newsletter\/\",\"name\":\"[:en]RRN newsletters[:es]Bolet\u00edn Electr\u00f3nico del RRN[:ar]\u0627\u0644\u0646\u0634\u0631\u0629 \u0627\u0644\u0625\u0644\u0643\u062a\u0631\u0648\u0646\u064a\u0629 \u0644\u0634\u0628\u0643\u0629 \u0623\u0628\u062d\u0627\u062b \u0627\u0644\u0644\u0627\u062c\u0626\u0646[:so]warsidaha RRN[:sw]Jarida ya RRN[:] - (English) Refugee Research Network\",\"isPartOf\":{\"@id\":\"https:\/\/refugeeresearch.net\/#website\"},\"datePublished\":\"2015-01-08T07:00:40+00:00\",\"dateModified\":\"2016-11-02T21:36:57+00:00\",\"breadcrumb\":{\"@id\":\"https:\/\/refugeeresearch.net\/about-the-rrn\/rrn-newsletter\/#breadcrumb\"},\"inLanguage\":\"es\",\"potentialAction\":[{\"@type\":\"ReadAction\",\"target\":[\"https:\/\/refugeeresearch.net\/about-the-rrn\/rrn-newsletter\/\"]}]},{\"@type\":\"BreadcrumbList\",\"@id\":\"https:\/\/refugeeresearch.net\/about-the-rrn\/rrn-newsletter\/#breadcrumb\",\"itemListElement\":[{\"@type\":\"ListItem\",\"position\":1,\"name\":\"Home\",\"item\":\"https:\/\/refugeeresearch.net\/\"},{\"@type\":\"ListItem\",\"position\":2,\"name\":\"Mobilizing Refugee Research\",\"item\":\"https:\/\/refugeeresearch.net\/about-the-rrn\/\"},{\"@type\":\"ListItem\",\"position\":3,\"name\":\"RRN newsletters\"}]},{\"@type\":\"WebSite\",\"@id\":\"https:\/\/refugeeresearch.net\/#website\",\"url\":\"https:\/\/refugeeresearch.net\/\",\"name\":\"(English) Refugee Research Network\",\"description\":\"\",\"potentialAction\":[{\"@type\":\"SearchAction\",\"target\":{\"@type\":\"EntryPoint\",\"urlTemplate\":\"https:\/\/refugeeresearch.net\/?s={search_term_string}\"},\"query-input\":{\"@type\":\"PropertyValueSpecification\",\"valueRequired\":true,\"valueName\":\"search_term_string\"}}],\"inLanguage\":\"es\"}]}<\/script>\n<!-- \/ Yoast SEO plugin. -->","yoast_head_json":{"title":"[:en]RRN newsletters[:es]Bolet\u00edn Electr\u00f3nico del RRN[:ar]\u0627\u0644\u0646\u0634\u0631\u0629 \u0627\u0644\u0625\u0644\u0643\u062a\u0631\u0648\u0646\u064a\u0629 \u0644\u0634\u0628\u0643\u0629 \u0623\u0628\u062d\u0627\u062b \u0627\u0644\u0644\u0627\u062c\u0626\u0646[:so]warsidaha RRN[:sw]Jarida ya RRN[:] - (English) Refugee Research Network","robots":{"index":"index","follow":"follow","max-snippet":"max-snippet:-1","max-image-preview":"max-image-preview:large","max-video-preview":"max-video-preview:-1"},"canonical":"https:\/\/refugeeresearch.net\/about-the-rrn\/rrn-newsletter\/","og_locale":"es_ES","og_type":"article","og_title":"[:en]RRN newsletters[:es]Bolet\u00edn Electr\u00f3nico del RRN[:ar]\u0627\u0644\u0646\u0634\u0631\u0629 \u0627\u0644\u0625\u0644\u0643\u062a\u0631\u0648\u0646\u064a\u0629 \u0644\u0634\u0628\u0643\u0629 \u0623\u0628\u062d\u0627\u062b \u0627\u0644\u0644\u0627\u062c\u0626\u0646[:so]warsidaha RRN[:sw]Jarida ya RRN[:] - (English) Refugee Research Network","og_description":"Aqu\u00ed encontrar\u00e1 informaci\u00f3n sobre las actividades en curso y recientemente completadas de la red, y actualizaciones sobre nuevos desarrollos. El bolet\u00edn de la Red de Investigaci\u00f3n de Refugiados es una publicaci\u00f3n anual accesible en formato electr\u00f3nico. El bolet\u00edn de la red de investigaci\u00f3n de refugiados es una publicaci\u00f3n anual accesible en formato electr\u00f3nico. RRN Newsletter &hellip; Seguir leyendo Bolet\u00edn Electr\u00f3nico del RRN &rarr;","og_url":"https:\/\/refugeeresearch.net\/about-the-rrn\/rrn-newsletter\/","og_site_name":"(English) Refugee Research Network","article_publisher":"https:\/\/www.facebook.com\/groups\/30614536012","article_modified_time":"2016-11-02T21:36:57+00:00","twitter_card":"summary_large_image","twitter_site":"@refugeeresearch","twitter_misc":{"Tiempo de lectura":"1 minuto"},"schema":{"@context":"https:\/\/schema.org","@graph":[{"@type":"WebPage","@id":"https:\/\/refugeeresearch.net\/about-the-rrn\/rrn-newsletter\/","url":"https:\/\/refugeeresearch.net\/about-the-rrn\/rrn-newsletter\/","name":"[:en]RRN newsletters[:es]Bolet\u00edn Electr\u00f3nico del RRN[:ar]\u0627\u0644\u0646\u0634\u0631\u0629 \u0627\u0644\u0625\u0644\u0643\u062a\u0631\u0648\u0646\u064a\u0629 \u0644\u0634\u0628\u0643\u0629 \u0623\u0628\u062d\u0627\u062b \u0627\u0644\u0644\u0627\u062c\u0626\u0646[:so]warsidaha RRN[:sw]Jarida ya RRN[:] - (English) Refugee Research Network","isPartOf":{"@id":"https:\/\/refugeeresearch.net\/#website"},"datePublished":"2015-01-08T07:00:40+00:00","dateModified":"2016-11-02T21:36:57+00:00","breadcrumb":{"@id":"https:\/\/refugeeresearch.net\/about-the-rrn\/rrn-newsletter\/#breadcrumb"},"inLanguage":"es","potentialAction":[{"@type":"ReadAction","target":["https:\/\/refugeeresearch.net\/about-the-rrn\/rrn-newsletter\/"]}]},{"@type":"BreadcrumbList","@id":"https:\/\/refugeeresearch.net\/about-the-rrn\/rrn-newsletter\/#breadcrumb","itemListElement":[{"@type":"ListItem","position":1,"name":"Home","item":"https:\/\/refugeeresearch.net\/"},{"@type":"ListItem","position":2,"name":"Mobilizing Refugee Research","item":"https:\/\/refugeeresearch.net\/about-the-rrn\/"},{"@type":"ListItem","position":3,"name":"RRN newsletters"}]},{"@type":"WebSite","@id":"https:\/\/refugeeresearch.net\/#website","url":"https:\/\/refugeeresearch.net\/","name":"(English) Refugee Research Network","description":"","potentialAction":[{"@type":"SearchAction","target":{"@type":"EntryPoint","urlTemplate":"https:\/\/refugeeresearch.net\/?s={search_term_string}"},"query-input":{"@type":"PropertyValueSpecification","valueRequired":true,"valueName":"search_term_string"}}],"inLanguage":"es"}]}},"_links":{"self":[{"href":"https:\/\/refugeeresearch.net\/es\/wp-json\/wp\/v2\/pages\/189","targetHints":{"allow":["GET"]}}],"collection":[{"href":"https:\/\/refugeeresearch.net\/es\/wp-json\/wp\/v2\/pages"}],"about":[{"href":"https:\/\/refugeeresearch.net\/es\/wp-json\/wp\/v2\/types\/page"}],"author":[{"embeddable":true,"href":"https:\/\/refugeeresearch.net\/es\/wp-json\/wp\/v2\/users\/46"}],"replies":[{"embeddable":true,"href":"https:\/\/refugeeresearch.net\/es\/wp-json\/wp\/v2\/comments?post=189"}],"version-history":[{"count":0,"href":"https:\/\/refugeeresearch.net\/es\/wp-json\/wp\/v2\/pages\/189\/revisions"}],"up":[{"embeddable":true,"href":"https:\/\/refugeeresearch.net\/es\/wp-json\/wp\/v2\/pages\/431"}],"wp:attachment":[{"href":"https:\/\/refugeeresearch.net\/es\/wp-json\/wp\/v2\/media?parent=189"}],"curies":[{"name":"wp","href":"https:\/\/api.w.org\/{rel}","templated":true}]}}