{"id":232,"date":"2015-01-13T17:05:41","date_gmt":"2015-01-13T22:05:41","guid":{"rendered":"http:\/\/rrnwp.apps01.yorku.ca\/?page_id=232"},"modified":"2016-11-02T17:52:19","modified_gmt":"2016-11-02T21:52:19","slug":"rrn-research-clusters","status":"publish","type":"page","link":"https:\/\/refugeeresearch.net\/es\/rrn-research-clusters\/","title":{"rendered":"Grupos o Clusters de investigaci\u00f3n"},"content":{"rendered":"<p><span id=\"result_box\" class=\"\" lang=\"es\"><span class=\"\">Grupos o Clusters de investigaci\u00f3n re\u00fane a acad\u00e9micos, estudiantes, investigadores, la sociedad civil y otros participantes interesados para abordar temas cr\u00edticos relacionados con el estudio de los refugiados y la migraci\u00f3n forzada.<\/span> <span class=\"\">El maquillaje y las operaciones de cada uno difieren seg\u00fan sus miembros.<\/span><\/span><\/p>\n<p><strong><span id=\"result_box\" lang=\"en\"><span class=\"hps\"><span id=\"result_box\" class=\"\" lang=\"es\"><span class=\"\">Grupos o Clusters de investigaci\u00f3n<\/span><\/span><\/span><\/span><\/strong><\/p>\n<ul>\n<li><span id=\"result_box\" lang=\"en\"><a href=\"http:\/\/refugeeresearch.net\/rrndev\/rrn-research-clusters\/detention-asylum-cluster\"><span class=\"hps\">Cluster o Grupo sobre Detenci\u00f3n y Asilo<\/span><\/a><br \/>\n<\/span><\/li>\n<li><span id=\"result_box\" lang=\"en\"><a href=\"http:\/\/refugeeresearch.net\/rrndev\/rrn-research-clusters\/gender-sexuality-cluster-gsc\/\"><span class=\"hps\">G\u00e9nero y Sexualidad<\/span><\/a><\/span><span id=\"result_box\" lang=\"en\"><br \/>\n<\/span><\/li>\n<li><span id=\"result_box\" lang=\"en\"><a href=\"http:\/\/refugeeresearch.net\/rrndev\/rrn-research-clusters\/environmental-displacement-cluster\/\"><span class=\"hps\">Grupo sobre Desplazamiento Ambiental<\/span><\/a><br \/>\n<\/span><\/li>\n<li><span id=\"result_box\" lang=\"en\"><a href=\"http:\/\/refugeeresearch.net\/rrndev\/rrn-research-clusters\/methodology-production-of-knowledge-in-forced-migration-contexts-cluster\/\"><span class=\"hps\">Cluster o grupo de Metodolog\u00eda y Producci\u00f3n del Conocimiento en Contextos de Migraci\u00f3n Forzada <\/span><\/a><br \/>\n<\/span><\/li>\n<li><span id=\"result_box\" lang=\"en\"><a href=\"http:\/\/refugeeresearch.net\/rrndev\/rrn-research-clusters\/international-refugee-law-cluster\/\"><span class=\"hps\">Derecho Internacional de los Refugiados<\/span><\/a><br \/>\n<\/span><\/li>\n<li><span id=\"result_box\" lang=\"en\"><a href=\"http:\/\/refugeeresearch.net\/rrndev\/rrn-research-clusters\/archived-clusters\"><span class=\"hps\">Grupos (Clusters) archivados<\/span><\/a><\/span><\/li>\n<\/ul>\n<p><\/p>","protected":false},"excerpt":{"rendered":"<p>Grupos o Clusters de investigaci\u00f3n re\u00fane a acad\u00e9micos, estudiantes, investigadores, la sociedad civil y otros participantes interesados para abordar temas cr\u00edticos relacionados con el estudio de los refugiados y la migraci\u00f3n forzada. El maquillaje y las operaciones de cada uno difieren seg\u00fan sus miembros. Grupos o Clusters de investigaci\u00f3n Cluster o Grupo sobre Detenci\u00f3n y &hellip; <a href=\"https:\/\/refugeeresearch.net\/es\/rrn-research-clusters\/\" class=\"more-link\">Seguir leyendo <span class=\"screen-reader-text\">Grupos o Clusters de investigaci\u00f3n<\/span> <span class=\"meta-nav\">&rarr;<\/span><\/a><\/p>\n","protected":false},"author":46,"featured_media":0,"parent":0,"menu_order":0,"comment_status":"closed","ping_status":"open","template":"","meta":{"_exactmetrics_skip_tracking":false,"_exactmetrics_sitenote_active":false,"_exactmetrics_sitenote_note":"","_exactmetrics_sitenote_category":0,"ngg_post_thumbnail":0,"footnotes":""},"class_list":["post-232","page","type-page","status-publish","hentry"],"yoast_head":"<!-- This site is optimized with the Yoast SEO plugin v24.7 - https:\/\/yoast.com\/wordpress\/plugins\/seo\/ -->\n<title>Grupos o Clusters de investigaci\u00f3n - (English) Refugee Research Network<\/title>\n<meta name=\"robots\" content=\"index, follow, max-snippet:-1, max-image-preview:large, max-video-preview:-1\" \/>\n<link rel=\"canonical\" href=\"https:\/\/refugeeresearch.net\/rrn-research-clusters\/\" \/>\n<meta property=\"og:locale\" content=\"es_ES\" \/>\n<meta property=\"og:type\" content=\"article\" \/>\n<meta property=\"og:title\" content=\"[:en]RRN Research Clusters[:es]Grupos o Clusters de investigaci\u00f3n[:ar]\u0645\u062c\u0645\u0648\u0639\u0627\u062a \u0628\u062d\u062b\u064a\u0629[:sw]Kooxaha cilmi-baarista[:] - (English) Refugee Research Network\" \/>\n<meta property=\"og:description\" content=\"Grupos o Clusters de investigaci\u00f3n re\u00fane a acad\u00e9micos, estudiantes, investigadores, la sociedad civil y otros participantes interesados para abordar temas cr\u00edticos relacionados con el estudio de los refugiados y la migraci\u00f3n forzada. El maquillaje y las operaciones de cada uno difieren seg\u00fan sus miembros. Grupos o Clusters de investigaci\u00f3n Cluster o Grupo sobre Detenci\u00f3n y &hellip; Seguir leyendo Grupos o Clusters de investigaci\u00f3n &rarr;\" \/>\n<meta property=\"og:url\" content=\"https:\/\/refugeeresearch.net\/rrn-research-clusters\/\" \/>\n<meta property=\"og:site_name\" content=\"(English) Refugee Research Network\" \/>\n<meta property=\"article:publisher\" content=\"https:\/\/www.facebook.com\/groups\/30614536012\" \/>\n<meta property=\"article:modified_time\" content=\"2016-11-02T21:52:19+00:00\" \/>\n<meta name=\"twitter:card\" content=\"summary_large_image\" \/>\n<meta name=\"twitter:site\" content=\"@refugeeresearch\" \/>\n<meta name=\"twitter:label1\" content=\"Tiempo de lectura\" \/>\n\t<meta name=\"twitter:data1\" content=\"1 minuto\" \/>\n<script type=\"application\/ld+json\" class=\"yoast-schema-graph\">{\"@context\":\"https:\/\/schema.org\",\"@graph\":[{\"@type\":\"WebPage\",\"@id\":\"https:\/\/refugeeresearch.net\/rrn-research-clusters\/\",\"url\":\"https:\/\/refugeeresearch.net\/rrn-research-clusters\/\",\"name\":\"[:en]RRN Research Clusters[:es]Grupos o Clusters de investigaci\u00f3n[:ar]\u0645\u062c\u0645\u0648\u0639\u0627\u062a \u0628\u062d\u062b\u064a\u0629[:sw]Kooxaha cilmi-baarista[:] - (English) Refugee Research Network\",\"isPartOf\":{\"@id\":\"https:\/\/refugeeresearch.net\/#website\"},\"datePublished\":\"2015-01-13T22:05:41+00:00\",\"dateModified\":\"2016-11-02T21:52:19+00:00\",\"breadcrumb\":{\"@id\":\"https:\/\/refugeeresearch.net\/rrn-research-clusters\/#breadcrumb\"},\"inLanguage\":\"es\",\"potentialAction\":[{\"@type\":\"ReadAction\",\"target\":[\"https:\/\/refugeeresearch.net\/rrn-research-clusters\/\"]}]},{\"@type\":\"BreadcrumbList\",\"@id\":\"https:\/\/refugeeresearch.net\/rrn-research-clusters\/#breadcrumb\",\"itemListElement\":[{\"@type\":\"ListItem\",\"position\":1,\"name\":\"Home\",\"item\":\"https:\/\/refugeeresearch.net\/\"},{\"@type\":\"ListItem\",\"position\":2,\"name\":\"RRN Research Clusters\"}]},{\"@type\":\"WebSite\",\"@id\":\"https:\/\/refugeeresearch.net\/#website\",\"url\":\"https:\/\/refugeeresearch.net\/\",\"name\":\"(English) Refugee Research Network\",\"description\":\"\",\"potentialAction\":[{\"@type\":\"SearchAction\",\"target\":{\"@type\":\"EntryPoint\",\"urlTemplate\":\"https:\/\/refugeeresearch.net\/?s={search_term_string}\"},\"query-input\":{\"@type\":\"PropertyValueSpecification\",\"valueRequired\":true,\"valueName\":\"search_term_string\"}}],\"inLanguage\":\"es\"}]}<\/script>\n<!-- \/ Yoast SEO plugin. -->","yoast_head_json":{"title":"[:en]RRN Research Clusters[:es]Grupos o Clusters de investigaci\u00f3n[:ar]\u0645\u062c\u0645\u0648\u0639\u0627\u062a \u0628\u062d\u062b\u064a\u0629[:sw]Kooxaha cilmi-baarista[:] - (English) Refugee Research Network","robots":{"index":"index","follow":"follow","max-snippet":"max-snippet:-1","max-image-preview":"max-image-preview:large","max-video-preview":"max-video-preview:-1"},"canonical":"https:\/\/refugeeresearch.net\/rrn-research-clusters\/","og_locale":"es_ES","og_type":"article","og_title":"[:en]RRN Research Clusters[:es]Grupos o Clusters de investigaci\u00f3n[:ar]\u0645\u062c\u0645\u0648\u0639\u0627\u062a \u0628\u062d\u062b\u064a\u0629[:sw]Kooxaha cilmi-baarista[:] - (English) Refugee Research Network","og_description":"Grupos o Clusters de investigaci\u00f3n re\u00fane a acad\u00e9micos, estudiantes, investigadores, la sociedad civil y otros participantes interesados para abordar temas cr\u00edticos relacionados con el estudio de los refugiados y la migraci\u00f3n forzada. El maquillaje y las operaciones de cada uno difieren seg\u00fan sus miembros. Grupos o Clusters de investigaci\u00f3n Cluster o Grupo sobre Detenci\u00f3n y &hellip; Seguir leyendo Grupos o Clusters de investigaci\u00f3n &rarr;","og_url":"https:\/\/refugeeresearch.net\/rrn-research-clusters\/","og_site_name":"(English) Refugee Research Network","article_publisher":"https:\/\/www.facebook.com\/groups\/30614536012","article_modified_time":"2016-11-02T21:52:19+00:00","twitter_card":"summary_large_image","twitter_site":"@refugeeresearch","twitter_misc":{"Tiempo de lectura":"1 minuto"},"schema":{"@context":"https:\/\/schema.org","@graph":[{"@type":"WebPage","@id":"https:\/\/refugeeresearch.net\/rrn-research-clusters\/","url":"https:\/\/refugeeresearch.net\/rrn-research-clusters\/","name":"[:en]RRN Research Clusters[:es]Grupos o Clusters de investigaci\u00f3n[:ar]\u0645\u062c\u0645\u0648\u0639\u0627\u062a \u0628\u062d\u062b\u064a\u0629[:sw]Kooxaha cilmi-baarista[:] - (English) Refugee Research Network","isPartOf":{"@id":"https:\/\/refugeeresearch.net\/#website"},"datePublished":"2015-01-13T22:05:41+00:00","dateModified":"2016-11-02T21:52:19+00:00","breadcrumb":{"@id":"https:\/\/refugeeresearch.net\/rrn-research-clusters\/#breadcrumb"},"inLanguage":"es","potentialAction":[{"@type":"ReadAction","target":["https:\/\/refugeeresearch.net\/rrn-research-clusters\/"]}]},{"@type":"BreadcrumbList","@id":"https:\/\/refugeeresearch.net\/rrn-research-clusters\/#breadcrumb","itemListElement":[{"@type":"ListItem","position":1,"name":"Home","item":"https:\/\/refugeeresearch.net\/"},{"@type":"ListItem","position":2,"name":"RRN Research Clusters"}]},{"@type":"WebSite","@id":"https:\/\/refugeeresearch.net\/#website","url":"https:\/\/refugeeresearch.net\/","name":"(English) Refugee Research Network","description":"","potentialAction":[{"@type":"SearchAction","target":{"@type":"EntryPoint","urlTemplate":"https:\/\/refugeeresearch.net\/?s={search_term_string}"},"query-input":{"@type":"PropertyValueSpecification","valueRequired":true,"valueName":"search_term_string"}}],"inLanguage":"es"}]}},"_links":{"self":[{"href":"https:\/\/refugeeresearch.net\/es\/wp-json\/wp\/v2\/pages\/232","targetHints":{"allow":["GET"]}}],"collection":[{"href":"https:\/\/refugeeresearch.net\/es\/wp-json\/wp\/v2\/pages"}],"about":[{"href":"https:\/\/refugeeresearch.net\/es\/wp-json\/wp\/v2\/types\/page"}],"author":[{"embeddable":true,"href":"https:\/\/refugeeresearch.net\/es\/wp-json\/wp\/v2\/users\/46"}],"replies":[{"embeddable":true,"href":"https:\/\/refugeeresearch.net\/es\/wp-json\/wp\/v2\/comments?post=232"}],"version-history":[{"count":0,"href":"https:\/\/refugeeresearch.net\/es\/wp-json\/wp\/v2\/pages\/232\/revisions"}],"wp:attachment":[{"href":"https:\/\/refugeeresearch.net\/es\/wp-json\/wp\/v2\/media?parent=232"}],"curies":[{"name":"wp","href":"https:\/\/api.w.org\/{rel}","templated":true}]}}