{"id":246,"date":"2015-01-13T17:26:34","date_gmt":"2015-01-13T22:26:34","guid":{"rendered":"http:\/\/rrnwp.apps01.yorku.ca\/?page_id=246"},"modified":"2016-01-29T10:02:06","modified_gmt":"2016-01-29T15:02:06","slug":"methodology-production-of-knowledge-in-forced-migration-contexts-cluster","status":"publish","type":"page","link":"https:\/\/refugeeresearch.net\/es\/rrn-research-clusters\/methodology-production-of-knowledge-in-forced-migration-contexts-cluster\/","title":{"rendered":"Cluster o grupo de Metodolog\u00eda y Producci\u00f3n del Conocimiento en Contextos de Migraci\u00f3n Forzada"},"content":{"rendered":"<p><\/p>\n<h2>Descripci\u00f3n<\/h2>\n<p>El Cluster o grupo de Investigaci\u00f3n sobre metodolog\u00eda y producci\u00f3n de conocimiento en contextos de migraci\u00f3n forzada, tiene como objetivo abordar en particular metodol\u00f3gicos, \u00e9ticos y desaf\u00edos epistemol\u00f3gicos a los investigadores que se dedican a la investigaci\u00f3n en contextos de migraci\u00f3n forzada .. En abril de 2012, un grupo de investigaci\u00f3n sobre la metodolog\u00eda y la producci\u00f3n de conocimiento en contextos de migraci\u00f3n forzada fue establecida por Christina Clark-Kazak (Universidad de York) y Galya Ruffer (Northwestern University). El grupo tiene como objetivo abordar determinados retos metodol\u00f3gicos, \u00e9ticos y epistemol\u00f3gicos a los investigadores que se dedican a la investigaci\u00f3n en contextos de migraci\u00f3n forzada.<\/p>\n<h2>Gente<\/h2>\n<p>Miembros principales de la facultad<\/p>\n<ul>\n<li>Christina Clark-Kazak<br \/>\nProfesora\u00a0 Asociada, Departmento de Estudios Internacionales , Glendon College, York University<br \/>\n<span style=\"text-decoration: underline;\"><a href=\"mailto:cclark-kazak@glendon.yorku.ca\">cclark-kazak@glendon.yorku.ca<\/a><\/span><\/li>\n<li>Galya Ruffer<br \/>\nDirectora Fundadora, Centro de Estudios sobre Migraciones Forzadas (Center for Forced Migration Studies, CFMS)<br \/>\nDirectora, Estudios Internacionales, Departmento of Ciencia Pol\u00edtica, Northwestern University<br \/>\n<span style=\"text-decoration: underline;\"><a href=\"mailto:g-ruffer@northwestern.edu\">g-ruffer@northwestern.edu<\/a><\/span><\/li>\n<li>Anita F\u00e1bos<br \/>\nProfesora Asociada,\u00a0 Desarrollo Internacional y Cambio Social (International Development and Social Change), Clark University<br \/>\n<span style=\"text-decoration: underline;\"><a href=\"mailto:afabos@clarku.edu\">afabos@clarku.edu<\/a><\/span><\/li>\n<\/ul>\n<h3>Miembros principales Estudiantiles<\/h3>\n<ul>\n<li>Chizuru Nobe Ghelani<br \/>\nPhD candidate, School of Social Work, York University<\/li>\n<\/ul>\n<p>&nbsp;<\/p>\n<h2>Investigaci\u00f3n<\/h2>\n<p><a href=\"http:\/\/www.refugeeresearch.net\/node\/10229\"><strong>Research Project 1: Methodology and Production of Knowledge in Forced Migration Research<\/strong><\/a><\/p>\n<p>&nbsp;<\/p>\n<h2>Investigaci\u00f3n Estudiantes de PhD<\/h2>\n<p>(under development)<\/p>\n<p>&nbsp;<\/p>\n<h2>Investigaci\u00f3n relacionada<\/h2>\n<ul>\n<li><a href=\"http:\/\/www.refugeeresearch.net\/research_themes\">Refugee-related themes &amp; questions for students<\/a><br \/>\n-una agenda de investigaci\u00f3n generada por la comunidad &amp; projecto piloto , Centre for Refugee Studies, York University, Toronto, Canada.<\/li>\n<li><a href=\"http:\/\/rfmsot.apps01.yorku.ca\/\">Online Research &amp; Teaching Tools (ORTT)<\/a><\/li>\n<\/ul>\n<p>&nbsp;<\/p>\n<h2>Publicaciones y Recursos de Investigaci\u00f3n<strong><br \/>\n<\/strong><\/h2>\n<p><a href=\"http:\/\/refugeeresearch.net\/sites\/default\/files\/ResearchMethodology.ForcedMigration-AnnotatedBibliography.June2013_0.pdf\">Annotated bibliography, June 2013.<\/a><\/p>\n<p>&nbsp;<\/p>\n<h2>Participe<\/h2>\n<p><span style=\"text-decoration: underline;\">Events &amp; announcements<\/span><\/p>\n<p>(under development)<\/p>\n<p>&nbsp;<\/p>\n<h2>En las noticias<\/h2>\n<p>(under development)<\/p>","protected":false},"excerpt":{"rendered":"<p>Descripci\u00f3n El Cluster o grupo de Investigaci\u00f3n sobre metodolog\u00eda y producci\u00f3n de conocimiento en contextos de migraci\u00f3n forzada, tiene como objetivo abordar en particular metodol\u00f3gicos, \u00e9ticos y desaf\u00edos epistemol\u00f3gicos a los investigadores que se dedican a la investigaci\u00f3n en contextos de migraci\u00f3n forzada .. En abril de 2012, un grupo de investigaci\u00f3n sobre la metodolog\u00eda &hellip; <a href=\"https:\/\/refugeeresearch.net\/es\/rrn-research-clusters\/methodology-production-of-knowledge-in-forced-migration-contexts-cluster\/\" class=\"more-link\">Seguir leyendo <span class=\"screen-reader-text\">Cluster o grupo de Metodolog\u00eda y Producci\u00f3n del Conocimiento en Contextos de Migraci\u00f3n Forzada<\/span> <span class=\"meta-nav\">&rarr;<\/span><\/a><\/p>\n","protected":false},"author":46,"featured_media":0,"parent":232,"menu_order":0,"comment_status":"closed","ping_status":"open","template":"","meta":{"_exactmetrics_skip_tracking":false,"_exactmetrics_sitenote_active":false,"_exactmetrics_sitenote_note":"","_exactmetrics_sitenote_category":0,"ngg_post_thumbnail":0,"footnotes":""},"class_list":["post-246","page","type-page","status-publish","hentry"],"yoast_head":"<!-- This site is optimized with the Yoast SEO plugin v24.7 - https:\/\/yoast.com\/wordpress\/plugins\/seo\/ -->\n<title>Cluster o grupo de Metodolog\u00eda y Producci\u00f3n del Conocimiento en Contextos de Migraci\u00f3n Forzada - (English) Refugee Research Network<\/title>\n<meta name=\"robots\" content=\"index, follow, max-snippet:-1, max-image-preview:large, max-video-preview:-1\" \/>\n<link rel=\"canonical\" href=\"https:\/\/refugeeresearch.net\/rrn-research-clusters\/methodology-production-of-knowledge-in-forced-migration-contexts-cluster\/\" \/>\n<meta property=\"og:locale\" content=\"es_ES\" \/>\n<meta property=\"og:type\" content=\"article\" \/>\n<meta property=\"og:title\" content=\"[:en]Methodology &amp; Production of Knowledge in Forced Migration Contexts Cluster [:es]Cluster o grupo de Metodolog\u00eda y Producci\u00f3n del Conocimiento en Contextos de Migraci\u00f3n Forzada[:ar] \u0645\u062c\u0645\u0648\u0639\u0627\u062a \u0627\u0644\u0639\u0645\u0644 \u0641\u064a \u0645\u0646\u0647\u062c\u064a\u0629 \u0627\u0644\u0628\u062d\u062b \u0648\u0625\u0646\u062a\u0627\u062c \u0627\u0644\u0645\u0639\u0631\u0641\u0629 \u0641\u064a \u0633\u064a\u0627\u0642\u0627\u062a \u0627\u0644\u0647\u062c\u0631\u0629 \u0627\u0644\u0642\u0633\u0631\u064a\u0629[:] - (English) Refugee Research Network\" \/>\n<meta property=\"og:description\" content=\"Descripci\u00f3n El Cluster o grupo de Investigaci\u00f3n sobre metodolog\u00eda y producci\u00f3n de conocimiento en contextos de migraci\u00f3n forzada, tiene como objetivo abordar en particular metodol\u00f3gicos, \u00e9ticos y desaf\u00edos epistemol\u00f3gicos a los investigadores que se dedican a la investigaci\u00f3n en contextos de migraci\u00f3n forzada .. En abril de 2012, un grupo de investigaci\u00f3n sobre la metodolog\u00eda &hellip; Seguir leyendo Cluster o grupo de Metodolog\u00eda y Producci\u00f3n del Conocimiento en Contextos de Migraci\u00f3n Forzada &rarr;\" \/>\n<meta property=\"og:url\" content=\"https:\/\/refugeeresearch.net\/rrn-research-clusters\/methodology-production-of-knowledge-in-forced-migration-contexts-cluster\/\" \/>\n<meta property=\"og:site_name\" content=\"(English) Refugee Research Network\" \/>\n<meta property=\"article:publisher\" content=\"https:\/\/www.facebook.com\/groups\/30614536012\" \/>\n<meta property=\"article:modified_time\" content=\"2016-01-29T15:02:06+00:00\" \/>\n<meta name=\"twitter:card\" content=\"summary_large_image\" \/>\n<meta name=\"twitter:site\" content=\"@refugeeresearch\" \/>\n<meta name=\"twitter:label1\" content=\"Tiempo de lectura\" \/>\n\t<meta name=\"twitter:data1\" content=\"3 minutos\" \/>\n<script type=\"application\/ld+json\" class=\"yoast-schema-graph\">{\"@context\":\"https:\/\/schema.org\",\"@graph\":[{\"@type\":\"WebPage\",\"@id\":\"https:\/\/refugeeresearch.net\/rrn-research-clusters\/methodology-production-of-knowledge-in-forced-migration-contexts-cluster\/\",\"url\":\"https:\/\/refugeeresearch.net\/rrn-research-clusters\/methodology-production-of-knowledge-in-forced-migration-contexts-cluster\/\",\"name\":\"[:en]Methodology & Production of Knowledge in Forced Migration Contexts Cluster [:es]Cluster o grupo de Metodolog\u00eda y Producci\u00f3n del Conocimiento en Contextos de Migraci\u00f3n Forzada[:ar] \u0645\u062c\u0645\u0648\u0639\u0627\u062a \u0627\u0644\u0639\u0645\u0644 \u0641\u064a \u0645\u0646\u0647\u062c\u064a\u0629 \u0627\u0644\u0628\u062d\u062b \u0648\u0625\u0646\u062a\u0627\u062c \u0627\u0644\u0645\u0639\u0631\u0641\u0629 \u0641\u064a \u0633\u064a\u0627\u0642\u0627\u062a \u0627\u0644\u0647\u062c\u0631\u0629 \u0627\u0644\u0642\u0633\u0631\u064a\u0629[:] - (English) Refugee Research Network\",\"isPartOf\":{\"@id\":\"https:\/\/refugeeresearch.net\/#website\"},\"datePublished\":\"2015-01-13T22:26:34+00:00\",\"dateModified\":\"2016-01-29T15:02:06+00:00\",\"breadcrumb\":{\"@id\":\"https:\/\/refugeeresearch.net\/rrn-research-clusters\/methodology-production-of-knowledge-in-forced-migration-contexts-cluster\/#breadcrumb\"},\"inLanguage\":\"es\",\"potentialAction\":[{\"@type\":\"ReadAction\",\"target\":[\"https:\/\/refugeeresearch.net\/rrn-research-clusters\/methodology-production-of-knowledge-in-forced-migration-contexts-cluster\/\"]}]},{\"@type\":\"BreadcrumbList\",\"@id\":\"https:\/\/refugeeresearch.net\/rrn-research-clusters\/methodology-production-of-knowledge-in-forced-migration-contexts-cluster\/#breadcrumb\",\"itemListElement\":[{\"@type\":\"ListItem\",\"position\":1,\"name\":\"Home\",\"item\":\"https:\/\/refugeeresearch.net\/\"},{\"@type\":\"ListItem\",\"position\":2,\"name\":\"RRN Research Clusters\",\"item\":\"https:\/\/refugeeresearch.net\/rrn-research-clusters\/\"},{\"@type\":\"ListItem\",\"position\":3,\"name\":\"Methodology &#038; Production of Knowledge in Forced Migration Contexts Cluster\"}]},{\"@type\":\"WebSite\",\"@id\":\"https:\/\/refugeeresearch.net\/#website\",\"url\":\"https:\/\/refugeeresearch.net\/\",\"name\":\"(English) Refugee Research Network\",\"description\":\"\",\"potentialAction\":[{\"@type\":\"SearchAction\",\"target\":{\"@type\":\"EntryPoint\",\"urlTemplate\":\"https:\/\/refugeeresearch.net\/?s={search_term_string}\"},\"query-input\":{\"@type\":\"PropertyValueSpecification\",\"valueRequired\":true,\"valueName\":\"search_term_string\"}}],\"inLanguage\":\"es\"}]}<\/script>\n<!-- \/ Yoast SEO plugin. -->","yoast_head_json":{"title":"[:en]Methodology & Production of Knowledge in Forced Migration Contexts Cluster [:es]Cluster o grupo de Metodolog\u00eda y Producci\u00f3n del Conocimiento en Contextos de Migraci\u00f3n Forzada[:ar] \u0645\u062c\u0645\u0648\u0639\u0627\u062a \u0627\u0644\u0639\u0645\u0644 \u0641\u064a \u0645\u0646\u0647\u062c\u064a\u0629 \u0627\u0644\u0628\u062d\u062b \u0648\u0625\u0646\u062a\u0627\u062c \u0627\u0644\u0645\u0639\u0631\u0641\u0629 \u0641\u064a \u0633\u064a\u0627\u0642\u0627\u062a \u0627\u0644\u0647\u062c\u0631\u0629 \u0627\u0644\u0642\u0633\u0631\u064a\u0629[:] - (English) Refugee Research Network","robots":{"index":"index","follow":"follow","max-snippet":"max-snippet:-1","max-image-preview":"max-image-preview:large","max-video-preview":"max-video-preview:-1"},"canonical":"https:\/\/refugeeresearch.net\/rrn-research-clusters\/methodology-production-of-knowledge-in-forced-migration-contexts-cluster\/","og_locale":"es_ES","og_type":"article","og_title":"[:en]Methodology & Production of Knowledge in Forced Migration Contexts Cluster [:es]Cluster o grupo de Metodolog\u00eda y Producci\u00f3n del Conocimiento en Contextos de Migraci\u00f3n Forzada[:ar] \u0645\u062c\u0645\u0648\u0639\u0627\u062a \u0627\u0644\u0639\u0645\u0644 \u0641\u064a \u0645\u0646\u0647\u062c\u064a\u0629 \u0627\u0644\u0628\u062d\u062b \u0648\u0625\u0646\u062a\u0627\u062c \u0627\u0644\u0645\u0639\u0631\u0641\u0629 \u0641\u064a \u0633\u064a\u0627\u0642\u0627\u062a \u0627\u0644\u0647\u062c\u0631\u0629 \u0627\u0644\u0642\u0633\u0631\u064a\u0629[:] - (English) Refugee Research Network","og_description":"Descripci\u00f3n El Cluster o grupo de Investigaci\u00f3n sobre metodolog\u00eda y producci\u00f3n de conocimiento en contextos de migraci\u00f3n forzada, tiene como objetivo abordar en particular metodol\u00f3gicos, \u00e9ticos y desaf\u00edos epistemol\u00f3gicos a los investigadores que se dedican a la investigaci\u00f3n en contextos de migraci\u00f3n forzada .. En abril de 2012, un grupo de investigaci\u00f3n sobre la metodolog\u00eda &hellip; Seguir leyendo Cluster o grupo de Metodolog\u00eda y Producci\u00f3n del Conocimiento en Contextos de Migraci\u00f3n Forzada &rarr;","og_url":"https:\/\/refugeeresearch.net\/rrn-research-clusters\/methodology-production-of-knowledge-in-forced-migration-contexts-cluster\/","og_site_name":"(English) Refugee Research Network","article_publisher":"https:\/\/www.facebook.com\/groups\/30614536012","article_modified_time":"2016-01-29T15:02:06+00:00","twitter_card":"summary_large_image","twitter_site":"@refugeeresearch","twitter_misc":{"Tiempo de lectura":"3 minutos"},"schema":{"@context":"https:\/\/schema.org","@graph":[{"@type":"WebPage","@id":"https:\/\/refugeeresearch.net\/rrn-research-clusters\/methodology-production-of-knowledge-in-forced-migration-contexts-cluster\/","url":"https:\/\/refugeeresearch.net\/rrn-research-clusters\/methodology-production-of-knowledge-in-forced-migration-contexts-cluster\/","name":"[:en]Methodology & Production of Knowledge in Forced Migration Contexts Cluster [:es]Cluster o grupo de Metodolog\u00eda y Producci\u00f3n del Conocimiento en Contextos de Migraci\u00f3n Forzada[:ar] \u0645\u062c\u0645\u0648\u0639\u0627\u062a \u0627\u0644\u0639\u0645\u0644 \u0641\u064a \u0645\u0646\u0647\u062c\u064a\u0629 \u0627\u0644\u0628\u062d\u062b \u0648\u0625\u0646\u062a\u0627\u062c \u0627\u0644\u0645\u0639\u0631\u0641\u0629 \u0641\u064a \u0633\u064a\u0627\u0642\u0627\u062a \u0627\u0644\u0647\u062c\u0631\u0629 \u0627\u0644\u0642\u0633\u0631\u064a\u0629[:] - (English) Refugee Research Network","isPartOf":{"@id":"https:\/\/refugeeresearch.net\/#website"},"datePublished":"2015-01-13T22:26:34+00:00","dateModified":"2016-01-29T15:02:06+00:00","breadcrumb":{"@id":"https:\/\/refugeeresearch.net\/rrn-research-clusters\/methodology-production-of-knowledge-in-forced-migration-contexts-cluster\/#breadcrumb"},"inLanguage":"es","potentialAction":[{"@type":"ReadAction","target":["https:\/\/refugeeresearch.net\/rrn-research-clusters\/methodology-production-of-knowledge-in-forced-migration-contexts-cluster\/"]}]},{"@type":"BreadcrumbList","@id":"https:\/\/refugeeresearch.net\/rrn-research-clusters\/methodology-production-of-knowledge-in-forced-migration-contexts-cluster\/#breadcrumb","itemListElement":[{"@type":"ListItem","position":1,"name":"Home","item":"https:\/\/refugeeresearch.net\/"},{"@type":"ListItem","position":2,"name":"RRN Research Clusters","item":"https:\/\/refugeeresearch.net\/rrn-research-clusters\/"},{"@type":"ListItem","position":3,"name":"Methodology &#038; Production of Knowledge in Forced Migration Contexts Cluster"}]},{"@type":"WebSite","@id":"https:\/\/refugeeresearch.net\/#website","url":"https:\/\/refugeeresearch.net\/","name":"(English) Refugee Research Network","description":"","potentialAction":[{"@type":"SearchAction","target":{"@type":"EntryPoint","urlTemplate":"https:\/\/refugeeresearch.net\/?s={search_term_string}"},"query-input":{"@type":"PropertyValueSpecification","valueRequired":true,"valueName":"search_term_string"}}],"inLanguage":"es"}]}},"_links":{"self":[{"href":"https:\/\/refugeeresearch.net\/es\/wp-json\/wp\/v2\/pages\/246","targetHints":{"allow":["GET"]}}],"collection":[{"href":"https:\/\/refugeeresearch.net\/es\/wp-json\/wp\/v2\/pages"}],"about":[{"href":"https:\/\/refugeeresearch.net\/es\/wp-json\/wp\/v2\/types\/page"}],"author":[{"embeddable":true,"href":"https:\/\/refugeeresearch.net\/es\/wp-json\/wp\/v2\/users\/46"}],"replies":[{"embeddable":true,"href":"https:\/\/refugeeresearch.net\/es\/wp-json\/wp\/v2\/comments?post=246"}],"version-history":[{"count":0,"href":"https:\/\/refugeeresearch.net\/es\/wp-json\/wp\/v2\/pages\/246\/revisions"}],"up":[{"embeddable":true,"href":"https:\/\/refugeeresearch.net\/es\/wp-json\/wp\/v2\/pages\/232"}],"wp:attachment":[{"href":"https:\/\/refugeeresearch.net\/es\/wp-json\/wp\/v2\/media?parent=246"}],"curies":[{"name":"wp","href":"https:\/\/api.w.org\/{rel}","templated":true}]}}