{"id":255,"date":"2015-01-13T17:38:33","date_gmt":"2015-01-13T22:38:33","guid":{"rendered":"http:\/\/rrnwp.apps01.yorku.ca\/?page_id=255"},"modified":"2015-02-24T15:41:42","modified_gmt":"2015-02-24T20:41:42","slug":"age-generation-cluster","status":"publish","type":"page","link":"https:\/\/refugeeresearch.net\/es\/rrn-research-clusters\/age-generation-cluster\/","title":{"rendered":"Edad &#038; Generaci\u00f3n en el Cluster o Grupo de Contextos de Migraci\u00f3n"},"content":{"rendered":"<p>&nbsp;<\/p>\n<h2>Descripci\u00f3n<\/h2>\n<p class=\"western\">Este grupo da la bienvenida a todos los investigadores que trabajan en temas generacionales y de edad en los contextos de la migraci\u00f3n. Est\u00e1 abierto a aquellos que investigan en todo el espectro de vejez (desde la infancia hasta la vejez) \u00a0o a aquellos que analizan las relaciones intra e intergeneracionales \u00a0en situaciones de migraci\u00f3n definida en sentido amplio. Mientras que nuestra membres\u00eda inicial se centr\u00f3 en la construcci\u00f3n de una red de investigadores con sede en Canad\u00e1, nos gustar\u00eda enlazarnos con iniciativas e individuos en el \u00e1mbito internacional. Nosotros actualmente existimos como un grupo de trabajo virtual de m\u00e1s de 100 miembros.<\/p>\n<h2>Gente<\/h2>\n<h3>Principales miembros facultativos<\/h3>\n<ul>\n<li>Christina Clark-KazakAssociate Professor, Department of International Studies, Glendon College, York University\n<p><span style=\"color: #0000ff;\"><span style=\"text-decoration: underline;\"><a href=\"mailto:cclark-kazak@glendon.yorku.ca\">cclark-kazak@glendon.yorku.ca<\/a><\/span><\/span><\/li>\n<li>Don DippoProfessor, Faculty of Education, York University\n<p><span style=\"color: #0000ff;\"><span style=\"text-decoration: underline;\"><a href=\"mailto:ddippo@edu.yorku.ca\">ddippo@edu.yorku.ca<\/a><\/span><\/span><\/li>\n<li>Luann Good GingrichAssociate Professor, School of Social Work, York University\n<p><span style=\"color: #0000ff;\"><span style=\"text-decoration: underline;\"><a href=\"mailto:luanngg@yorku.ca\">luanngg@yorku.ca<\/a><\/span><\/span><\/li>\n<li>Michaela HynieAssociate Director, York Institute for Health Research;\n<p>Associate Professor, Department of Psychology, York University<\/p>\n<p><span style=\"color: #0000ff;\"><span style=\"text-decoration: underline;\"><a href=\"mailto:mhynie@yorku.ca\">mhynie@yorku.ca<\/a><\/span><\/span>\\<\/li>\n<li>Ranu BasuAssociate Professor, Department of Geography, York University\n<p><span style=\"color: #0000ff;\"><span style=\"text-decoration: underline;\"><a href=\"mailto:ranubasu@yorku.ca\">ranubasu@yorku.ca<\/a><\/span><\/span><\/li>\n<li>Marcela DuranCommunity Field Experience Coordinator &amp; Course Director, Faculty of Education, York University\n<p><span style=\"color: #0000ff;\"><span style=\"text-decoration: underline;\"><a href=\"mailto:mduran@edu.yorku.ca\">mduran@edu.yorku.ca<\/a><\/span><\/span><\/li>\n<li>Madine VanderplaatProfessor, Department of Sociology and Criminology;\n<p>Associate Dean of Arts, Saint Mary&#8217;s University<\/p>\n<p><span style=\"color: #0000ff;\"><span style=\"text-decoration: underline;\"><a href=\"mailto:madine.vanderplaat@smu.ca\">madine.vanderplaat@smu.ca<\/a><\/span><\/span><\/li>\n<li>Aida OrgockaProject Manager, Borderless Higher Education for Refugees (BHER) Project, Centre for Refugee Studies, York University<\/li>\n<li>Lori WilkinsonProfessor, Department of Sociology, University of Manitoba\n<p><span style=\"color: #0000ff;\"><span style=\"text-decoration: underline;\"><a href=\"mailto:lori_wilkinson@umanitoba.ca\">lori_wilkinson@umanitoba.ca<\/a><\/span><\/span><\/li>\n<li>Vappu Tyskk\u00e4Professor, Department of Sociology, Ryerson University\n<p><span style=\"color: #0000ff;\"><span style=\"text-decoration: underline;\"><a href=\"mailto:vtyyska@ryerson.ca\">vtyyska@ryerson.ca<\/a><\/span><\/span><\/li>\n<\/ul>\n<h3>Principales miembros estudiantiles<\/h3>\n<ul>\n<li>Wesley OakesPhD candidate, Department of Social Anthropology, York University\n<p><span style=\"color: #0000ff;\"><span style=\"text-decoration: underline;\"><a href=\"mailto:wes123@yorku.ca\">wes123@yorku.ca<\/a><\/span><\/span><\/li>\n<li>Johanna ReynoldsPhD candidate, Department of Geography, York University\n<p><span style=\"color: #0000ff;\"><span style=\"text-decoration: underline;\"><a href=\"mailto:jreynold@yorku.ca\">jreynold@yorku.ca<\/a><\/span><\/span><\/li>\n<\/ul>\n<p><a href=\"http:\/\/www.refugeeresearch.net\/node\/10223\"><strong>Research Project<span style=\"text-decoration: underline;\">\u00a01: Age and Generation in Migration Contexts in Canada<\/span><\/strong><\/a><\/p>\n<p><a href=\"http:\/\/www.refugeeresearch.net\/node\/10226\"><strong>Research Project 2: Independent Child Migration<\/strong><\/a><\/p>\n<h2>Investigaci\u00f3n estudiantes de PHD<\/h2>\n<ul>\n<li>\n<p class=\"western\">Wesley Oakes (PhD candidate, Social Anthropology, York University) researches the experiences of Somali young people in the Greater Toronto area (<span style=\"color: #0000ff;\"><span style=\"text-decoration: underline;\"><a href=\"http:\/\/socanth.gradstudies.yorku.ca\/graduate-profiles\/#phd\">http:\/\/socanth.gradstudies.yorku.ca\/graduate-profiles\/#phd<\/a><\/span><\/span>)<\/p>\n<\/li>\n<\/ul>\n<h2>Investigaci\u00f3n Relacionada<\/h2>\n<ul>\n<li>\n<p class=\"western\">Centre for Research on Children and Families (<span style=\"color: #0000ff;\"><span style=\"text-decoration: underline;\"><a href=\"http:\/\/www.mcgill.ca\/crcf\/\">http:\/\/www.mcgill.ca\/crcf\/<\/a><\/span><\/span>) \u2013 Myriam Denov (<span style=\"color: #0000ff;\"><span style=\"text-decoration: underline;\"><a href=\"http:\/\/www.mcgill.ca\/crcf\/faculty\/mdenov\">http:\/\/www.mcgill.ca\/crcf\/faculty\/mdenov<\/a><\/span><\/span>)<\/p>\n<\/li>\n<\/ul>\n<h2><b>Recursos de Investigaci\u00f3n y Publicaciones<\/b><\/h2>\n<p>&nbsp;<\/p>\n<ul>\n<li>Edited volume \u2013 Clark-Kazak, Christina, &amp; Orgocka, Aida (Eds.). (2012). <i>Independent child migration: Insights into age, agency and family decision-making<\/i>. New Directions for Child and Adolescent Development series. San Francisco: Jossey-Bass.[http:\/\/onlinelibrary.wiley.com\/doi\/10.1002\/cad.v2012.136\/issuetoc;jsessionid=29E43EF5963CB36535C7459884C8B435.d03t04]<\/li>\n<li>Special issue of <i>Canadian Journal of Ethnic Studies<\/i> \u2013 Clark-Kazak, Christina (Ed.), Age and generation in migration contexts in Canada: Practice and policy implications (2013)[http:\/\/muse.jhu.edu\/journals\/canadian_ethnic_studies\/toc\/ces.44.3.html]<\/li>\n<\/ul>\n<h2><b>Participe<\/b><\/h2>\n<p class=\"western\"><span style=\"text-decoration: underline;\">Events &amp; announcements<\/span> (<span style=\"color: #ff0000;\">under development<\/span>)<\/p>\n<p class=\"western\"><span style=\"text-decoration: underline;\">In the news<\/span> (<span style=\"color: #ff0000;\">under development<\/span>)<\/p>\n<p><\/p>","protected":false},"excerpt":{"rendered":"<p>&nbsp; Descripci\u00f3n Este grupo da la bienvenida a todos los investigadores que trabajan en temas generacionales y de edad en los contextos de la migraci\u00f3n. Est\u00e1 abierto a aquellos que investigan en todo el espectro de vejez (desde la infancia hasta la vejez) \u00a0o a aquellos que analizan las relaciones intra e intergeneracionales \u00a0en situaciones &hellip; <a href=\"https:\/\/refugeeresearch.net\/es\/rrn-research-clusters\/age-generation-cluster\/\" class=\"more-link\">Seguir leyendo <span class=\"screen-reader-text\">Edad &#038; Generaci\u00f3n en el Cluster o Grupo de Contextos de Migraci\u00f3n<\/span> <span class=\"meta-nav\">&rarr;<\/span><\/a><\/p>\n","protected":false},"author":46,"featured_media":0,"parent":232,"menu_order":0,"comment_status":"closed","ping_status":"open","template":"","meta":{"_exactmetrics_skip_tracking":false,"_exactmetrics_sitenote_active":false,"_exactmetrics_sitenote_note":"","_exactmetrics_sitenote_category":0,"ngg_post_thumbnail":0,"footnotes":""},"class_list":["post-255","page","type-page","status-publish","hentry"],"yoast_head":"<!-- This site is optimized with the Yoast SEO plugin v24.7 - https:\/\/yoast.com\/wordpress\/plugins\/seo\/ -->\n<title>Age &amp; Generation in Migration Contexts ClusterEdad &amp; Generaci\u00f3n en el Cluster o Grupo de Contextos de Migraci\u00f3n\u0627\u0644\u0639\u0645\u0631 \u0648\u0627\u0644\u062c\u064a\u0644 \u0641\u064a \u0633\u064a\u0627\u0642\u0627\u062a \u0627\u0644\u0647\u062c\u0631\u0629 \u0627\u0644\u062c\u0645\u0627\u0639\u064a\u0629  - (English) Refugee Research Network<\/title>\n<meta name=\"robots\" content=\"index, follow, max-snippet:-1, max-image-preview:large, max-video-preview:-1\" \/>\n<link rel=\"canonical\" href=\"https:\/\/refugeeresearch.net\/rrn-research-clusters\/age-generation-cluster\/\" \/>\n<meta property=\"og:locale\" content=\"es_ES\" \/>\n<meta property=\"og:type\" content=\"article\" \/>\n<meta property=\"og:title\" content=\"Age &amp; Generation in Migration Contexts ClusterEdad &amp; Generaci\u00f3n en el Cluster o Grupo de Contextos de Migraci\u00f3n\u0627\u0644\u0639\u0645\u0631 \u0648\u0627\u0644\u062c\u064a\u0644 \u0641\u064a \u0633\u064a\u0627\u0642\u0627\u062a \u0627\u0644\u0647\u062c\u0631\u0629 \u0627\u0644\u062c\u0645\u0627\u0639\u064a\u0629  - (English) Refugee Research Network\" \/>\n<meta property=\"og:description\" content=\"&nbsp; Descripci\u00f3n Este grupo da la bienvenida a todos los investigadores que trabajan en temas generacionales y de edad en los contextos de la migraci\u00f3n. Est\u00e1 abierto a aquellos que investigan en todo el espectro de vejez (desde la infancia hasta la vejez) \u00a0o a aquellos que analizan las relaciones intra e intergeneracionales \u00a0en situaciones &hellip; Seguir leyendo Edad &#038; Generaci\u00f3n en el Cluster o Grupo de Contextos de Migraci\u00f3n &rarr;\" \/>\n<meta property=\"og:url\" content=\"https:\/\/refugeeresearch.net\/rrn-research-clusters\/age-generation-cluster\/\" \/>\n<meta property=\"og:site_name\" content=\"(English) Refugee Research Network\" \/>\n<meta property=\"article:publisher\" content=\"https:\/\/www.facebook.com\/groups\/30614536012\" \/>\n<meta property=\"article:modified_time\" content=\"2015-02-24T20:41:42+00:00\" \/>\n<meta name=\"twitter:card\" content=\"summary_large_image\" \/>\n<meta name=\"twitter:site\" content=\"@refugeeresearch\" \/>\n<meta name=\"twitter:label1\" content=\"Tiempo de lectura\" \/>\n\t<meta name=\"twitter:data1\" content=\"5 minutos\" \/>\n<script type=\"application\/ld+json\" class=\"yoast-schema-graph\">{\"@context\":\"https:\/\/schema.org\",\"@graph\":[{\"@type\":\"WebPage\",\"@id\":\"https:\/\/refugeeresearch.net\/rrn-research-clusters\/age-generation-cluster\/\",\"url\":\"https:\/\/refugeeresearch.net\/rrn-research-clusters\/age-generation-cluster\/\",\"name\":\"Age & Generation in Migration Contexts ClusterEdad & Generaci\u00f3n en el Cluster o Grupo de Contextos de Migraci\u00f3n\u0627\u0644\u0639\u0645\u0631 \u0648\u0627\u0644\u062c\u064a\u0644 \u0641\u064a \u0633\u064a\u0627\u0642\u0627\u062a \u0627\u0644\u0647\u062c\u0631\u0629 \u0627\u0644\u062c\u0645\u0627\u0639\u064a\u0629 - (English) Refugee Research Network\",\"isPartOf\":{\"@id\":\"https:\/\/refugeeresearch.net\/#website\"},\"datePublished\":\"2015-01-13T22:38:33+00:00\",\"dateModified\":\"2015-02-24T20:41:42+00:00\",\"breadcrumb\":{\"@id\":\"https:\/\/refugeeresearch.net\/rrn-research-clusters\/age-generation-cluster\/#breadcrumb\"},\"inLanguage\":\"es\",\"potentialAction\":[{\"@type\":\"ReadAction\",\"target\":[\"https:\/\/refugeeresearch.net\/rrn-research-clusters\/age-generation-cluster\/\"]}]},{\"@type\":\"BreadcrumbList\",\"@id\":\"https:\/\/refugeeresearch.net\/rrn-research-clusters\/age-generation-cluster\/#breadcrumb\",\"itemListElement\":[{\"@type\":\"ListItem\",\"position\":1,\"name\":\"Home\",\"item\":\"https:\/\/refugeeresearch.net\/\"},{\"@type\":\"ListItem\",\"position\":2,\"name\":\"RRN Research Clusters\",\"item\":\"https:\/\/refugeeresearch.net\/rrn-research-clusters\/\"},{\"@type\":\"ListItem\",\"position\":3,\"name\":\"Age &#038; Generation in Migration Contexts Cluster\"}]},{\"@type\":\"WebSite\",\"@id\":\"https:\/\/refugeeresearch.net\/#website\",\"url\":\"https:\/\/refugeeresearch.net\/\",\"name\":\"(English) Refugee Research Network\",\"description\":\"\",\"potentialAction\":[{\"@type\":\"SearchAction\",\"target\":{\"@type\":\"EntryPoint\",\"urlTemplate\":\"https:\/\/refugeeresearch.net\/?s={search_term_string}\"},\"query-input\":{\"@type\":\"PropertyValueSpecification\",\"valueRequired\":true,\"valueName\":\"search_term_string\"}}],\"inLanguage\":\"es\"}]}<\/script>\n<!-- \/ Yoast SEO plugin. -->","yoast_head_json":{"title":"Age & Generation in Migration Contexts ClusterEdad & Generaci\u00f3n en el Cluster o Grupo de Contextos de Migraci\u00f3n\u0627\u0644\u0639\u0645\u0631 \u0648\u0627\u0644\u062c\u064a\u0644 \u0641\u064a \u0633\u064a\u0627\u0642\u0627\u062a \u0627\u0644\u0647\u062c\u0631\u0629 \u0627\u0644\u062c\u0645\u0627\u0639\u064a\u0629  - (English) Refugee Research Network","robots":{"index":"index","follow":"follow","max-snippet":"max-snippet:-1","max-image-preview":"max-image-preview:large","max-video-preview":"max-video-preview:-1"},"canonical":"https:\/\/refugeeresearch.net\/rrn-research-clusters\/age-generation-cluster\/","og_locale":"es_ES","og_type":"article","og_title":"Age & Generation in Migration Contexts ClusterEdad & Generaci\u00f3n en el Cluster o Grupo de Contextos de Migraci\u00f3n\u0627\u0644\u0639\u0645\u0631 \u0648\u0627\u0644\u062c\u064a\u0644 \u0641\u064a \u0633\u064a\u0627\u0642\u0627\u062a \u0627\u0644\u0647\u062c\u0631\u0629 \u0627\u0644\u062c\u0645\u0627\u0639\u064a\u0629  - (English) Refugee Research Network","og_description":"&nbsp; Descripci\u00f3n Este grupo da la bienvenida a todos los investigadores que trabajan en temas generacionales y de edad en los contextos de la migraci\u00f3n. Est\u00e1 abierto a aquellos que investigan en todo el espectro de vejez (desde la infancia hasta la vejez) \u00a0o a aquellos que analizan las relaciones intra e intergeneracionales \u00a0en situaciones &hellip; Seguir leyendo Edad &#038; Generaci\u00f3n en el Cluster o Grupo de Contextos de Migraci\u00f3n &rarr;","og_url":"https:\/\/refugeeresearch.net\/rrn-research-clusters\/age-generation-cluster\/","og_site_name":"(English) Refugee Research Network","article_publisher":"https:\/\/www.facebook.com\/groups\/30614536012","article_modified_time":"2015-02-24T20:41:42+00:00","twitter_card":"summary_large_image","twitter_site":"@refugeeresearch","twitter_misc":{"Tiempo de lectura":"5 minutos"},"schema":{"@context":"https:\/\/schema.org","@graph":[{"@type":"WebPage","@id":"https:\/\/refugeeresearch.net\/rrn-research-clusters\/age-generation-cluster\/","url":"https:\/\/refugeeresearch.net\/rrn-research-clusters\/age-generation-cluster\/","name":"Age & Generation in Migration Contexts ClusterEdad & Generaci\u00f3n en el Cluster o Grupo de Contextos de Migraci\u00f3n\u0627\u0644\u0639\u0645\u0631 \u0648\u0627\u0644\u062c\u064a\u0644 \u0641\u064a \u0633\u064a\u0627\u0642\u0627\u062a \u0627\u0644\u0647\u062c\u0631\u0629 \u0627\u0644\u062c\u0645\u0627\u0639\u064a\u0629 - (English) Refugee Research Network","isPartOf":{"@id":"https:\/\/refugeeresearch.net\/#website"},"datePublished":"2015-01-13T22:38:33+00:00","dateModified":"2015-02-24T20:41:42+00:00","breadcrumb":{"@id":"https:\/\/refugeeresearch.net\/rrn-research-clusters\/age-generation-cluster\/#breadcrumb"},"inLanguage":"es","potentialAction":[{"@type":"ReadAction","target":["https:\/\/refugeeresearch.net\/rrn-research-clusters\/age-generation-cluster\/"]}]},{"@type":"BreadcrumbList","@id":"https:\/\/refugeeresearch.net\/rrn-research-clusters\/age-generation-cluster\/#breadcrumb","itemListElement":[{"@type":"ListItem","position":1,"name":"Home","item":"https:\/\/refugeeresearch.net\/"},{"@type":"ListItem","position":2,"name":"RRN Research Clusters","item":"https:\/\/refugeeresearch.net\/rrn-research-clusters\/"},{"@type":"ListItem","position":3,"name":"Age &#038; Generation in Migration Contexts Cluster"}]},{"@type":"WebSite","@id":"https:\/\/refugeeresearch.net\/#website","url":"https:\/\/refugeeresearch.net\/","name":"(English) Refugee Research Network","description":"","potentialAction":[{"@type":"SearchAction","target":{"@type":"EntryPoint","urlTemplate":"https:\/\/refugeeresearch.net\/?s={search_term_string}"},"query-input":{"@type":"PropertyValueSpecification","valueRequired":true,"valueName":"search_term_string"}}],"inLanguage":"es"}]}},"_links":{"self":[{"href":"https:\/\/refugeeresearch.net\/es\/wp-json\/wp\/v2\/pages\/255","targetHints":{"allow":["GET"]}}],"collection":[{"href":"https:\/\/refugeeresearch.net\/es\/wp-json\/wp\/v2\/pages"}],"about":[{"href":"https:\/\/refugeeresearch.net\/es\/wp-json\/wp\/v2\/types\/page"}],"author":[{"embeddable":true,"href":"https:\/\/refugeeresearch.net\/es\/wp-json\/wp\/v2\/users\/46"}],"replies":[{"embeddable":true,"href":"https:\/\/refugeeresearch.net\/es\/wp-json\/wp\/v2\/comments?post=255"}],"version-history":[{"count":0,"href":"https:\/\/refugeeresearch.net\/es\/wp-json\/wp\/v2\/pages\/255\/revisions"}],"up":[{"embeddable":true,"href":"https:\/\/refugeeresearch.net\/es\/wp-json\/wp\/v2\/pages\/232"}],"wp:attachment":[{"href":"https:\/\/refugeeresearch.net\/es\/wp-json\/wp\/v2\/media?parent=255"}],"curies":[{"name":"wp","href":"https:\/\/api.w.org\/{rel}","templated":true}]}}