{"id":262,"date":"2015-01-16T16:08:29","date_gmt":"2015-01-16T21:08:29","guid":{"rendered":"http:\/\/rrnwp.apps01.yorku.ca\/?page_id=262"},"modified":"2016-01-25T14:46:38","modified_gmt":"2016-01-25T19:46:38","slug":"environmental-displacement-cluster","status":"publish","type":"page","link":"https:\/\/refugeeresearch.net\/es\/rrn-research-clusters\/environmental-displacement-cluster\/","title":{"rendered":"Grupo sobre Desplazamiento Ambiental"},"content":{"rendered":"<p><\/p>\n<div>El Grupo sobre Desplazamiento Ambiental del RRN se enfoca en dos \u00e1reas de investigaci\u00f3n:\u00a0Desplazamiento por causas medioambientales y las relaciones naturaleza-sociedad en Fronteras Internacionales<\/div>\n<div><\/div>\n<h2>Descripci\u00f3n<\/h2>\n<div>\u00a0La Red de Investigaci\u00f3n de Refugiados (The Refugee Research Networt, RRN) ha proporcionado un generoso apoyo al Grupo sobre Desplazamiento Ambiental, el cual ha permitido que logremos dos proyectos relacionados entre s\u00ed: uno sobre el \u00a0Desplazamiento por causas medioambientales y el otro sobre las relaciones naturaleza-sociedad en Fronteras Internacionales. The core goals of both projects are:<\/div>\n<ol>\n<li>promover oportunidades \u00a0para conectarse en las redes alrededor de estos temas;<\/li>\n<li>contribuir al desarrollo del conocimiento sobre estos temas lo que es \u00a0\u00fatil para una mayor \u00a0RRN y para realizar estudios en estas \u00e1reas \u00a0de una forma m\u00e1s amplia; y,<\/li>\n<li>desarrollar oportunidades para los estudiantes de posgrado, incluyendo la organizaci\u00f3n de talleres, contactos con otros acad\u00e9micos de diferentes universidades y locaciones geogr\u00e1ficas (entre ellas el Sur Global) \u00a0y presentando y publicando sus propias investigaciones y hallazgos sobre estos t\u00f3picos.<\/li>\n<\/ol>\n<h2>Gente<\/h2>\n<h3>Principales\u00a0miembros\u00a0facultativos<\/h3>\n<ul>\n<li>Elizabeth (Libby) Lunstrum<br \/>\nProfesora Asociada, Departamento de Geograf\u00eda, York University<br \/>\n<a href=\"mailto:lunstrum@yorku.ca\">lunstrum@yorku.ca<\/a><\/li>\n<li>\u00a0Anna Zalik<br \/>\nProfesora Asociada, Facultad de Estudios Ambientales, York University<br \/>\n<a href=\"mailto:azalik@yorku.ca\">azalik@yorku.ca<\/a><\/li>\n<li>Pablo Bose<br \/>\nProfesor Asistente,\u00a0Departamento de Geograf\u00eda, University of Vermont<br \/>\n<a href=\"mailto:pbose@uvm.edu\">pbose@uvm.edu<\/a><\/li>\n<\/ul>\n<h3>Principales\u00a0miembros estudiantes<\/h3>\n<ul>\n<li>Ryan Hackett<br \/>\nCandidato a PhD, Departamento de Geograf\u00eda, York University<br \/>\n<a href=\"mailto:hackett@yorku.ca\">hackett@yorku.ca<\/a><\/li>\n<li>Francis Mass\u00e9<br \/>\nEstudiante de PhD, Departamento de Geograf\u00eda, York University<br \/>\n<a href=\"mailto:massef@yorku.ca\">massef@yorku.ca<\/a><\/li>\n<\/ul>\n<h3>\n<a href=\"http:\/\/www.refugeeresearch.net\/eid-project\">Project 1:\u00a0Environmentally\u2010Induced Displacement (EID)<\/a><\/h3>\n<h3><a href=\"http:\/\/www.refugeeresearch.net\/nature-society\">Project 2: Nature-Society Relations in and of International Borders<\/a><\/h3>\n<h2><\/h2>\n<h2>Investigaci\u00f3n Estudiantes PHD<\/h2>\n<p class=\"western\">(under development)<\/p>\n<p class=\"western\">\n<h2>Investigaci\u00f3n Relacionada<\/h2>\n<p>(under development)<\/p>\n<p>&nbsp;<\/p>\n<h2>Publicaciones<\/h2>\n<ul>\n<li><a href=\"http:\/\/www.refugeeresearch.net\/sites\/default\/files\/Masse-Lunstrum%20Bib%20on%20NS%20Relatios-Borders%20FINAL%2010-2013.pdf\">Annotated bibliography on Nature\u2010Society Relations in and of International Borders<\/a>, June 2013.<\/li>\n<li>Special edition of Refuge: Canada\u2019s Journal on Refugees 29(2), <a href=\"http:\/\/pi.library.yorku.ca\/ojs\/index.php\/refuge\/issue\/current\">Environmentally Induced Displacement and Forced Migration<\/a>.<\/li>\n<\/ul>\n<h2>Recursos de investigaci\u00f3n<\/h2>\n<ul>\n<li><a href=\"http:\/\/www.refugeeresearch.net\/sites\/default\/files\/Masse-Lunstrum%20Bib%20on%20NS%20Relatios-Borders%20FINAL%2010-2013.pdf\">Annotated bibliography on Nature\u2010Society Relations in and of International Borders<\/a>, June 2013.<\/li>\n<li><a href=\"http:\/\/www.refugeeresearch.net\/taxonomy\/term\/6070\">RRN Mapping \u2013 Theme 3: Climate Change and Displacement<\/a><\/li>\n<\/ul>\n<h2>\u00a0<b>In Progress\/Coming Soon<\/b><\/h2>\n<ul>\n<li>Annotated bibliography on relations between military activity and the environment.<\/li>\n<\/ul>\n<h2>Participe<\/h2>\n<p><strong>Events &amp; announcements<\/strong> (under development)<\/p>\n<p><strong>In the news<\/strong> (under development)<\/p>\n<div><\/div>\n<div><\/div>\n<div><\/div>\n<p>&nbsp;<\/p>","protected":false},"excerpt":{"rendered":"<p>El Grupo sobre Desplazamiento Ambiental del RRN se enfoca en dos \u00e1reas de investigaci\u00f3n:\u00a0Desplazamiento por causas medioambientales y las relaciones naturaleza-sociedad en Fronteras Internacionales Descripci\u00f3n \u00a0La Red de Investigaci\u00f3n de Refugiados (The Refugee Research Networt, RRN) ha proporcionado un generoso apoyo al Grupo sobre Desplazamiento Ambiental, el cual ha permitido que logremos dos proyectos relacionados &hellip; <a href=\"https:\/\/refugeeresearch.net\/es\/rrn-research-clusters\/environmental-displacement-cluster\/\" class=\"more-link\">Seguir leyendo <span class=\"screen-reader-text\">Grupo sobre Desplazamiento Ambiental<\/span> <span class=\"meta-nav\">&rarr;<\/span><\/a><\/p>\n","protected":false},"author":46,"featured_media":0,"parent":232,"menu_order":0,"comment_status":"closed","ping_status":"open","template":"","meta":{"_exactmetrics_skip_tracking":false,"_exactmetrics_sitenote_active":false,"_exactmetrics_sitenote_note":"","_exactmetrics_sitenote_category":0,"ngg_post_thumbnail":0,"footnotes":""},"class_list":["post-262","page","type-page","status-publish","hentry"],"yoast_head":"<!-- This site is optimized with the Yoast SEO plugin v24.7 - https:\/\/yoast.com\/wordpress\/plugins\/seo\/ -->\n<title>Grupo sobre Desplazamiento Ambiental - (English) Refugee Research Network<\/title>\n<meta name=\"robots\" content=\"index, follow, max-snippet:-1, max-image-preview:large, max-video-preview:-1\" \/>\n<link rel=\"canonical\" href=\"https:\/\/refugeeresearch.net\/rrn-research-clusters\/environmental-displacement-cluster\/\" \/>\n<meta property=\"og:locale\" content=\"es_ES\" \/>\n<meta property=\"og:type\" content=\"article\" \/>\n<meta property=\"og:title\" content=\"[:en]Environmental Displacement Cluster[:es]Grupo sobre Desplazamiento Ambiental[:] - (English) Refugee Research Network\" \/>\n<meta property=\"og:description\" content=\"El Grupo sobre Desplazamiento Ambiental del RRN se enfoca en dos \u00e1reas de investigaci\u00f3n:\u00a0Desplazamiento por causas medioambientales y las relaciones naturaleza-sociedad en Fronteras Internacionales Descripci\u00f3n \u00a0La Red de Investigaci\u00f3n de Refugiados (The Refugee Research Networt, RRN) ha proporcionado un generoso apoyo al Grupo sobre Desplazamiento Ambiental, el cual ha permitido que logremos dos proyectos relacionados &hellip; Seguir leyendo Grupo sobre Desplazamiento Ambiental &rarr;\" \/>\n<meta property=\"og:url\" content=\"https:\/\/refugeeresearch.net\/rrn-research-clusters\/environmental-displacement-cluster\/\" \/>\n<meta property=\"og:site_name\" content=\"(English) Refugee Research Network\" \/>\n<meta property=\"article:publisher\" content=\"https:\/\/www.facebook.com\/groups\/30614536012\" \/>\n<meta property=\"article:modified_time\" content=\"2016-01-25T19:46:38+00:00\" \/>\n<meta name=\"twitter:card\" content=\"summary_large_image\" \/>\n<meta name=\"twitter:site\" content=\"@refugeeresearch\" \/>\n<meta name=\"twitter:label1\" content=\"Tiempo de lectura\" \/>\n\t<meta name=\"twitter:data1\" content=\"3 minutos\" \/>\n<script type=\"application\/ld+json\" class=\"yoast-schema-graph\">{\"@context\":\"https:\/\/schema.org\",\"@graph\":[{\"@type\":\"WebPage\",\"@id\":\"https:\/\/refugeeresearch.net\/rrn-research-clusters\/environmental-displacement-cluster\/\",\"url\":\"https:\/\/refugeeresearch.net\/rrn-research-clusters\/environmental-displacement-cluster\/\",\"name\":\"[:en]Environmental Displacement Cluster[:es]Grupo sobre Desplazamiento Ambiental[:] - (English) Refugee Research Network\",\"isPartOf\":{\"@id\":\"https:\/\/refugeeresearch.net\/#website\"},\"datePublished\":\"2015-01-16T21:08:29+00:00\",\"dateModified\":\"2016-01-25T19:46:38+00:00\",\"breadcrumb\":{\"@id\":\"https:\/\/refugeeresearch.net\/rrn-research-clusters\/environmental-displacement-cluster\/#breadcrumb\"},\"inLanguage\":\"es\",\"potentialAction\":[{\"@type\":\"ReadAction\",\"target\":[\"https:\/\/refugeeresearch.net\/rrn-research-clusters\/environmental-displacement-cluster\/\"]}]},{\"@type\":\"BreadcrumbList\",\"@id\":\"https:\/\/refugeeresearch.net\/rrn-research-clusters\/environmental-displacement-cluster\/#breadcrumb\",\"itemListElement\":[{\"@type\":\"ListItem\",\"position\":1,\"name\":\"Home\",\"item\":\"https:\/\/refugeeresearch.net\/\"},{\"@type\":\"ListItem\",\"position\":2,\"name\":\"RRN Research Clusters\",\"item\":\"https:\/\/refugeeresearch.net\/rrn-research-clusters\/\"},{\"@type\":\"ListItem\",\"position\":3,\"name\":\"Environmental Displacement Cluster\"}]},{\"@type\":\"WebSite\",\"@id\":\"https:\/\/refugeeresearch.net\/#website\",\"url\":\"https:\/\/refugeeresearch.net\/\",\"name\":\"(English) Refugee Research Network\",\"description\":\"\",\"potentialAction\":[{\"@type\":\"SearchAction\",\"target\":{\"@type\":\"EntryPoint\",\"urlTemplate\":\"https:\/\/refugeeresearch.net\/?s={search_term_string}\"},\"query-input\":{\"@type\":\"PropertyValueSpecification\",\"valueRequired\":true,\"valueName\":\"search_term_string\"}}],\"inLanguage\":\"es\"}]}<\/script>\n<!-- \/ Yoast SEO plugin. -->","yoast_head_json":{"title":"[:en]Environmental Displacement Cluster[:es]Grupo sobre Desplazamiento Ambiental[:] - (English) Refugee Research Network","robots":{"index":"index","follow":"follow","max-snippet":"max-snippet:-1","max-image-preview":"max-image-preview:large","max-video-preview":"max-video-preview:-1"},"canonical":"https:\/\/refugeeresearch.net\/rrn-research-clusters\/environmental-displacement-cluster\/","og_locale":"es_ES","og_type":"article","og_title":"[:en]Environmental Displacement Cluster[:es]Grupo sobre Desplazamiento Ambiental[:] - (English) Refugee Research Network","og_description":"El Grupo sobre Desplazamiento Ambiental del RRN se enfoca en dos \u00e1reas de investigaci\u00f3n:\u00a0Desplazamiento por causas medioambientales y las relaciones naturaleza-sociedad en Fronteras Internacionales Descripci\u00f3n \u00a0La Red de Investigaci\u00f3n de Refugiados (The Refugee Research Networt, RRN) ha proporcionado un generoso apoyo al Grupo sobre Desplazamiento Ambiental, el cual ha permitido que logremos dos proyectos relacionados &hellip; Seguir leyendo Grupo sobre Desplazamiento Ambiental &rarr;","og_url":"https:\/\/refugeeresearch.net\/rrn-research-clusters\/environmental-displacement-cluster\/","og_site_name":"(English) Refugee Research Network","article_publisher":"https:\/\/www.facebook.com\/groups\/30614536012","article_modified_time":"2016-01-25T19:46:38+00:00","twitter_card":"summary_large_image","twitter_site":"@refugeeresearch","twitter_misc":{"Tiempo de lectura":"3 minutos"},"schema":{"@context":"https:\/\/schema.org","@graph":[{"@type":"WebPage","@id":"https:\/\/refugeeresearch.net\/rrn-research-clusters\/environmental-displacement-cluster\/","url":"https:\/\/refugeeresearch.net\/rrn-research-clusters\/environmental-displacement-cluster\/","name":"[:en]Environmental Displacement Cluster[:es]Grupo sobre Desplazamiento Ambiental[:] - (English) Refugee Research Network","isPartOf":{"@id":"https:\/\/refugeeresearch.net\/#website"},"datePublished":"2015-01-16T21:08:29+00:00","dateModified":"2016-01-25T19:46:38+00:00","breadcrumb":{"@id":"https:\/\/refugeeresearch.net\/rrn-research-clusters\/environmental-displacement-cluster\/#breadcrumb"},"inLanguage":"es","potentialAction":[{"@type":"ReadAction","target":["https:\/\/refugeeresearch.net\/rrn-research-clusters\/environmental-displacement-cluster\/"]}]},{"@type":"BreadcrumbList","@id":"https:\/\/refugeeresearch.net\/rrn-research-clusters\/environmental-displacement-cluster\/#breadcrumb","itemListElement":[{"@type":"ListItem","position":1,"name":"Home","item":"https:\/\/refugeeresearch.net\/"},{"@type":"ListItem","position":2,"name":"RRN Research Clusters","item":"https:\/\/refugeeresearch.net\/rrn-research-clusters\/"},{"@type":"ListItem","position":3,"name":"Environmental Displacement Cluster"}]},{"@type":"WebSite","@id":"https:\/\/refugeeresearch.net\/#website","url":"https:\/\/refugeeresearch.net\/","name":"(English) Refugee Research Network","description":"","potentialAction":[{"@type":"SearchAction","target":{"@type":"EntryPoint","urlTemplate":"https:\/\/refugeeresearch.net\/?s={search_term_string}"},"query-input":{"@type":"PropertyValueSpecification","valueRequired":true,"valueName":"search_term_string"}}],"inLanguage":"es"}]}},"_links":{"self":[{"href":"https:\/\/refugeeresearch.net\/es\/wp-json\/wp\/v2\/pages\/262","targetHints":{"allow":["GET"]}}],"collection":[{"href":"https:\/\/refugeeresearch.net\/es\/wp-json\/wp\/v2\/pages"}],"about":[{"href":"https:\/\/refugeeresearch.net\/es\/wp-json\/wp\/v2\/types\/page"}],"author":[{"embeddable":true,"href":"https:\/\/refugeeresearch.net\/es\/wp-json\/wp\/v2\/users\/46"}],"replies":[{"embeddable":true,"href":"https:\/\/refugeeresearch.net\/es\/wp-json\/wp\/v2\/comments?post=262"}],"version-history":[{"count":0,"href":"https:\/\/refugeeresearch.net\/es\/wp-json\/wp\/v2\/pages\/262\/revisions"}],"up":[{"embeddable":true,"href":"https:\/\/refugeeresearch.net\/es\/wp-json\/wp\/v2\/pages\/232"}],"wp:attachment":[{"href":"https:\/\/refugeeresearch.net\/es\/wp-json\/wp\/v2\/media?parent=262"}],"curies":[{"name":"wp","href":"https:\/\/api.w.org\/{rel}","templated":true}]}}