{"id":278,"date":"2015-01-16T16:23:38","date_gmt":"2015-01-16T21:23:38","guid":{"rendered":"http:\/\/rrnwp.apps01.yorku.ca\/?page_id=278"},"modified":"2018-04-17T13:28:48","modified_gmt":"2018-04-17T17:28:48","slug":"latin-american-network-for-forced-migration-lanfm","status":"publish","type":"page","link":"https:\/\/refugeeresearch.net\/es\/research-networks\/latin-american-network-for-forced-migration-lanfm\/","title":{"rendered":"Red Latino Americana de Migraci\u00f3n Forzada"},"content":{"rendered":"<p><\/p>\n<h2>Descripci\u00f3n<\/h2>\n<p class=\"western\">Para ayudar a mejorar la calidad de vida de los inmigrantes que han salido por la fuerza las y personas que viven como refugiadas en Am\u00e9rica Latina, un proyecto sobre Migraci\u00f3n Forzada en Am\u00e9rica Latina se lanz\u00f3 en 2009 para crear redes regionales de investigaci\u00f3n y promoci\u00f3n. La denominada Red Latinoamericana de Migraci\u00f3n Forzada (Latin American Network for Forced Migration, LANFM) es una red regional centrada en facilitar espacios de di\u00e1logo multilateral sobre migraciones forzadas en Am\u00e9rica Latina y en la creaci\u00f3n de espacios de comunicaci\u00f3n permanente entre los profesionales y los investigadores de la regi\u00f3n y las redes mundiales de estudios de migraci\u00f3n forzada.<\/p>\n<p>\u00a0 \u00a0<a href=\"http:\/\/redlatinoamericanamf.weebly.com\/\"><strong>Website<\/strong><\/a><\/p>\n<p>&nbsp;<\/p>\n<h2>Gente<\/h2>\n<ul>\n<li>Roberto Vidal Lopez<br \/>\nDirector y Profesor, Grupo Teor\u00eda Jur\u00eddica General y Teor\u00eda Pol\u00edtica, Facultad de Ciencias Jur\u00eddicas Universidad Javeriana<br \/>\n<span style=\"color: #0000ff;\"><span style=\"text-decoration: underline;\"><a class=\"western\" href=\"mailto:vidal@javeriana.edu.co\">vidal@javeriana.edu.co<br \/>\n<\/a><\/span><\/span><\/li>\n<li>Beatriz Eugenia S\u00e1nchez Mojica<br \/>\nProfesora Asistente de Derecho, Facultad de Derecho, Universidad de los Andes<br \/>\n<span style=\"color: #0000ff;\"><span style=\"text-decoration: underline;\"><a class=\"western\" href=\"mailto:be.sanchez20@uniandes.edu.co\">be.sanchez20@uniandes.edu.co<\/a><\/span><\/span><\/li>\n<\/ul>\n<p class=\"western\">\n<h2><span style=\"font-size: large;\"><b>Socios Institucionales<\/b><\/span><\/h2>\n<ul>\n<li>\n<p class=\"western\"><a href=\"http:\/\/puj-portal.javeriana.edu.co\/portal\/page\/portal\/Facultad%20de%20Ciencias%20Juridicas\/inv_teoria\">Group on Political &amp; Legal Theory, Faculty of Law, Javeriana University<\/a><\/p>\n<\/li>\n<li>\n<p class=\"western\"><a href=\"http:\/\/relatorestematicos.uniandes.edu.co\/\">Faculty of Law, Universidad de los Andes<\/a><\/p>\n<\/li>\n<li>\n<p class=\"western\"><a href=\"http:\/\/ilsa.org.co:81\/node\/141\">Latin American Institute for an Alternative Society and Alternative Law (ILSA)<\/a><\/p>\n<\/li>\n<li>\n<p class=\"western\"><a href=\"http:\/\/www.new.pastoralsocial.org\/\">Secretariado Nacional de Pastoral Social (SNPS) \/ C\u00e1ritas Colombiana<\/a><\/p>\n<\/li>\n<li>\n<p class=\"western\"><a href=\"http:\/\/www.indepaz.org.co\/\">Institute for Studies for Development and Peace (INDEPAZ)<\/a><\/p>\n<\/li>\n<li>\n<p class=\"western\"><a href=\"http:\/\/www.codhes.org\/\">Consultancy for Human Rights and Displacement (CODHES)<\/a><\/p>\n<\/li>\n<li>\n<p class=\"western\"><a href=\"http:\/\/www.ccic.ca\/\">Canadian Council for International Cooperation (CCIC)<\/a><\/p>\n<\/li>\n<li>\n<p class=\"western\"><a href=\"http:\/\/www.halifaxinitiative.org\/\">Halifax Initiative<\/a><\/p>\n<\/li>\n<li>\n<p class=\"western\"><a href=\"http:\/\/www.yorku.ca\/cerlac\/\">Centre for Research on Latin American and the Caribbean (CERLAC)<\/a>, York University<\/p>\n<\/li>\n<li>\n<p class=\"western\"><a href=\"http:\/\/crs.yorku.ca\/]\">Centre for Refugee Studies (CRS)<\/a>, York University<\/p>\n<p>&nbsp;<\/li>\n<\/ul>\n<h2><span style=\"font-size: large;\"><b>Eventos<\/b><\/span><\/h2>\n<ul>\n<li>\n<p class=\"western\"><a href=\"http:\/\/refugeeresearch.net\/sites\/default\/files\/Relator%C3%ADa%20workshop%20IE-2013.final_.pdf\">Workshop, \u201c<i>Industrias extractivas y violencia en Am\u00e9rica Latina<\/i>,\u201d Bogot\u00e1, Colombia, December 2013<\/a>.<\/p>\n<\/li>\n<li>\n<p class=\"western\">Taller del Foro Transatl\u00e1ntico sobre migraci\u00f3n e integraci\u00f3n, \u201c<i>Migration and Violence: Lessons from Colombia for the Americas<\/i>,\u201d Bogot\u00e1, Colombia, June 2012.<br \/>\n<a href=\"http:\/\/refugeeresearch.net\/sites\/default\/files\/RelatoriaEventoBogota%20%28Ingle%C3%ABs%29%207.doc\">[English]<\/a> <a href=\"http:\/\/refugeeresearch.net\/sites\/default\/files\/RelatoriaEventoBogotaJune%202012.doc\">[Espa\u00f1ol]<\/a><\/p>\n<\/li>\n<li>\n<p class=\"western\">\u00a0Taller sobre\u00a0<a href=\"http:\/\/www.refugeeresearch.net\/sites\/default\/files\/Workshop%20Report%20-%20TIIDLA_0.pdf\">Trade and Investment Induced Displacement<\/a>, October 12 &#8211; 14, 2011<\/p>\n<\/li>\n<\/ul>\n<ul>\n<li>\n<p class=\"western\">Conferencia, \u201c<i>Migraci\u00f3n Forzada en Am\u00e9rica Latina: Creando redes para la investigaci\u00f3n regional y la incidencia pol\u00edtica<\/i>,\u201d Bogot\u00e1, Colombia, November 2010. [ESP: <a href=\"http:\/\/www.refugeeresearch.net\/sites\/default\/files\/LANFM%20Memorias%20Primer%20Encuentro%20Bogota%20final%20narrative_0.pdf\">LANFM Memorias Primer Encuentro Bogota final narrative.pdf<\/a>]<\/p>\n<\/li>\n<\/ul>\n<p class=\"western\">\n<h2><span style=\"font-size: large;\"><b>Recursos y Publicaciones<\/b><\/span><\/h2>\n<ul>\n<li>\n<p class=\"western\"><a href=\"http:\/\/redlatinoamericanamf.weebly.com\/\">Website<\/a><\/p>\n<\/li>\n<li>\n<p class=\"western\">Propuesta de volumen editado (pr\u00f3ximamente).<\/p>\n<\/li>\n<\/ul>\n<p class=\"western\">\n<h2><span style=\"font-size: large;\">Participe<\/span><\/h2>\n<ul>\n<li>\n<p class=\"western\">Por favor visite el \u00a0 website \u00a0de LANFM para mayor informaci\u00f3n sobre lo que hacemos y c\u00f3mo participar: <span style=\"color: #0000ff;\"><span style=\"text-decoration: underline;\"><a class=\"western\" href=\"http:\/\/redlatinoamericanamf.weebly.com\/\">http:\/\/redlatinoamericanamf.weebly.com\/<\/a><\/span><\/span>!<\/p>\n<\/li>\n<\/ul>\n<h2><\/h2>\n<p><\/p>","protected":false},"excerpt":{"rendered":"<p>Descripci\u00f3n Para ayudar a mejorar la calidad de vida de los inmigrantes que han salido por la fuerza las y personas que viven como refugiadas en Am\u00e9rica Latina, un proyecto sobre Migraci\u00f3n Forzada en Am\u00e9rica Latina se lanz\u00f3 en 2009 para crear redes regionales de investigaci\u00f3n y promoci\u00f3n. La denominada Red Latinoamericana de Migraci\u00f3n Forzada &hellip; <a href=\"https:\/\/refugeeresearch.net\/es\/research-networks\/latin-american-network-for-forced-migration-lanfm\/\" class=\"more-link\">Seguir leyendo <span class=\"screen-reader-text\">Red Latino Americana de Migraci\u00f3n Forzada<\/span> <span class=\"meta-nav\">&rarr;<\/span><\/a><\/p>\n","protected":false},"author":46,"featured_media":0,"parent":264,"menu_order":0,"comment_status":"closed","ping_status":"open","template":"","meta":{"_exactmetrics_skip_tracking":false,"_exactmetrics_sitenote_active":false,"_exactmetrics_sitenote_note":"","_exactmetrics_sitenote_category":0,"ngg_post_thumbnail":0,"footnotes":""},"class_list":["post-278","page","type-page","status-publish","hentry"],"yoast_head":"<!-- This site is optimized with the Yoast SEO plugin v24.7 - https:\/\/yoast.com\/wordpress\/plugins\/seo\/ -->\n<title>Red Latino Americana de Migraci\u00f3n Forzada - (English) Refugee Research Network<\/title>\n<meta name=\"robots\" content=\"index, follow, max-snippet:-1, max-image-preview:large, max-video-preview:-1\" \/>\n<link rel=\"canonical\" href=\"https:\/\/refugeeresearch.net\/ar\/research-networks\/latin-american-network-for-forced-migration-lanfm\/\" \/>\n<meta property=\"og:locale\" content=\"es_ES\" \/>\n<meta property=\"og:type\" content=\"article\" \/>\n<meta property=\"og:title\" content=\"[:en]Latin American Network for Forced Migration (LANFM)[:es]Red Latino Americana de Migraci\u00f3n Forzada[:ar]\u0634\u0628\u0643\u0629 \u0623\u0645\u0631\u064a\u0643\u0627 \u0627\u0644\u0644\u0627\u062a\u064a\u0646\u064a\u0629 \u0644\u0644\u0647\u062c\u0631\u0629 \u0627\u0644\u0642\u0633\u0631\u064a\u0629[:] - (English) Refugee Research Network\" \/>\n<meta property=\"og:description\" content=\"Descripci\u00f3n Para ayudar a mejorar la calidad de vida de los inmigrantes que han salido por la fuerza las y personas que viven como refugiadas en Am\u00e9rica Latina, un proyecto sobre Migraci\u00f3n Forzada en Am\u00e9rica Latina se lanz\u00f3 en 2009 para crear redes regionales de investigaci\u00f3n y promoci\u00f3n. La denominada Red Latinoamericana de Migraci\u00f3n Forzada &hellip; Seguir leyendo Red Latino Americana de Migraci\u00f3n Forzada &rarr;\" \/>\n<meta property=\"og:url\" content=\"https:\/\/refugeeresearch.net\/ar\/research-networks\/latin-american-network-for-forced-migration-lanfm\/\" \/>\n<meta property=\"og:site_name\" content=\"(English) Refugee Research Network\" \/>\n<meta property=\"article:publisher\" content=\"https:\/\/www.facebook.com\/groups\/30614536012\" \/>\n<meta property=\"article:modified_time\" content=\"2018-04-17T17:28:48+00:00\" \/>\n<meta name=\"twitter:card\" content=\"summary_large_image\" \/>\n<meta name=\"twitter:site\" content=\"@refugeeresearch\" \/>\n<meta name=\"twitter:label1\" content=\"Tiempo de lectura\" \/>\n\t<meta name=\"twitter:data1\" content=\"3 minutos\" \/>\n<script type=\"application\/ld+json\" class=\"yoast-schema-graph\">{\"@context\":\"https:\/\/schema.org\",\"@graph\":[{\"@type\":\"WebPage\",\"@id\":\"https:\/\/refugeeresearch.net\/ar\/research-networks\/latin-american-network-for-forced-migration-lanfm\/\",\"url\":\"https:\/\/refugeeresearch.net\/ar\/research-networks\/latin-american-network-for-forced-migration-lanfm\/\",\"name\":\"[:en]Latin American Network for Forced Migration (LANFM)[:es]Red Latino Americana de Migraci\u00f3n Forzada[:ar]\u0634\u0628\u0643\u0629 \u0623\u0645\u0631\u064a\u0643\u0627 \u0627\u0644\u0644\u0627\u062a\u064a\u0646\u064a\u0629 \u0644\u0644\u0647\u062c\u0631\u0629 \u0627\u0644\u0642\u0633\u0631\u064a\u0629[:] - (English) Refugee Research Network\",\"isPartOf\":{\"@id\":\"https:\/\/refugeeresearch.net\/#website\"},\"datePublished\":\"2015-01-16T21:23:38+00:00\",\"dateModified\":\"2018-04-17T17:28:48+00:00\",\"breadcrumb\":{\"@id\":\"https:\/\/refugeeresearch.net\/ar\/research-networks\/latin-american-network-for-forced-migration-lanfm\/#breadcrumb\"},\"inLanguage\":\"es\",\"potentialAction\":[{\"@type\":\"ReadAction\",\"target\":[\"https:\/\/refugeeresearch.net\/ar\/research-networks\/latin-american-network-for-forced-migration-lanfm\/\"]}]},{\"@type\":\"BreadcrumbList\",\"@id\":\"https:\/\/refugeeresearch.net\/ar\/research-networks\/latin-american-network-for-forced-migration-lanfm\/#breadcrumb\",\"itemListElement\":[{\"@type\":\"ListItem\",\"position\":1,\"name\":\"Home\",\"item\":\"https:\/\/refugeeresearch.net\/\"},{\"@type\":\"ListItem\",\"position\":2,\"name\":\"\u0634\u0628\u0643\u0629 \u0627\u0644\u0627\u0628\u062d\u0627\u062b\",\"item\":\"https:\/\/refugeeresearch.net\/ar\/research-networks\/\"},{\"@type\":\"ListItem\",\"position\":3,\"name\":\"\u0634\u0628\u0643\u0629 \u0623\u0645\u0631\u064a\u0643\u0627 \u0627\u0644\u0644\u0627\u062a\u064a\u0646\u064a\u0629 \u0644\u0644\u0647\u062c\u0631\u0629 \u0627\u0644\u0642\u0633\u0631\u064a\u0629\"}]},{\"@type\":\"WebSite\",\"@id\":\"https:\/\/refugeeresearch.net\/#website\",\"url\":\"https:\/\/refugeeresearch.net\/\",\"name\":\"(English) Refugee Research Network\",\"description\":\"\",\"potentialAction\":[{\"@type\":\"SearchAction\",\"target\":{\"@type\":\"EntryPoint\",\"urlTemplate\":\"https:\/\/refugeeresearch.net\/?s={search_term_string}\"},\"query-input\":{\"@type\":\"PropertyValueSpecification\",\"valueRequired\":true,\"valueName\":\"search_term_string\"}}],\"inLanguage\":\"es\"}]}<\/script>\n<!-- \/ Yoast SEO plugin. -->","yoast_head_json":{"title":"[:en]Latin American Network for Forced Migration (LANFM)[:es]Red Latino Americana de Migraci\u00f3n Forzada[:ar]\u0634\u0628\u0643\u0629 \u0623\u0645\u0631\u064a\u0643\u0627 \u0627\u0644\u0644\u0627\u062a\u064a\u0646\u064a\u0629 \u0644\u0644\u0647\u062c\u0631\u0629 \u0627\u0644\u0642\u0633\u0631\u064a\u0629[:] - (English) Refugee Research Network","robots":{"index":"index","follow":"follow","max-snippet":"max-snippet:-1","max-image-preview":"max-image-preview:large","max-video-preview":"max-video-preview:-1"},"canonical":"https:\/\/refugeeresearch.net\/ar\/research-networks\/latin-american-network-for-forced-migration-lanfm\/","og_locale":"es_ES","og_type":"article","og_title":"[:en]Latin American Network for Forced Migration (LANFM)[:es]Red Latino Americana de Migraci\u00f3n Forzada[:ar]\u0634\u0628\u0643\u0629 \u0623\u0645\u0631\u064a\u0643\u0627 \u0627\u0644\u0644\u0627\u062a\u064a\u0646\u064a\u0629 \u0644\u0644\u0647\u062c\u0631\u0629 \u0627\u0644\u0642\u0633\u0631\u064a\u0629[:] - (English) Refugee Research Network","og_description":"Descripci\u00f3n Para ayudar a mejorar la calidad de vida de los inmigrantes que han salido por la fuerza las y personas que viven como refugiadas en Am\u00e9rica Latina, un proyecto sobre Migraci\u00f3n Forzada en Am\u00e9rica Latina se lanz\u00f3 en 2009 para crear redes regionales de investigaci\u00f3n y promoci\u00f3n. La denominada Red Latinoamericana de Migraci\u00f3n Forzada &hellip; Seguir leyendo Red Latino Americana de Migraci\u00f3n Forzada &rarr;","og_url":"https:\/\/refugeeresearch.net\/ar\/research-networks\/latin-american-network-for-forced-migration-lanfm\/","og_site_name":"(English) Refugee Research Network","article_publisher":"https:\/\/www.facebook.com\/groups\/30614536012","article_modified_time":"2018-04-17T17:28:48+00:00","twitter_card":"summary_large_image","twitter_site":"@refugeeresearch","twitter_misc":{"Tiempo de lectura":"3 minutos"},"schema":{"@context":"https:\/\/schema.org","@graph":[{"@type":"WebPage","@id":"https:\/\/refugeeresearch.net\/ar\/research-networks\/latin-american-network-for-forced-migration-lanfm\/","url":"https:\/\/refugeeresearch.net\/ar\/research-networks\/latin-american-network-for-forced-migration-lanfm\/","name":"[:en]Latin American Network for Forced Migration (LANFM)[:es]Red Latino Americana de Migraci\u00f3n Forzada[:ar]\u0634\u0628\u0643\u0629 \u0623\u0645\u0631\u064a\u0643\u0627 \u0627\u0644\u0644\u0627\u062a\u064a\u0646\u064a\u0629 \u0644\u0644\u0647\u062c\u0631\u0629 \u0627\u0644\u0642\u0633\u0631\u064a\u0629[:] - (English) Refugee Research Network","isPartOf":{"@id":"https:\/\/refugeeresearch.net\/#website"},"datePublished":"2015-01-16T21:23:38+00:00","dateModified":"2018-04-17T17:28:48+00:00","breadcrumb":{"@id":"https:\/\/refugeeresearch.net\/ar\/research-networks\/latin-american-network-for-forced-migration-lanfm\/#breadcrumb"},"inLanguage":"es","potentialAction":[{"@type":"ReadAction","target":["https:\/\/refugeeresearch.net\/ar\/research-networks\/latin-american-network-for-forced-migration-lanfm\/"]}]},{"@type":"BreadcrumbList","@id":"https:\/\/refugeeresearch.net\/ar\/research-networks\/latin-american-network-for-forced-migration-lanfm\/#breadcrumb","itemListElement":[{"@type":"ListItem","position":1,"name":"Home","item":"https:\/\/refugeeresearch.net\/"},{"@type":"ListItem","position":2,"name":"\u0634\u0628\u0643\u0629 \u0627\u0644\u0627\u0628\u062d\u0627\u062b","item":"https:\/\/refugeeresearch.net\/ar\/research-networks\/"},{"@type":"ListItem","position":3,"name":"\u0634\u0628\u0643\u0629 \u0623\u0645\u0631\u064a\u0643\u0627 \u0627\u0644\u0644\u0627\u062a\u064a\u0646\u064a\u0629 \u0644\u0644\u0647\u062c\u0631\u0629 \u0627\u0644\u0642\u0633\u0631\u064a\u0629"}]},{"@type":"WebSite","@id":"https:\/\/refugeeresearch.net\/#website","url":"https:\/\/refugeeresearch.net\/","name":"(English) Refugee Research Network","description":"","potentialAction":[{"@type":"SearchAction","target":{"@type":"EntryPoint","urlTemplate":"https:\/\/refugeeresearch.net\/?s={search_term_string}"},"query-input":{"@type":"PropertyValueSpecification","valueRequired":true,"valueName":"search_term_string"}}],"inLanguage":"es"}]}},"_links":{"self":[{"href":"https:\/\/refugeeresearch.net\/es\/wp-json\/wp\/v2\/pages\/278","targetHints":{"allow":["GET"]}}],"collection":[{"href":"https:\/\/refugeeresearch.net\/es\/wp-json\/wp\/v2\/pages"}],"about":[{"href":"https:\/\/refugeeresearch.net\/es\/wp-json\/wp\/v2\/types\/page"}],"author":[{"embeddable":true,"href":"https:\/\/refugeeresearch.net\/es\/wp-json\/wp\/v2\/users\/46"}],"replies":[{"embeddable":true,"href":"https:\/\/refugeeresearch.net\/es\/wp-json\/wp\/v2\/comments?post=278"}],"version-history":[{"count":0,"href":"https:\/\/refugeeresearch.net\/es\/wp-json\/wp\/v2\/pages\/278\/revisions"}],"up":[{"embeddable":true,"href":"https:\/\/refugeeresearch.net\/es\/wp-json\/wp\/v2\/pages\/264"}],"wp:attachment":[{"href":"https:\/\/refugeeresearch.net\/es\/wp-json\/wp\/v2\/media?parent=278"}],"curies":[{"name":"wp","href":"https:\/\/api.w.org\/{rel}","templated":true}]}}