{"id":314,"date":"2015-01-16T17:15:27","date_gmt":"2015-01-16T22:15:27","guid":{"rendered":"http:\/\/rrnwp.apps01.yorku.ca\/?page_id=314"},"modified":"2015-01-16T17:15:27","modified_gmt":"2015-01-16T22:15:27","slug":"institutional-repositories","status":"publish","type":"page","link":"https:\/\/refugeeresearch.net\/es\/research\/institutional-repositories\/","title":{"rendered":"Repositorios o Registros Institucionales"},"content":{"rendered":"<p>El intercambio de informaci\u00f3n permite desarrollar nuevas investigaciones sobre la base de resultados anteriores. Este no s\u00f3lo impulsa un mayor avance de los conocimientos, sino que tambi\u00e9n da el reconocimiento que cient\u00edficos y estudiosos necesitan para avanzar en sus carreras.<\/p>\n<p>&nbsp;<\/p>\n<p>Un mayor y m\u00e1s r\u00e1pido intercambio de material de investigaci\u00f3n da a los investigadores un acceso m\u00e1s amplio y m\u00e1s profundo a los recursos que necesitan y aumenta exponencialmente la exposici\u00f3n de su trabajo.<\/p>\n<p>Archivos o registros en la Red de universidades, colegios, organismos de<\/p>\n<p>financiaci\u00f3n y otras instituciones &#8211; conocidos como \u00abrepositorios\u00bb &#8211; son componentes clave de la infraestructura de investigaci\u00f3n digital emergente y puede ayudar a lograr la m\u00e1s amplia participaci\u00f3n de los trabajos acad\u00e9micos.<\/p>\n<p>&nbsp;<\/p>\n<p>Hay m\u00e1s de <a href=\"http:\/\/www.openoasis.org\/index.php?option=com_content&amp;view=article&amp;id=137&amp;Itemid=312\">1400<\/a> registros o repositorios de todo el mundo que sirven para compilar,<br \/>\npreservar y ofrecer acceso gratuito a todos los tipos de institucionales de investigaci\u00f3n en Internet y sin restricciones \u2013 perfectamente vinculando \u00a0\u00a0datos,conocimiento y acad\u00e9micos.<\/p>\n<p>&nbsp;<\/p>\n<p>Como acad\u00e9mico, el hecho de colocar investigaci\u00f3n en los repositorios tiene muchos beneficios:<\/p>\n<p><strong>Aumento de<\/strong><strong> exposici\u00f3n<\/strong>. Los repositorios hacen que su trabajo est\u00e9 al alcance de todos los que puedan estar interesados\u200b\u200b. Una creciente evidencia muestra que, como<br \/>\nresultado de ser \u00e9stas de acceso libre, las publicaciones se citan m\u00e1s<br \/>\ncon frecuencia. Ver El Efecto del Acceso Abierto y Descargas (\u00abhits\u00bb) \u00a0en Citas de impacto: Una Bibliograf\u00eda de Estudios para obtener una lista de estudios (<a href=\"http:\/\/opcit.eprints.org\/oacitation-biblio.html\">The Effect of Open Access and Downloads (\u2018Hits\u2019), Citation Impact: A Bibliography of Studies for a list of studies<\/a>.)<\/p>\n<p>&nbsp;<\/p>\n<p><strong>Acceso universal.<\/strong> Mientras que un art\u00edculo publicado en una revista puede estar disponible para s\u00f3lo unos pocos cientos de suscriptores, el mismo art\u00edculo cuando tambi\u00e9n se ha publicado en un repositorio, va a estar disponible para todos, mejorando en gran medida el valor p\u00fablico de la investigaci\u00f3n.<\/p>\n<p>&nbsp;<\/p>\n<p><strong>Haciendo mas f\u00e1cil el<\/strong><strong> descubrimiento de informaci\u00f3n<\/strong>. Al abrir el contenido a los proveedores de servicios como Google, Google acad\u00e9mico y OCLC, los repositorios permitir\u00e1n que los usuarios de la Web busquen cualquier\u00a0 pieza que aquellos tengan.<\/p>\n<p>&nbsp;<\/p>\n<p><strong>Nuevas<\/strong><strong> t\u00e9cnicas de investigaci\u00f3n computacional<\/strong>. Los repositorios o registros digitales abren la puerta a nuevas t\u00e9cnicas y v\u00edas de investigaci\u00f3ncomputacionales, tales como<br \/>\nminer\u00eda de textos (<strong>Extracci\u00f3n de informaci\u00f3n oculta y predecible)<\/strong> y \u00a0creaci\u00f3n de v\u00ednculos de texto de datos; al igual que tambi\u00e9n permiten identificar y visualizar las relaciones que de otra manera no se observan.<\/p>\n<p>&nbsp;<\/p>\n<p><strong>Acceso<\/strong><strong> permanente.<\/strong> Al colocar sus trabajos en repositorios, ellos tendr\u00e1n URL \u2018s permanentes, (una URL de referencia), que nunca va a cambiar -no m\u00e1s enlaces rotos. A diferencia de los elementos en sitios web personales en constante cambio, los<br \/>\ntrabajos en repositorios est\u00e1n disponibles para quien los necesite, siempre que sea<br \/>\nsea \u200b\u200bnecesario.<\/p>\n<p>&nbsp;<\/p>\n<p><strong>Preservaci\u00f3n a largo<\/strong><strong> plazo.<\/strong> los repositorios digitales son gestionados por su biblioteca, la cual est\u00e1 encargada de \u00a0la preservaci\u00f3n de la colecci\u00f3n y su acceso a largo plazo. La biblioteca asegurar\u00e1 el mantenimiento continuo y las copias de seguridad.<\/p>\n<p>&nbsp;<\/p>\n<p><strong>Amplia<\/strong><strong> gama de contenidos<\/strong>. los repositorios digitales colleccionan m\u00e1s que<br \/>\npublicaciones en revistas; ellos tambi\u00e9n colleccionan otros tipos de materiales, tales<br \/>\ncomo actas de congresos, im\u00e1genes y a veces datos de investigaci\u00f3n -lo que le permite a usted integrar y tener acceso a una amplia gama de materiales.<\/p>\n<p>&nbsp;<\/p>\n<p><strong>Beneficio para los estudiantes.<\/strong> Dado que ninguna biblioteca puede permitirse el lujo de suscribirse a todos los recursos que necesitan los estudiantes, el poner sus\u00a0 trabajos en un registro o repositorio digital garantiza que los estudiantes de todas partes puedan leer y aprender de ellos creando una importante nueva hoja de informaci\u00f3n que es f\u00e1cilmente accesible. Los estudiantes, que son los primeros en adoptar enfoques abiertos, se benefician tambi\u00e9n de repositorios digitales al colocar all\u00ed las tesis y disertaciones &#8211; ampliando el alcance de estos importantes trabajos.<\/p>\n<p>&nbsp;<\/p>\n<p><strong>Un nuevo<\/strong><strong> escenario para la informaci\u00f3n.<\/strong> los repositorios de instituciones complementan otro tipo de repositorios, como los del PubMed Central de losInstitutos Nacionales de Salud de Estados Unidos (U.S. National Institutes of Health\u2019s PubMed Central), Tesis Canad\u00e1, y datos de los repositorios. En elfuturo el contenido de estos dep\u00f3sitos ser\u00e1n vinculados y interoperables &#8211; permitiendo facilidad de uso y un an\u00e1lisis sin precedentes. El contenido que esde acceso libre ofrece grandes oportunidades para la b\u00fasqueda avanzada y para nuevos descubrimientos.<\/p>\n<p>&nbsp;<\/p>\n<p>El texto de esta p\u00e1gina ha sido extraido del panfleto <a href=\"http:\/\/www.carl-abrc.ca\/projects\/author\/sparc_repositories.pdf\">\u00abGreater Reach for Your Research\u00bb<\/a>, publicado por <a href=\"http:\/\/www.carl-abrc.ca\/projects\/author\/author-e.html#IRs\">CARL<\/a> y <a href=\"http:\/\/www.arl.org\/sparc\/repositories\">SPARC<\/a><\/p>","protected":false},"excerpt":{"rendered":"<p>El intercambio de informaci\u00f3n permite desarrollar nuevas investigaciones sobre la base de resultados anteriores. Este no s\u00f3lo impulsa un mayor avance de los conocimientos, sino que tambi\u00e9n da el reconocimiento que cient\u00edficos y estudiosos necesitan para avanzar en sus carreras. &nbsp; Un mayor y m\u00e1s r\u00e1pido intercambio de material de investigaci\u00f3n da a los investigadores &hellip; <a href=\"https:\/\/refugeeresearch.net\/es\/research\/institutional-repositories\/\" class=\"more-link\">Seguir leyendo <span class=\"screen-reader-text\">Repositorios o Registros Institucionales<\/span> <span class=\"meta-nav\">&rarr;<\/span><\/a><\/p>\n","protected":false},"author":46,"featured_media":0,"parent":312,"menu_order":0,"comment_status":"closed","ping_status":"open","template":"","meta":{"_exactmetrics_skip_tracking":false,"_exactmetrics_sitenote_active":false,"_exactmetrics_sitenote_note":"","_exactmetrics_sitenote_category":0,"ngg_post_thumbnail":0,"footnotes":""},"class_list":["post-314","page","type-page","status-publish","hentry"],"yoast_head":"<!-- This site is optimized with the Yoast SEO plugin v24.7 - https:\/\/yoast.com\/wordpress\/plugins\/seo\/ -->\n<title>Institutional RepositoriesRepositorios o Registros Institucionales \u062d\u0648\u0644 \u0627\u0644\u0645\u0633\u062a\u0648\u062f\u0639\u0627\u062a (\u0627\u0644\u062d\u0627\u0648\u064a\u0627\u062a)Kuhusu hifadhi za seli  - (English) Refugee Research Network<\/title>\n<meta name=\"robots\" content=\"index, follow, max-snippet:-1, max-image-preview:large, max-video-preview:-1\" \/>\n<link rel=\"canonical\" href=\"https:\/\/refugeeresearch.net\/research\/institutional-repositories\/\" \/>\n<meta property=\"og:locale\" content=\"es_ES\" \/>\n<meta property=\"og:type\" content=\"article\" \/>\n<meta property=\"og:title\" content=\"Institutional RepositoriesRepositorios o Registros Institucionales \u062d\u0648\u0644 \u0627\u0644\u0645\u0633\u062a\u0648\u062f\u0639\u0627\u062a (\u0627\u0644\u062d\u0627\u0648\u064a\u0627\u062a)Kuhusu hifadhi za seli  - (English) Refugee Research Network\" \/>\n<meta property=\"og:description\" content=\"El intercambio de informaci\u00f3n permite desarrollar nuevas investigaciones sobre la base de resultados anteriores. Este no s\u00f3lo impulsa un mayor avance de los conocimientos, sino que tambi\u00e9n da el reconocimiento que cient\u00edficos y estudiosos necesitan para avanzar en sus carreras. &nbsp; Un mayor y m\u00e1s r\u00e1pido intercambio de material de investigaci\u00f3n da a los investigadores &hellip; Seguir leyendo Repositorios o Registros Institucionales &rarr;\" \/>\n<meta property=\"og:url\" content=\"https:\/\/refugeeresearch.net\/research\/institutional-repositories\/\" \/>\n<meta property=\"og:site_name\" content=\"(English) Refugee Research Network\" \/>\n<meta property=\"article:publisher\" content=\"https:\/\/www.facebook.com\/groups\/30614536012\" \/>\n<meta name=\"twitter:card\" content=\"summary_large_image\" \/>\n<meta name=\"twitter:site\" content=\"@refugeeresearch\" \/>\n<meta name=\"twitter:label1\" content=\"Tiempo de lectura\" \/>\n\t<meta name=\"twitter:data1\" content=\"10 minutos\" \/>\n<script type=\"application\/ld+json\" class=\"yoast-schema-graph\">{\"@context\":\"https:\/\/schema.org\",\"@graph\":[{\"@type\":\"WebPage\",\"@id\":\"https:\/\/refugeeresearch.net\/research\/institutional-repositories\/\",\"url\":\"https:\/\/refugeeresearch.net\/research\/institutional-repositories\/\",\"name\":\"Institutional RepositoriesRepositorios o Registros Institucionales \u062d\u0648\u0644 \u0627\u0644\u0645\u0633\u062a\u0648\u062f\u0639\u0627\u062a (\u0627\u0644\u062d\u0627\u0648\u064a\u0627\u062a)Kuhusu hifadhi za seli - (English) Refugee Research Network\",\"isPartOf\":{\"@id\":\"https:\/\/refugeeresearch.net\/#website\"},\"datePublished\":\"2015-01-16T22:15:27+00:00\",\"breadcrumb\":{\"@id\":\"https:\/\/refugeeresearch.net\/research\/institutional-repositories\/#breadcrumb\"},\"inLanguage\":\"es\",\"potentialAction\":[{\"@type\":\"ReadAction\",\"target\":[\"https:\/\/refugeeresearch.net\/research\/institutional-repositories\/\"]}]},{\"@type\":\"BreadcrumbList\",\"@id\":\"https:\/\/refugeeresearch.net\/research\/institutional-repositories\/#breadcrumb\",\"itemListElement\":[{\"@type\":\"ListItem\",\"position\":1,\"name\":\"Home\",\"item\":\"https:\/\/refugeeresearch.net\/\"},{\"@type\":\"ListItem\",\"position\":2,\"name\":\"Research\",\"item\":\"https:\/\/refugeeresearch.net\/research\/\"},{\"@type\":\"ListItem\",\"position\":3,\"name\":\"Institutional Repositories\"}]},{\"@type\":\"WebSite\",\"@id\":\"https:\/\/refugeeresearch.net\/#website\",\"url\":\"https:\/\/refugeeresearch.net\/\",\"name\":\"(English) Refugee Research Network\",\"description\":\"\",\"potentialAction\":[{\"@type\":\"SearchAction\",\"target\":{\"@type\":\"EntryPoint\",\"urlTemplate\":\"https:\/\/refugeeresearch.net\/?s={search_term_string}\"},\"query-input\":{\"@type\":\"PropertyValueSpecification\",\"valueRequired\":true,\"valueName\":\"search_term_string\"}}],\"inLanguage\":\"es\"}]}<\/script>\n<!-- \/ Yoast SEO plugin. -->","yoast_head_json":{"title":"Institutional RepositoriesRepositorios o Registros Institucionales \u062d\u0648\u0644 \u0627\u0644\u0645\u0633\u062a\u0648\u062f\u0639\u0627\u062a (\u0627\u0644\u062d\u0627\u0648\u064a\u0627\u062a)Kuhusu hifadhi za seli  - (English) Refugee Research Network","robots":{"index":"index","follow":"follow","max-snippet":"max-snippet:-1","max-image-preview":"max-image-preview:large","max-video-preview":"max-video-preview:-1"},"canonical":"https:\/\/refugeeresearch.net\/research\/institutional-repositories\/","og_locale":"es_ES","og_type":"article","og_title":"Institutional RepositoriesRepositorios o Registros Institucionales \u062d\u0648\u0644 \u0627\u0644\u0645\u0633\u062a\u0648\u062f\u0639\u0627\u062a (\u0627\u0644\u062d\u0627\u0648\u064a\u0627\u062a)Kuhusu hifadhi za seli  - (English) Refugee Research Network","og_description":"El intercambio de informaci\u00f3n permite desarrollar nuevas investigaciones sobre la base de resultados anteriores. Este no s\u00f3lo impulsa un mayor avance de los conocimientos, sino que tambi\u00e9n da el reconocimiento que cient\u00edficos y estudiosos necesitan para avanzar en sus carreras. &nbsp; Un mayor y m\u00e1s r\u00e1pido intercambio de material de investigaci\u00f3n da a los investigadores &hellip; Seguir leyendo Repositorios o Registros Institucionales &rarr;","og_url":"https:\/\/refugeeresearch.net\/research\/institutional-repositories\/","og_site_name":"(English) Refugee Research Network","article_publisher":"https:\/\/www.facebook.com\/groups\/30614536012","twitter_card":"summary_large_image","twitter_site":"@refugeeresearch","twitter_misc":{"Tiempo de lectura":"10 minutos"},"schema":{"@context":"https:\/\/schema.org","@graph":[{"@type":"WebPage","@id":"https:\/\/refugeeresearch.net\/research\/institutional-repositories\/","url":"https:\/\/refugeeresearch.net\/research\/institutional-repositories\/","name":"Institutional RepositoriesRepositorios o Registros Institucionales \u062d\u0648\u0644 \u0627\u0644\u0645\u0633\u062a\u0648\u062f\u0639\u0627\u062a (\u0627\u0644\u062d\u0627\u0648\u064a\u0627\u062a)Kuhusu hifadhi za seli - (English) Refugee Research Network","isPartOf":{"@id":"https:\/\/refugeeresearch.net\/#website"},"datePublished":"2015-01-16T22:15:27+00:00","breadcrumb":{"@id":"https:\/\/refugeeresearch.net\/research\/institutional-repositories\/#breadcrumb"},"inLanguage":"es","potentialAction":[{"@type":"ReadAction","target":["https:\/\/refugeeresearch.net\/research\/institutional-repositories\/"]}]},{"@type":"BreadcrumbList","@id":"https:\/\/refugeeresearch.net\/research\/institutional-repositories\/#breadcrumb","itemListElement":[{"@type":"ListItem","position":1,"name":"Home","item":"https:\/\/refugeeresearch.net\/"},{"@type":"ListItem","position":2,"name":"Research","item":"https:\/\/refugeeresearch.net\/research\/"},{"@type":"ListItem","position":3,"name":"Institutional Repositories"}]},{"@type":"WebSite","@id":"https:\/\/refugeeresearch.net\/#website","url":"https:\/\/refugeeresearch.net\/","name":"(English) Refugee Research Network","description":"","potentialAction":[{"@type":"SearchAction","target":{"@type":"EntryPoint","urlTemplate":"https:\/\/refugeeresearch.net\/?s={search_term_string}"},"query-input":{"@type":"PropertyValueSpecification","valueRequired":true,"valueName":"search_term_string"}}],"inLanguage":"es"}]}},"_links":{"self":[{"href":"https:\/\/refugeeresearch.net\/es\/wp-json\/wp\/v2\/pages\/314","targetHints":{"allow":["GET"]}}],"collection":[{"href":"https:\/\/refugeeresearch.net\/es\/wp-json\/wp\/v2\/pages"}],"about":[{"href":"https:\/\/refugeeresearch.net\/es\/wp-json\/wp\/v2\/types\/page"}],"author":[{"embeddable":true,"href":"https:\/\/refugeeresearch.net\/es\/wp-json\/wp\/v2\/users\/46"}],"replies":[{"embeddable":true,"href":"https:\/\/refugeeresearch.net\/es\/wp-json\/wp\/v2\/comments?post=314"}],"version-history":[{"count":0,"href":"https:\/\/refugeeresearch.net\/es\/wp-json\/wp\/v2\/pages\/314\/revisions"}],"up":[{"embeddable":true,"href":"https:\/\/refugeeresearch.net\/es\/wp-json\/wp\/v2\/pages\/312"}],"wp:attachment":[{"href":"https:\/\/refugeeresearch.net\/es\/wp-json\/wp\/v2\/media?parent=314"}],"curies":[{"name":"wp","href":"https:\/\/api.w.org\/{rel}","templated":true}]}}