{"id":325,"date":"2015-01-16T17:40:21","date_gmt":"2015-01-16T22:40:21","guid":{"rendered":"http:\/\/rrnwp.apps01.yorku.ca\/?page_id=325"},"modified":"2015-01-16T17:40:21","modified_gmt":"2015-01-16T22:40:21","slug":"open-access-learning","status":"publish","type":"page","link":"https:\/\/refugeeresearch.net\/es\/education\/open-access-learning\/","title":{"rendered":"Aprendizaje de Acceso Abierto"},"content":{"rendered":"<p>Hay un movimiento creciente entre las universidades de todo el mundo para ofrecer libre acceso en l\u00ednea a la mayor parte de sus curr\u00edculos. Por ejemplo, en 2002, el Instituto de Tecnolog\u00eda de Massachusetts (Massachusetts Institute of Technology, MIT) lanz\u00f3 el MIT OpenCourseWare (<a href=\"http:\/\/us.rd.yahoo.com\/dailynews\/ap\/ap_on_hi_te\/storytext\/on_the_net_youtube_edu\/31604916\/SIG=10ki88s1n\/*http:\/\/ocw.mit.edu\">http:\/\/ocw.mit.edu<\/a>) \u00a0con la idea de que pr\u00e1cticamente todos los cursos de la escuela est\u00e9n disponibles de forma gratuita en Internet.\u00a0El MIT OpenCourseWare es \u00abuna publicaci\u00f3n de los materiales de los cursos que apoyan las interacciones en la din\u00e1mica del salon de clase en la educaci\u00f3n en el MIT; no es una iniciativa que otorga t\u00edtulos de grado o cr\u00e9ditos.\u00bb\u00a0\u00a0<a href=\"http:\/\/ocw.mit.edu\/OcwWeb\/web\/about\/about\/index.htm\">1<\/a>\u00a0\u00a0Un breve v\u00eddeo sobre esto se puede encontrar en Youtube\u00a0\u00a0(<a href=\"http:\/\/www.youtube.com\/user\/MIT\">http:\/\/www.youtube.com\/user\/MIT<\/a>).\u00a0Curiosamente, uno de los principales oradores en el video, el profesor Dick Yue, ha sido un refugiado.<\/p>\n<p>Esta iniciativa surge del Consorcio OpenCourseWare (http:\/\/www.ocwconsortium.org), una \u00abcolaboraci\u00f3n de m\u00e1s de 200 instituciones de educaci\u00f3n superior y organizaciones asociadas de todo el mundo que han creado un amplio y profundo cuerpo de contenidos educativos abiertos utilizando un modelo compartido. La misi\u00f3n del Consorcio OpenCourseWare es promover la educaci\u00f3n y la autonom\u00eda de las personas en todo el mundo a trav\u00e9s de OpenCourseWare \u00ab<a href=\"http:\/\/www.ocwconsortium.org\/about-us\/about-us.html\">2<\/a><br \/>\nM\u00e1s recientemente, Youtube ha estado desarrollando alianzas con universidades y ha reunido canales de v\u00eddeo relacionados con la educaci\u00f3n bajo el t\u00edtulo YouTube EDU\u00a0(<a href=\"http:\/\/www.youtube.com\/edu\">http:www.youtube.com\/edu<\/a>).<br \/>\nA medida que estas iniciativas siguen desarroll\u00e1ndose, la RRN est\u00e1 comprometida con el suministro y la disponibilidad de cursos gratis en l\u00ednea sobre refugiados y migraci\u00f3n forzada como parte de su compromiso con la promoci\u00f3n de Open Source, Open Access (recurso abierto, acceso abierto) a la investigaci\u00f3n y al aprendizaje.<br \/>\nMateriales de los cursos en l\u00ednea del MIT<br \/>\nAntropolog\u00eda<\/p>\n<p>Violencia, Derechos Humanos y Justicia<\/p>\n<p>Antropolog\u00eda de la Guerra y la\u2028\u2028Paz<\/p>\n<p>&nbsp;<\/p>\n<p>Ciencias de la salud y Tecnolog\u00eda<\/p>\n<p>Dise\u00f1o y Mantenimiento de Innovaci\u00f3n Tecnol\u00f3gica para la Pr\u00e1ctica Global de la Salud<\/p>\n<p>&nbsp;<\/p>\n<p>Ciencias Politicas<\/p>\n<p>Ciencias Pol\u00edticas Intervenci\u00f3n Militar de Gran poder<\/p>\n<p>Pol\u00edtica Etnica I<\/p>\n<p>Pol\u00edticas Etnica\u00a0 II<\/p>\n<p>Etnicidad y Raza en la pol\u00edtica mundial<\/p>\n<p>&nbsp;<\/p>\n<p>Programas Especiales<\/p>\n<p>Dise\u00f1o de Desminado<\/p>\n<p>&nbsp;<\/p>\n<p>Estudios Urbanos y Planeaci\u00f3n<\/p>\n<p>&nbsp;<\/p>\n<p>Desastres, Vulnerabilidad y resiliencia<\/p>","protected":false},"excerpt":{"rendered":"<p>Hay un movimiento creciente entre las universidades de todo el mundo para ofrecer libre acceso en l\u00ednea a la mayor parte de sus curr\u00edculos. Por ejemplo, en 2002, el Instituto de Tecnolog\u00eda de Massachusetts (Massachusetts Institute of Technology, MIT) lanz\u00f3 el MIT OpenCourseWare (http:\/\/ocw.mit.edu) \u00a0con la idea de que pr\u00e1cticamente todos los cursos de la &hellip; <a href=\"https:\/\/refugeeresearch.net\/es\/education\/open-access-learning\/\" class=\"more-link\">Seguir leyendo <span class=\"screen-reader-text\">Aprendizaje de Acceso Abierto<\/span> <span class=\"meta-nav\">&rarr;<\/span><\/a><\/p>\n","protected":false},"author":46,"featured_media":0,"parent":322,"menu_order":0,"comment_status":"closed","ping_status":"open","template":"","meta":{"_exactmetrics_skip_tracking":false,"_exactmetrics_sitenote_active":false,"_exactmetrics_sitenote_note":"","_exactmetrics_sitenote_category":0,"ngg_post_thumbnail":0,"footnotes":""},"class_list":["post-325","page","type-page","status-publish","hentry"],"yoast_head":"<!-- This site is optimized with the Yoast SEO plugin v24.7 - https:\/\/yoast.com\/wordpress\/plugins\/seo\/ -->\n<title>Open Access LearningAprendizaje de Acceso Abierto\u0627\u0644\u062a\u0639\u0644\u064a\u0645 \u0627\u0644\u0627\u0644\u0643\u062a\u0631\u0648\u0646\u064a \u0627\u0644\u0645\u0641\u062a\u0648\u062dMasomo Ya Wazi - (English) Refugee Research Network<\/title>\n<meta name=\"robots\" content=\"index, follow, max-snippet:-1, max-image-preview:large, max-video-preview:-1\" \/>\n<link rel=\"canonical\" href=\"https:\/\/refugeeresearch.net\/education\/open-access-learning\/\" \/>\n<meta property=\"og:locale\" content=\"es_ES\" \/>\n<meta property=\"og:type\" content=\"article\" \/>\n<meta property=\"og:title\" content=\"Open Access LearningAprendizaje de Acceso Abierto\u0627\u0644\u062a\u0639\u0644\u064a\u0645 \u0627\u0644\u0627\u0644\u0643\u062a\u0631\u0648\u0646\u064a \u0627\u0644\u0645\u0641\u062a\u0648\u062dMasomo Ya Wazi - (English) Refugee Research Network\" \/>\n<meta property=\"og:description\" content=\"Hay un movimiento creciente entre las universidades de todo el mundo para ofrecer libre acceso en l\u00ednea a la mayor parte de sus curr\u00edculos. Por ejemplo, en 2002, el Instituto de Tecnolog\u00eda de Massachusetts (Massachusetts Institute of Technology, MIT) lanz\u00f3 el MIT OpenCourseWare (http:\/\/ocw.mit.edu) \u00a0con la idea de que pr\u00e1cticamente todos los cursos de la &hellip; Seguir leyendo Aprendizaje de Acceso Abierto &rarr;\" \/>\n<meta property=\"og:url\" content=\"https:\/\/refugeeresearch.net\/education\/open-access-learning\/\" \/>\n<meta property=\"og:site_name\" content=\"(English) Refugee Research Network\" \/>\n<meta property=\"article:publisher\" content=\"https:\/\/www.facebook.com\/groups\/30614536012\" \/>\n<meta name=\"twitter:card\" content=\"summary_large_image\" \/>\n<meta name=\"twitter:site\" content=\"@refugeeresearch\" \/>\n<meta name=\"twitter:label1\" content=\"Tiempo de lectura\" \/>\n\t<meta name=\"twitter:data1\" content=\"5 minutos\" \/>\n<script type=\"application\/ld+json\" class=\"yoast-schema-graph\">{\"@context\":\"https:\/\/schema.org\",\"@graph\":[{\"@type\":\"WebPage\",\"@id\":\"https:\/\/refugeeresearch.net\/education\/open-access-learning\/\",\"url\":\"https:\/\/refugeeresearch.net\/education\/open-access-learning\/\",\"name\":\"Open Access LearningAprendizaje de Acceso Abierto\u0627\u0644\u062a\u0639\u0644\u064a\u0645 \u0627\u0644\u0627\u0644\u0643\u062a\u0631\u0648\u0646\u064a \u0627\u0644\u0645\u0641\u062a\u0648\u062dMasomo Ya Wazi - (English) Refugee Research Network\",\"isPartOf\":{\"@id\":\"https:\/\/refugeeresearch.net\/#website\"},\"datePublished\":\"2015-01-16T22:40:21+00:00\",\"breadcrumb\":{\"@id\":\"https:\/\/refugeeresearch.net\/education\/open-access-learning\/#breadcrumb\"},\"inLanguage\":\"es\",\"potentialAction\":[{\"@type\":\"ReadAction\",\"target\":[\"https:\/\/refugeeresearch.net\/education\/open-access-learning\/\"]}]},{\"@type\":\"BreadcrumbList\",\"@id\":\"https:\/\/refugeeresearch.net\/education\/open-access-learning\/#breadcrumb\",\"itemListElement\":[{\"@type\":\"ListItem\",\"position\":1,\"name\":\"Home\",\"item\":\"https:\/\/refugeeresearch.net\/\"},{\"@type\":\"ListItem\",\"position\":2,\"name\":\"Education\",\"item\":\"https:\/\/refugeeresearch.net\/education\/\"},{\"@type\":\"ListItem\",\"position\":3,\"name\":\"Open Access Learning\"}]},{\"@type\":\"WebSite\",\"@id\":\"https:\/\/refugeeresearch.net\/#website\",\"url\":\"https:\/\/refugeeresearch.net\/\",\"name\":\"(English) Refugee Research Network\",\"description\":\"\",\"potentialAction\":[{\"@type\":\"SearchAction\",\"target\":{\"@type\":\"EntryPoint\",\"urlTemplate\":\"https:\/\/refugeeresearch.net\/?s={search_term_string}\"},\"query-input\":{\"@type\":\"PropertyValueSpecification\",\"valueRequired\":true,\"valueName\":\"search_term_string\"}}],\"inLanguage\":\"es\"}]}<\/script>\n<!-- \/ Yoast SEO plugin. -->","yoast_head_json":{"title":"Open Access LearningAprendizaje de Acceso Abierto\u0627\u0644\u062a\u0639\u0644\u064a\u0645 \u0627\u0644\u0627\u0644\u0643\u062a\u0631\u0648\u0646\u064a \u0627\u0644\u0645\u0641\u062a\u0648\u062dMasomo Ya Wazi - (English) Refugee Research Network","robots":{"index":"index","follow":"follow","max-snippet":"max-snippet:-1","max-image-preview":"max-image-preview:large","max-video-preview":"max-video-preview:-1"},"canonical":"https:\/\/refugeeresearch.net\/education\/open-access-learning\/","og_locale":"es_ES","og_type":"article","og_title":"Open Access LearningAprendizaje de Acceso Abierto\u0627\u0644\u062a\u0639\u0644\u064a\u0645 \u0627\u0644\u0627\u0644\u0643\u062a\u0631\u0648\u0646\u064a \u0627\u0644\u0645\u0641\u062a\u0648\u062dMasomo Ya Wazi - (English) Refugee Research Network","og_description":"Hay un movimiento creciente entre las universidades de todo el mundo para ofrecer libre acceso en l\u00ednea a la mayor parte de sus curr\u00edculos. Por ejemplo, en 2002, el Instituto de Tecnolog\u00eda de Massachusetts (Massachusetts Institute of Technology, MIT) lanz\u00f3 el MIT OpenCourseWare (http:\/\/ocw.mit.edu) \u00a0con la idea de que pr\u00e1cticamente todos los cursos de la &hellip; Seguir leyendo Aprendizaje de Acceso Abierto &rarr;","og_url":"https:\/\/refugeeresearch.net\/education\/open-access-learning\/","og_site_name":"(English) Refugee Research Network","article_publisher":"https:\/\/www.facebook.com\/groups\/30614536012","twitter_card":"summary_large_image","twitter_site":"@refugeeresearch","twitter_misc":{"Tiempo de lectura":"5 minutos"},"schema":{"@context":"https:\/\/schema.org","@graph":[{"@type":"WebPage","@id":"https:\/\/refugeeresearch.net\/education\/open-access-learning\/","url":"https:\/\/refugeeresearch.net\/education\/open-access-learning\/","name":"Open Access LearningAprendizaje de Acceso Abierto\u0627\u0644\u062a\u0639\u0644\u064a\u0645 \u0627\u0644\u0627\u0644\u0643\u062a\u0631\u0648\u0646\u064a \u0627\u0644\u0645\u0641\u062a\u0648\u062dMasomo Ya Wazi - (English) Refugee Research Network","isPartOf":{"@id":"https:\/\/refugeeresearch.net\/#website"},"datePublished":"2015-01-16T22:40:21+00:00","breadcrumb":{"@id":"https:\/\/refugeeresearch.net\/education\/open-access-learning\/#breadcrumb"},"inLanguage":"es","potentialAction":[{"@type":"ReadAction","target":["https:\/\/refugeeresearch.net\/education\/open-access-learning\/"]}]},{"@type":"BreadcrumbList","@id":"https:\/\/refugeeresearch.net\/education\/open-access-learning\/#breadcrumb","itemListElement":[{"@type":"ListItem","position":1,"name":"Home","item":"https:\/\/refugeeresearch.net\/"},{"@type":"ListItem","position":2,"name":"Education","item":"https:\/\/refugeeresearch.net\/education\/"},{"@type":"ListItem","position":3,"name":"Open Access Learning"}]},{"@type":"WebSite","@id":"https:\/\/refugeeresearch.net\/#website","url":"https:\/\/refugeeresearch.net\/","name":"(English) Refugee Research Network","description":"","potentialAction":[{"@type":"SearchAction","target":{"@type":"EntryPoint","urlTemplate":"https:\/\/refugeeresearch.net\/?s={search_term_string}"},"query-input":{"@type":"PropertyValueSpecification","valueRequired":true,"valueName":"search_term_string"}}],"inLanguage":"es"}]}},"_links":{"self":[{"href":"https:\/\/refugeeresearch.net\/es\/wp-json\/wp\/v2\/pages\/325","targetHints":{"allow":["GET"]}}],"collection":[{"href":"https:\/\/refugeeresearch.net\/es\/wp-json\/wp\/v2\/pages"}],"about":[{"href":"https:\/\/refugeeresearch.net\/es\/wp-json\/wp\/v2\/types\/page"}],"author":[{"embeddable":true,"href":"https:\/\/refugeeresearch.net\/es\/wp-json\/wp\/v2\/users\/46"}],"replies":[{"embeddable":true,"href":"https:\/\/refugeeresearch.net\/es\/wp-json\/wp\/v2\/comments?post=325"}],"version-history":[{"count":0,"href":"https:\/\/refugeeresearch.net\/es\/wp-json\/wp\/v2\/pages\/325\/revisions"}],"up":[{"embeddable":true,"href":"https:\/\/refugeeresearch.net\/es\/wp-json\/wp\/v2\/pages\/322"}],"wp:attachment":[{"href":"https:\/\/refugeeresearch.net\/es\/wp-json\/wp\/v2\/media?parent=325"}],"curies":[{"name":"wp","href":"https:\/\/api.w.org\/{rel}","templated":true}]}}