{"id":431,"date":"2015-02-25T05:05:45","date_gmt":"2015-02-25T10:05:45","guid":{"rendered":"http:\/\/rrnwp.apps01.yorku.ca\/?page_id=431"},"modified":"2017-06-28T15:38:08","modified_gmt":"2017-06-28T19:38:08","slug":"about-the-rrn","status":"publish","type":"page","link":"https:\/\/refugeeresearch.net\/es\/about-the-rrn\/","title":{"rendered":"Acerca del RRN"},"content":{"rendered":"<p><\/p>\n<p>La Red de Investigaci\u00f3n sobre Refugiados (RRN) ha sido creada para movilizar y mantener una red canadiense e internacional de investigadores y centros de investigaci\u00f3n comprometidos con el estudio de los refugiados y las tem\u00e1ticas sobre migraci\u00f3n forzada y tambi\u00e9n para vincular la participaci\u00f3n tanto de los encargados de formular pol\u00edticas como de los practicantes en la b\u00fasqueda de soluciones a la dif\u00edcil situaci\u00f3n de los refugiados y las personas desplazadas.<\/p>\n<p>Esta iniciativa se ha basado en esfuerzos anteriores hacia el establecimiento de una red global de investigadores en el campo de los refugiados y la migraci\u00f3n forzada apoyada por el programa de Agrupaciones para el conocimiento SSHRC de Canad\u00e1. En 2004, con el apoyo de Dise\u00f1o de Subvenciones hacia los Grupos Estrat\u00e9gicas de Investigaci\u00f3n (Clusters) del SSHRC, el Centro de Estudios sobre Refugiados en la Universidad de York organiz\u00f3 un grupo o agrupaci\u00f3n de investigaci\u00f3n (cluster) para refugiados. En esta primera fase del proyecto nos hemos centrado en el establecimiento de relaciones entre investigadores de todo el Canad\u00e1 y en la identificaci\u00f3n de principios para guiar a un grupo de investigaci\u00f3n de refugiados, asi como en el desarrollo de una agenda de investigaci\u00f3n en colaboraci\u00f3n con colegas del sector p\u00fablico y privado y las ONG. Hemos llevado a cabo consultas en Montreal, Toronto y Edmonton con acad\u00e9micos, pol\u00edticos y profesionales sobre los temas de investigaci\u00f3n que les gustar\u00eda que se trataran y el tipo de redes de investigaci\u00f3n a los cuales ellos quisieran unirse. Se determin\u00f3 que el grupo podr\u00eda proporcionar un espacio sistem\u00e1tico y espec\u00edfico para la participaci\u00f3n sostenida e interactiva de tres sectores: investigadores canadienses e internacionales, organizaciones no gubernamentales asociadas y responsables pol\u00edticos. Este enfoque intersectorial asegurar\u00eda que los problemas identificados sean relevantes al campo de los refugiados, que las relaciones que sustentan la investigaci\u00f3n est\u00e9n en su lugar y que su difusi\u00f3n ser\u00e1 oportuna y adecuada. Decidimos que el grupo o cluster deber\u00eda basarse en las experiencias de los refugiados y de la poblaci\u00f3n de migrantes forzados y en las pr\u00e1cticas y formulaci\u00f3n de pol\u00edticas de aquellos que buscan apoyarlos; ser receptivo a las ideas emergentes de los estudiosos nuevos y los ya establecidos y a las de los profesionales practicantes, y, ser flexible, capaz de formar equipos de investigaci\u00f3n adecuados en tama\u00f1o, capacidades y perspectivas sobre las tem\u00e1ticas a examinar. Nuestra imagen sobre el grupo o cluster de investigaci\u00f3n ser\u00eda la de una red de hilos multicolores que pudiera identificar las diferentes comunidades y tendencias de investigaci\u00f3n sobre refugiados con base en Canad\u00e1, pero con alcances en todo el mundo.<\/p>\n<p>Hemos desarrollado una matriz de temas de investigaci\u00f3n de refugiados que han identificado estapas temporales clave en de la experiencia de los refugiados (pre-migraci\u00f3n, migraci\u00f3n y post-migraci\u00f3n), junto con aspectos cruciales y cuestiones relacionadas con experiencias de los refugiados (desplazamiento y protecci\u00f3n, la salud y la sanaci\u00f3n, asi como la representaci\u00f3n, la comunidad y la identidad). Un documento conceptual \u00abUna Agenda intersectorial de Investigaci\u00f3n para la Protecci\u00f3n de los Refugiados y migrantes forzados\u00bb fue enviada a SSHRC en octubre de 2005 y est\u00e1 disponible en<\/p>\n<p><a class=\"ext\" href=\"http:\/\/www.yorku.ca\/crs\/research\/refugeeresearchreport\">www.yorku.ca\/crs\/research\/refugeeresearchreport<span class=\"ext\"><span class=\"element-invisible\">(link is external)<\/span><\/span><\/a>.<\/p>\n<p>En el oto\u00f1o de 2005, nueva financiaci\u00f3n fu\u00e9 asegurada para el Programa de Agrupaciones de Investigaci\u00f3n Provisionales del SSHRC (SSHRC Clusters Interim Program). Esta financiaci\u00f3n se utiliza para fortalecer las agrupaciones de investigaci\u00f3n, apoyar las redes de investigaci\u00f3n y aumentar la difusi\u00f3n. Una nueva asociaci\u00f3n canadiense de investigadores, de encargados de la formulaci\u00f3n de pol\u00edticas, y de profesionales practicantes en el campo de refugiados y estudios de migraci\u00f3n fu\u00e9 creada. Un servidor de listas de investigaci\u00f3n sobre Refugiados se form\u00f3 y r\u00e1pidamente agrup\u00f3 a m\u00e1s de 140 miembros procedentes de Canad\u00e1 y de alrededor del mundo. Los lazos entre CRS (Centro de Estudios de Refuagiados) y el Consejo Canadiense para los Refugiados (CCR) se fortalecieron. CCR form\u00f3 un comit\u00e9 de investigaci\u00f3n con el apoyo de acad\u00e9micos de CRS para organizar presentaciones de investigaci\u00f3n en las consultas semestrales de CCR y facilitar los debates que est\u00e1n en marcha.<\/p>\n<p>En junio de 2006, CRS fue sede de la 10 \u00aa conferencia anual de la Asociaci\u00f3n Internacional para el Estudio de la Migraci\u00f3n Forzada (IASFM) y apoy\u00f3 al CCR en la organizaci\u00f3n de la Conferencia Internacional sobre Derechos de los Refugiados, ambas efectuadas en la Universidad de York. Ambas conferencias se realizaron al tiempo para maximizar el contacto y la comunicaci\u00f3n entre los acad\u00e9micos canadienses e internacionales que dirigen la conferencia mundial IASFM y aquellos profesionales practicantes de las organizaciones no gubernamentales canadienses e internacionales que asistieron a la conferencia de derechos de los refugiados. Las relaciones entre los estudiosos canadienses e internacionales y estudiantes se intensificaron al igual que la conexi\u00f3n entre el CRS y IASFM. El CRS es ahora un socio institucional del IASFM y su directora Susan McGrath es la presidente. La coordinadora del CRS Michele Millard apoya el sitio web y se encarga del servidor de listas de IASFM.<\/p>\n<p>En la conferencia de IASFM10, acad\u00e9micos y profesionales canadienses fueron invitados a reunirse y considerar la creaci\u00f3n de una asociaci\u00f3n canadiense de investigadores. La respuesta fue entusiasta. En noviembre de 2006, con el apoyo del Programa de Agrupaciones de Investigaci\u00f3n Provisionales del SSHRC, un grupo de acad\u00e9micos y estudiantes form\u00f3 la Asociaci\u00f3n Canadiense para los Refugiados y el Estudio de las Migraciones Forzadas (CARFMS).<\/p>\n<p>En los \u00faltimos tres a\u00f1os, la RRN ha comenzado a crear un nuevo espacio intelectual en la investigaci\u00f3n sobre refugiados con un rico acervo de conocimientos especializados en todo el pa\u00eds incluyendo acad\u00e9micos, profesionales y responsables pol\u00edticos que han desarrollado programas de investigaci\u00f3n activos. La red est\u00e1 teniendo un efecto sin\u00e9rgico, generando nuevos conocimientos en el campo y aumentando el impacto de ese conocimiento por medio de relaciones m\u00e1s s\u00f3lidas y nuevas estrategias de comunicaci\u00f3n. Hay una mayor conectividad entre individuos e instituciones en Canad\u00e1 y en el mundo. Est\u00e1n surgiendo nuevas asociaciones: las CARFMS, la RRN, y nuestra red global de centros de investigaci\u00f3n sobre refugiados. Con el pleno desarrollo del proyecto, la RRN estar\u00e1 bien posicionada para facilitar la conexi\u00f3n de investigadores de todo el pa\u00eds con colegas de todo el mundo, la formaci\u00f3n de grupos de investigaci\u00f3n enfocados en la legislaci\u00f3n y las pol\u00edticas p\u00fablicas, las interacciones de los acad\u00e9micos con el p\u00fablico y la pr\u00e1ctica de los sectores , y la plena transferencia de conocimiento generado local y globalmente.<\/p>\n<p><\/p>","protected":false},"excerpt":{"rendered":"<p>La Red de Investigaci\u00f3n sobre Refugiados (RRN) ha sido creada para movilizar y mantener una red canadiense e internacional de investigadores y centros de investigaci\u00f3n comprometidos con el estudio de los refugiados y las tem\u00e1ticas sobre migraci\u00f3n forzada y tambi\u00e9n para vincular la participaci\u00f3n tanto de los encargados de formular pol\u00edticas como de los practicantes &hellip; <a href=\"https:\/\/refugeeresearch.net\/es\/about-the-rrn\/\" class=\"more-link\">Seguir leyendo <span class=\"screen-reader-text\">Acerca del RRN<\/span> <span class=\"meta-nav\">&rarr;<\/span><\/a><\/p>\n","protected":false},"author":46,"featured_media":0,"parent":0,"menu_order":0,"comment_status":"closed","ping_status":"open","template":"","meta":{"_exactmetrics_skip_tracking":false,"_exactmetrics_sitenote_active":false,"_exactmetrics_sitenote_note":"","_exactmetrics_sitenote_category":0,"ngg_post_thumbnail":0,"footnotes":""},"class_list":["post-431","page","type-page","status-publish","hentry"],"yoast_head":"<!-- This site is optimized with the Yoast SEO plugin v24.7 - https:\/\/yoast.com\/wordpress\/plugins\/seo\/ -->\n<title>Acerca del RRN - (English) Refugee Research Network<\/title>\n<meta name=\"robots\" content=\"index, follow, max-snippet:-1, max-image-preview:large, max-video-preview:-1\" \/>\n<link rel=\"canonical\" href=\"https:\/\/refugeeresearch.net\/about-the-rrn\/\" \/>\n<meta property=\"og:locale\" content=\"es_ES\" \/>\n<meta property=\"og:type\" content=\"article\" \/>\n<meta property=\"og:title\" content=\"[:en]Mobilizing Refugee Research[:es]Acerca del RRN[:so]Abaabulka cilmi-baarista qaxootiga[:sw]Uhamasishaji wa Maarifa na Uhamiaji ya Kulazimishwa[:ar]\u062d\u0634\u062f \u0627\u0644\u0628\u062d\u0648\u062b \u0627\u0644\u0645\u062a\u0639\u0644\u0642\u0629 \u0628\u0627\u0644\u0644\u0627\u062c\u0626\u064a\u0646[:fr]Apropos RRN[:] - (English) Refugee Research Network\" \/>\n<meta property=\"og:description\" content=\"La Red de Investigaci\u00f3n sobre Refugiados (RRN) ha sido creada para movilizar y mantener una red canadiense e internacional de investigadores y centros de investigaci\u00f3n comprometidos con el estudio de los refugiados y las tem\u00e1ticas sobre migraci\u00f3n forzada y tambi\u00e9n para vincular la participaci\u00f3n tanto de los encargados de formular pol\u00edticas como de los practicantes &hellip; Seguir leyendo Acerca del RRN &rarr;\" \/>\n<meta property=\"og:url\" content=\"https:\/\/refugeeresearch.net\/about-the-rrn\/\" \/>\n<meta property=\"og:site_name\" content=\"(English) Refugee Research Network\" \/>\n<meta property=\"article:publisher\" content=\"https:\/\/www.facebook.com\/groups\/30614536012\" \/>\n<meta property=\"article:modified_time\" content=\"2017-06-28T19:38:08+00:00\" \/>\n<meta name=\"twitter:card\" content=\"summary_large_image\" \/>\n<meta name=\"twitter:site\" content=\"@refugeeresearch\" \/>\n<meta name=\"twitter:label1\" content=\"Tiempo de lectura\" \/>\n\t<meta name=\"twitter:data1\" content=\"18 minutos\" \/>\n<script type=\"application\/ld+json\" class=\"yoast-schema-graph\">{\"@context\":\"https:\/\/schema.org\",\"@graph\":[{\"@type\":\"WebPage\",\"@id\":\"https:\/\/refugeeresearch.net\/about-the-rrn\/\",\"url\":\"https:\/\/refugeeresearch.net\/about-the-rrn\/\",\"name\":\"[:en]Mobilizing Refugee Research[:es]Acerca del RRN[:so]Abaabulka cilmi-baarista qaxootiga[:sw]Uhamasishaji wa Maarifa na Uhamiaji ya Kulazimishwa[:ar]\u062d\u0634\u062f \u0627\u0644\u0628\u062d\u0648\u062b \u0627\u0644\u0645\u062a\u0639\u0644\u0642\u0629 \u0628\u0627\u0644\u0644\u0627\u062c\u0626\u064a\u0646[:fr]Apropos RRN[:] - (English) Refugee Research Network\",\"isPartOf\":{\"@id\":\"https:\/\/refugeeresearch.net\/#website\"},\"datePublished\":\"2015-02-25T10:05:45+00:00\",\"dateModified\":\"2017-06-28T19:38:08+00:00\",\"breadcrumb\":{\"@id\":\"https:\/\/refugeeresearch.net\/about-the-rrn\/#breadcrumb\"},\"inLanguage\":\"es\",\"potentialAction\":[{\"@type\":\"ReadAction\",\"target\":[\"https:\/\/refugeeresearch.net\/about-the-rrn\/\"]}]},{\"@type\":\"BreadcrumbList\",\"@id\":\"https:\/\/refugeeresearch.net\/about-the-rrn\/#breadcrumb\",\"itemListElement\":[{\"@type\":\"ListItem\",\"position\":1,\"name\":\"Home\",\"item\":\"https:\/\/refugeeresearch.net\/\"},{\"@type\":\"ListItem\",\"position\":2,\"name\":\"Mobilizing Refugee Research\"}]},{\"@type\":\"WebSite\",\"@id\":\"https:\/\/refugeeresearch.net\/#website\",\"url\":\"https:\/\/refugeeresearch.net\/\",\"name\":\"(English) Refugee Research Network\",\"description\":\"\",\"potentialAction\":[{\"@type\":\"SearchAction\",\"target\":{\"@type\":\"EntryPoint\",\"urlTemplate\":\"https:\/\/refugeeresearch.net\/?s={search_term_string}\"},\"query-input\":{\"@type\":\"PropertyValueSpecification\",\"valueRequired\":true,\"valueName\":\"search_term_string\"}}],\"inLanguage\":\"es\"}]}<\/script>\n<!-- \/ Yoast SEO plugin. -->","yoast_head_json":{"title":"[:en]Mobilizing Refugee Research[:es]Acerca del RRN[:so]Abaabulka cilmi-baarista qaxootiga[:sw]Uhamasishaji wa Maarifa na Uhamiaji ya Kulazimishwa[:ar]\u062d\u0634\u062f \u0627\u0644\u0628\u062d\u0648\u062b \u0627\u0644\u0645\u062a\u0639\u0644\u0642\u0629 \u0628\u0627\u0644\u0644\u0627\u062c\u0626\u064a\u0646[:fr]Apropos RRN[:] - (English) Refugee Research Network","robots":{"index":"index","follow":"follow","max-snippet":"max-snippet:-1","max-image-preview":"max-image-preview:large","max-video-preview":"max-video-preview:-1"},"canonical":"https:\/\/refugeeresearch.net\/about-the-rrn\/","og_locale":"es_ES","og_type":"article","og_title":"[:en]Mobilizing Refugee Research[:es]Acerca del RRN[:so]Abaabulka cilmi-baarista qaxootiga[:sw]Uhamasishaji wa Maarifa na Uhamiaji ya Kulazimishwa[:ar]\u062d\u0634\u062f \u0627\u0644\u0628\u062d\u0648\u062b \u0627\u0644\u0645\u062a\u0639\u0644\u0642\u0629 \u0628\u0627\u0644\u0644\u0627\u062c\u0626\u064a\u0646[:fr]Apropos RRN[:] - (English) Refugee Research Network","og_description":"La Red de Investigaci\u00f3n sobre Refugiados (RRN) ha sido creada para movilizar y mantener una red canadiense e internacional de investigadores y centros de investigaci\u00f3n comprometidos con el estudio de los refugiados y las tem\u00e1ticas sobre migraci\u00f3n forzada y tambi\u00e9n para vincular la participaci\u00f3n tanto de los encargados de formular pol\u00edticas como de los practicantes &hellip; Seguir leyendo Acerca del RRN &rarr;","og_url":"https:\/\/refugeeresearch.net\/about-the-rrn\/","og_site_name":"(English) Refugee Research Network","article_publisher":"https:\/\/www.facebook.com\/groups\/30614536012","article_modified_time":"2017-06-28T19:38:08+00:00","twitter_card":"summary_large_image","twitter_site":"@refugeeresearch","twitter_misc":{"Tiempo de lectura":"18 minutos"},"schema":{"@context":"https:\/\/schema.org","@graph":[{"@type":"WebPage","@id":"https:\/\/refugeeresearch.net\/about-the-rrn\/","url":"https:\/\/refugeeresearch.net\/about-the-rrn\/","name":"[:en]Mobilizing Refugee Research[:es]Acerca del RRN[:so]Abaabulka cilmi-baarista qaxootiga[:sw]Uhamasishaji wa Maarifa na Uhamiaji ya Kulazimishwa[:ar]\u062d\u0634\u062f \u0627\u0644\u0628\u062d\u0648\u062b \u0627\u0644\u0645\u062a\u0639\u0644\u0642\u0629 \u0628\u0627\u0644\u0644\u0627\u062c\u0626\u064a\u0646[:fr]Apropos RRN[:] - (English) Refugee Research Network","isPartOf":{"@id":"https:\/\/refugeeresearch.net\/#website"},"datePublished":"2015-02-25T10:05:45+00:00","dateModified":"2017-06-28T19:38:08+00:00","breadcrumb":{"@id":"https:\/\/refugeeresearch.net\/about-the-rrn\/#breadcrumb"},"inLanguage":"es","potentialAction":[{"@type":"ReadAction","target":["https:\/\/refugeeresearch.net\/about-the-rrn\/"]}]},{"@type":"BreadcrumbList","@id":"https:\/\/refugeeresearch.net\/about-the-rrn\/#breadcrumb","itemListElement":[{"@type":"ListItem","position":1,"name":"Home","item":"https:\/\/refugeeresearch.net\/"},{"@type":"ListItem","position":2,"name":"Mobilizing Refugee Research"}]},{"@type":"WebSite","@id":"https:\/\/refugeeresearch.net\/#website","url":"https:\/\/refugeeresearch.net\/","name":"(English) Refugee Research Network","description":"","potentialAction":[{"@type":"SearchAction","target":{"@type":"EntryPoint","urlTemplate":"https:\/\/refugeeresearch.net\/?s={search_term_string}"},"query-input":{"@type":"PropertyValueSpecification","valueRequired":true,"valueName":"search_term_string"}}],"inLanguage":"es"}]}},"_links":{"self":[{"href":"https:\/\/refugeeresearch.net\/es\/wp-json\/wp\/v2\/pages\/431","targetHints":{"allow":["GET"]}}],"collection":[{"href":"https:\/\/refugeeresearch.net\/es\/wp-json\/wp\/v2\/pages"}],"about":[{"href":"https:\/\/refugeeresearch.net\/es\/wp-json\/wp\/v2\/types\/page"}],"author":[{"embeddable":true,"href":"https:\/\/refugeeresearch.net\/es\/wp-json\/wp\/v2\/users\/46"}],"replies":[{"embeddable":true,"href":"https:\/\/refugeeresearch.net\/es\/wp-json\/wp\/v2\/comments?post=431"}],"version-history":[{"count":0,"href":"https:\/\/refugeeresearch.net\/es\/wp-json\/wp\/v2\/pages\/431\/revisions"}],"wp:attachment":[{"href":"https:\/\/refugeeresearch.net\/es\/wp-json\/wp\/v2\/media?parent=431"}],"curies":[{"name":"wp","href":"https:\/\/api.w.org\/{rel}","templated":true}]}}