{"id":246,"date":"2015-01-13T17:26:34","date_gmt":"2015-01-13T22:26:34","guid":{"rendered":"http:\/\/rrnwp.apps01.yorku.ca\/?page_id=246"},"modified":"2016-01-29T10:02:06","modified_gmt":"2016-01-29T15:02:06","slug":"methodology-production-of-knowledge-in-forced-migration-contexts-cluster","status":"publish","type":"page","link":"https:\/\/refugeeresearch.net\/sw\/rrn-research-clusters\/methodology-production-of-knowledge-in-forced-migration-contexts-cluster\/","title":{"rendered":"(English) Methodology &#038; Production of Knowledge in Forced Migration Contexts Cluster"},"content":{"rendered":"<p class=\"qtranxs-available-languages-message qtranxs-available-languages-message-sw\">Sorry, this entry is only available in <a href=\"https:\/\/refugeeresearch.net\/en\/wp-json\/wp\/v2\/pages\/246\" class=\"qtranxs-available-language-link qtranxs-available-language-link-en\" title=\"English\">English<\/a>, <a href=\"https:\/\/refugeeresearch.net\/es\/wp-json\/wp\/v2\/pages\/246\" class=\"qtranxs-available-language-link qtranxs-available-language-link-es\" title=\"Espa\u00f1ol\">Espa\u00f1ol<\/a> and <a href=\"https:\/\/refugeeresearch.net\/ar\/wp-json\/wp\/v2\/pages\/246\" class=\"qtranxs-available-language-link qtranxs-available-language-link-ar\" title=\"\u0627\u0644\u0639\u0631\u0628\u064a\u0629\">\u0627\u0644\u0639\u0631\u0628\u064a\u0629<\/a>.<\/p>","protected":false},"excerpt":{"rendered":"<p>Sorry, this entry is only available in English, Espa\u00f1ol and \u0627\u0644\u0639\u0631\u0628\u064a\u0629.<\/p>\n","protected":false},"author":46,"featured_media":0,"parent":232,"menu_order":0,"comment_status":"closed","ping_status":"open","template":"","meta":{"_exactmetrics_skip_tracking":false,"_exactmetrics_sitenote_active":false,"_exactmetrics_sitenote_note":"","_exactmetrics_sitenote_category":0,"ngg_post_thumbnail":0,"footnotes":""},"class_list":["post-246","page","type-page","status-publish","hentry"],"yoast_head":"<!-- This site is optimized with the Yoast SEO plugin v24.7 - https:\/\/yoast.com\/wordpress\/plugins\/seo\/ -->\n<title><\/title>\n<meta name=\"robots\" content=\"index, follow, max-snippet:-1, max-image-preview:large, max-video-preview:-1\" \/>\n<link rel=\"canonical\" href=\"https:\/\/refugeeresearch.net\/rrn-research-clusters\/methodology-production-of-knowledge-in-forced-migration-contexts-cluster\/\" \/>\n<meta property=\"og:locale\" content=\"en_US\" \/>\n<meta property=\"og:type\" content=\"article\" \/>\n<meta property=\"og:title\" content=\"[:en]Methodology &amp; Production of Knowledge in Forced Migration Contexts Cluster [:es]Cluster o grupo de Metodolog\u00eda y Producci\u00f3n del Conocimiento en Contextos de Migraci\u00f3n Forzada[:ar] \u0645\u062c\u0645\u0648\u0639\u0627\u062a \u0627\u0644\u0639\u0645\u0644 \u0641\u064a \u0645\u0646\u0647\u062c\u064a\u0629 \u0627\u0644\u0628\u062d\u062b \u0648\u0625\u0646\u062a\u0627\u062c \u0627\u0644\u0645\u0639\u0631\u0641\u0629 \u0641\u064a \u0633\u064a\u0627\u0642\u0627\u062a \u0627\u0644\u0647\u062c\u0631\u0629 \u0627\u0644\u0642\u0633\u0631\u064a\u0629[:] - (English) Refugee Research Network\" \/>\n<meta property=\"og:description\" content=\"Sorry, this entry is only available in English, Espa\u00f1ol and \u0627\u0644\u0639\u0631\u0628\u064a\u0629.\" \/>\n<meta property=\"og:url\" content=\"https:\/\/refugeeresearch.net\/rrn-research-clusters\/methodology-production-of-knowledge-in-forced-migration-contexts-cluster\/\" \/>\n<meta property=\"og:site_name\" content=\"(English) Refugee Research Network\" \/>\n<meta property=\"article:publisher\" content=\"https:\/\/www.facebook.com\/groups\/30614536012\" \/>\n<meta property=\"article:modified_time\" content=\"2016-01-29T15:02:06+00:00\" \/>\n<meta name=\"twitter:card\" content=\"summary_large_image\" \/>\n<meta name=\"twitter:site\" content=\"@refugeeresearch\" \/>\n<meta name=\"twitter:label1\" content=\"Est. reading time\" \/>\n\t<meta name=\"twitter:data1\" content=\"dakika 3\" \/>\n<script type=\"application\/ld+json\" class=\"yoast-schema-graph\">{\"@context\":\"https:\/\/schema.org\",\"@graph\":[{\"@type\":\"WebPage\",\"@id\":\"https:\/\/refugeeresearch.net\/rrn-research-clusters\/methodology-production-of-knowledge-in-forced-migration-contexts-cluster\/\",\"url\":\"https:\/\/refugeeresearch.net\/rrn-research-clusters\/methodology-production-of-knowledge-in-forced-migration-contexts-cluster\/\",\"name\":\"[:en]Methodology & Production of Knowledge in Forced Migration Contexts Cluster [:es]Cluster o grupo de Metodolog\u00eda y Producci\u00f3n del Conocimiento en Contextos de Migraci\u00f3n Forzada[:ar] \u0645\u062c\u0645\u0648\u0639\u0627\u062a \u0627\u0644\u0639\u0645\u0644 \u0641\u064a \u0645\u0646\u0647\u062c\u064a\u0629 \u0627\u0644\u0628\u062d\u062b \u0648\u0625\u0646\u062a\u0627\u062c \u0627\u0644\u0645\u0639\u0631\u0641\u0629 \u0641\u064a \u0633\u064a\u0627\u0642\u0627\u062a \u0627\u0644\u0647\u062c\u0631\u0629 \u0627\u0644\u0642\u0633\u0631\u064a\u0629[:] - (English) Refugee Research Network\",\"isPartOf\":{\"@id\":\"https:\/\/refugeeresearch.net\/#website\"},\"datePublished\":\"2015-01-13T22:26:34+00:00\",\"dateModified\":\"2016-01-29T15:02:06+00:00\",\"breadcrumb\":{\"@id\":\"https:\/\/refugeeresearch.net\/rrn-research-clusters\/methodology-production-of-knowledge-in-forced-migration-contexts-cluster\/#breadcrumb\"},\"inLanguage\":\"sw\",\"potentialAction\":[{\"@type\":\"ReadAction\",\"target\":[\"https:\/\/refugeeresearch.net\/rrn-research-clusters\/methodology-production-of-knowledge-in-forced-migration-contexts-cluster\/\"]}]},{\"@type\":\"BreadcrumbList\",\"@id\":\"https:\/\/refugeeresearch.net\/rrn-research-clusters\/methodology-production-of-knowledge-in-forced-migration-contexts-cluster\/#breadcrumb\",\"itemListElement\":[{\"@type\":\"ListItem\",\"position\":1,\"name\":\"Home\",\"item\":\"https:\/\/refugeeresearch.net\/\"},{\"@type\":\"ListItem\",\"position\":2,\"name\":\"RRN Research Clusters\",\"item\":\"https:\/\/refugeeresearch.net\/rrn-research-clusters\/\"},{\"@type\":\"ListItem\",\"position\":3,\"name\":\"Methodology &#038; Production of Knowledge in Forced Migration Contexts Cluster\"}]},{\"@type\":\"WebSite\",\"@id\":\"https:\/\/refugeeresearch.net\/#website\",\"url\":\"https:\/\/refugeeresearch.net\/\",\"name\":\"(English) Refugee Research Network\",\"description\":\"\",\"potentialAction\":[{\"@type\":\"SearchAction\",\"target\":{\"@type\":\"EntryPoint\",\"urlTemplate\":\"https:\/\/refugeeresearch.net\/?s={search_term_string}\"},\"query-input\":{\"@type\":\"PropertyValueSpecification\",\"valueRequired\":true,\"valueName\":\"search_term_string\"}}],\"inLanguage\":\"sw\"}]}<\/script>\n<!-- \/ Yoast SEO plugin. -->","yoast_head_json":{"title":"[:en]Methodology & Production of Knowledge in Forced Migration Contexts Cluster [:es]Cluster o grupo de Metodolog\u00eda y Producci\u00f3n del Conocimiento en Contextos de Migraci\u00f3n Forzada[:ar] \u0645\u062c\u0645\u0648\u0639\u0627\u062a \u0627\u0644\u0639\u0645\u0644 \u0641\u064a \u0645\u0646\u0647\u062c\u064a\u0629 \u0627\u0644\u0628\u062d\u062b \u0648\u0625\u0646\u062a\u0627\u062c \u0627\u0644\u0645\u0639\u0631\u0641\u0629 \u0641\u064a \u0633\u064a\u0627\u0642\u0627\u062a \u0627\u0644\u0647\u062c\u0631\u0629 \u0627\u0644\u0642\u0633\u0631\u064a\u0629[:] - (English) Refugee Research Network","robots":{"index":"index","follow":"follow","max-snippet":"max-snippet:-1","max-image-preview":"max-image-preview:large","max-video-preview":"max-video-preview:-1"},"canonical":"https:\/\/refugeeresearch.net\/rrn-research-clusters\/methodology-production-of-knowledge-in-forced-migration-contexts-cluster\/","og_locale":"en_US","og_type":"article","og_title":"[:en]Methodology & Production of Knowledge in Forced Migration Contexts Cluster [:es]Cluster o grupo de Metodolog\u00eda y Producci\u00f3n del Conocimiento en Contextos de Migraci\u00f3n Forzada[:ar] \u0645\u062c\u0645\u0648\u0639\u0627\u062a \u0627\u0644\u0639\u0645\u0644 \u0641\u064a \u0645\u0646\u0647\u062c\u064a\u0629 \u0627\u0644\u0628\u062d\u062b \u0648\u0625\u0646\u062a\u0627\u062c \u0627\u0644\u0645\u0639\u0631\u0641\u0629 \u0641\u064a \u0633\u064a\u0627\u0642\u0627\u062a \u0627\u0644\u0647\u062c\u0631\u0629 \u0627\u0644\u0642\u0633\u0631\u064a\u0629[:] - (English) Refugee Research Network","og_description":"Sorry, this entry is only available in English, Espa\u00f1ol and \u0627\u0644\u0639\u0631\u0628\u064a\u0629.","og_url":"https:\/\/refugeeresearch.net\/rrn-research-clusters\/methodology-production-of-knowledge-in-forced-migration-contexts-cluster\/","og_site_name":"(English) Refugee Research Network","article_publisher":"https:\/\/www.facebook.com\/groups\/30614536012","article_modified_time":"2016-01-29T15:02:06+00:00","twitter_card":"summary_large_image","twitter_site":"@refugeeresearch","twitter_misc":{"Est. reading time":"dakika 3"},"schema":{"@context":"https:\/\/schema.org","@graph":[{"@type":"WebPage","@id":"https:\/\/refugeeresearch.net\/rrn-research-clusters\/methodology-production-of-knowledge-in-forced-migration-contexts-cluster\/","url":"https:\/\/refugeeresearch.net\/rrn-research-clusters\/methodology-production-of-knowledge-in-forced-migration-contexts-cluster\/","name":"[:en]Methodology & Production of Knowledge in Forced Migration Contexts Cluster [:es]Cluster o grupo de Metodolog\u00eda y Producci\u00f3n del Conocimiento en Contextos de Migraci\u00f3n Forzada[:ar] \u0645\u062c\u0645\u0648\u0639\u0627\u062a \u0627\u0644\u0639\u0645\u0644 \u0641\u064a \u0645\u0646\u0647\u062c\u064a\u0629 \u0627\u0644\u0628\u062d\u062b \u0648\u0625\u0646\u062a\u0627\u062c \u0627\u0644\u0645\u0639\u0631\u0641\u0629 \u0641\u064a \u0633\u064a\u0627\u0642\u0627\u062a \u0627\u0644\u0647\u062c\u0631\u0629 \u0627\u0644\u0642\u0633\u0631\u064a\u0629[:] - (English) Refugee Research Network","isPartOf":{"@id":"https:\/\/refugeeresearch.net\/#website"},"datePublished":"2015-01-13T22:26:34+00:00","dateModified":"2016-01-29T15:02:06+00:00","breadcrumb":{"@id":"https:\/\/refugeeresearch.net\/rrn-research-clusters\/methodology-production-of-knowledge-in-forced-migration-contexts-cluster\/#breadcrumb"},"inLanguage":"sw","potentialAction":[{"@type":"ReadAction","target":["https:\/\/refugeeresearch.net\/rrn-research-clusters\/methodology-production-of-knowledge-in-forced-migration-contexts-cluster\/"]}]},{"@type":"BreadcrumbList","@id":"https:\/\/refugeeresearch.net\/rrn-research-clusters\/methodology-production-of-knowledge-in-forced-migration-contexts-cluster\/#breadcrumb","itemListElement":[{"@type":"ListItem","position":1,"name":"Home","item":"https:\/\/refugeeresearch.net\/"},{"@type":"ListItem","position":2,"name":"RRN Research Clusters","item":"https:\/\/refugeeresearch.net\/rrn-research-clusters\/"},{"@type":"ListItem","position":3,"name":"Methodology &#038; Production of Knowledge in Forced Migration Contexts Cluster"}]},{"@type":"WebSite","@id":"https:\/\/refugeeresearch.net\/#website","url":"https:\/\/refugeeresearch.net\/","name":"(English) Refugee Research Network","description":"","potentialAction":[{"@type":"SearchAction","target":{"@type":"EntryPoint","urlTemplate":"https:\/\/refugeeresearch.net\/?s={search_term_string}"},"query-input":{"@type":"PropertyValueSpecification","valueRequired":true,"valueName":"search_term_string"}}],"inLanguage":"sw"}]}},"_links":{"self":[{"href":"https:\/\/refugeeresearch.net\/sw\/wp-json\/wp\/v2\/pages\/246","targetHints":{"allow":["GET"]}}],"collection":[{"href":"https:\/\/refugeeresearch.net\/sw\/wp-json\/wp\/v2\/pages"}],"about":[{"href":"https:\/\/refugeeresearch.net\/sw\/wp-json\/wp\/v2\/types\/page"}],"author":[{"embeddable":true,"href":"https:\/\/refugeeresearch.net\/sw\/wp-json\/wp\/v2\/users\/46"}],"replies":[{"embeddable":true,"href":"https:\/\/refugeeresearch.net\/sw\/wp-json\/wp\/v2\/comments?post=246"}],"version-history":[{"count":0,"href":"https:\/\/refugeeresearch.net\/sw\/wp-json\/wp\/v2\/pages\/246\/revisions"}],"up":[{"embeddable":true,"href":"https:\/\/refugeeresearch.net\/sw\/wp-json\/wp\/v2\/pages\/232"}],"wp:attachment":[{"href":"https:\/\/refugeeresearch.net\/sw\/wp-json\/wp\/v2\/media?parent=246"}],"curies":[{"name":"wp","href":"https:\/\/api.w.org\/{rel}","templated":true}]}}